{"id":6057,"date":"2025-06-04T21:08:48","date_gmt":"2025-06-05T00:08:48","guid":{"rendered":"https:\/\/isp2-sfe.infd.edu.ar\/sitio\/?page_id=6057"},"modified":"2026-04-09T22:26:17","modified_gmt":"2026-04-10T01:26:17","slug":"ofrecimientos","status":"publish","type":"page","link":"https:\/\/isp2-sfe.infd.edu.ar\/sitio\/ofrecimientos\/","title":{"rendered":"OFRECIMIENTOS"},"content":{"rendered":"\n<p><\/p>\n\n\n\n<h2 class=\"wp-block-heading\"><mark style=\"background-color:rgba(0, 0, 0, 0)\" class=\"has-inline-color has-accent-color\">PROFESORADO EN ARTES VISUALES<\/mark><\/h2>\n\n\n\n<p>Asignatura: PR\u00c1CTICAS INVESTIGATIVAS 4\u00ba A<\/p>\n\n\n\n<p>Carga Horaria: 3 horas<\/p>\n\n\n\n<p>Docente designado: PEIRONE, AILEN NEREA<\/p>\n\n\n\n<p>Asignatura: DID\u00c1CTICA DE LAS ARTES VISUALES II 3\u00ba A<\/p>\n\n\n\n<p>Carga Horaria: 3 horas<\/p>\n\n\n\n<p>Docente designado: AGENO, Mar\u00eda Soledad<\/p>\n\n\n\n<p>Asignatura: HISTORIA SOCIAL Y POL\u00cdTICA DE LA EDUCACI\u00d3N ARGENTINA 2\u00ba A.<\/p>\n\n\n\n<p>Carga horaria: 3 horas<\/p>\n\n\n\n<p>Docente designado: SIRINI, Ivana<\/p>\n\n\n\n<p>Asignatura: PROBLEM\u00c1TICA HIST\u00d3RICA DEL ARTE I<\/p>\n\n\n\n<p>Carga horaria: 3 horas<\/p>\n\n\n\n<p>docente designado: OLIVERA, Mar\u00eda Rosa<\/p>\n\n\n\n<p>Asignatura: PROBLEM\u00c1TICA HIST\u00d3RICA DEL ARTE II<\/p>\n\n\n\n<p>Carga horaria: 3 horas<\/p>\n\n\n\n<p> Docente designado: QUERINI, Sandra<\/p>\n\n\n\n<p>Asignatura: PROBLEM\u00c1TICA DEL ARTE ARGENTINO Y LATINOAMERICANO<\/p>\n\n\n\n<p>Carga horaria: 3 horas<\/p>\n\n\n\n<p>Docente designado: GARC\u00cdA, Ana Laura<\/p>\n\n\n\n<p>Asignatura: LENGUAJE VISUAL III<\/p>\n\n\n\n<p>Carga Horaria: 3 horas<\/p>\n\n\n\n<p>Docente designado: MARTINO, Sandra<\/p>\n\n\n\n<p>Asignatura: EST\u00c9TICAS CONTEMPOR\u00c1NEAS<\/p>\n\n\n\n<p>Carga horaria: 3 horas<\/p>\n\n\n\n<p>Docente designados: GARC\u00cdA, Ana Laura<\/p>\n\n\n\n<p>Asignatura: EST\u00c9TICA<\/p>\n\n\n\n<p>Carga horaria: 3 horas<\/p>\n\n\n\n<p>Profesor designado: RAMIREZ, Diego.<\/p>\n\n\n\n<h2 class=\"wp-block-heading\"><mark style=\"background-color:rgba(0, 0, 0, 0)\" class=\"has-inline-color has-accent-color\">PROFESORADO<\/mark> <mark style=\"background-color:rgba(0, 0, 0, 0)\" class=\"has-inline-color has-accent-color\">DE EDUCACI\u00d3N SECUNDARIA EN BIOLOG\u00cdA<\/mark><\/h2>\n\n\n\n<h2 class=\"wp-block-heading\"><mark style=\"background-color:rgba(0, 0, 0, 0)\" class=\"has-inline-color has-accent-color\">PROFESORADO<\/mark> <mark style=\"background-color:rgba(0, 0, 0, 0)\" class=\"has-inline-color has-accent-color\">DE EDUCACI\u00d3N SUPERIOR EN CIENCIAS DE LA EDUCACI\u00d3N<\/mark><\/h2>\n\n\n\n<p>Asignatura: TALLER DE PR\u00c1CTICAS EDUCATIVAS III &#8211; GENERALISTA<\/p>\n\n\n\n<p>Carga horaria: 4 horas interinas<\/p>\n\n\n\n<p>Docente designado: SONATTI, Flavia<\/p>\n\n\n\n<p>Asignatura: EPISTEMOLOG\u00cdA DE LAS CIENCIAS SOCIALES <\/p>\n\n\n\n<p>Carga horaria: 4 horas<\/p>\n\n\n\n<p>Docente designado: BETTA, Lorena<\/p>\n\n\n\n<p>Asignatura: DID\u00c1CTICA Y CURRICULUM III: SEMINARIO- TALLER DE DID\u00c1CTICAS ESPEC\u00cdFICAS- ESPECIALISTA (CIENCIAS NATURALES).<\/p>\n\n\n\n<p>Carga horaria: 2 horas<\/p>\n\n\n\n<p>Docente designado: CARRERA, Mar\u00eda Fernanda<\/p>\n\n\n\n<h2 class=\"wp-block-heading\"><mark style=\"background-color:rgba(0, 0, 0, 0)\" class=\"has-inline-color has-accent-color\">PROFESORADO<\/mark> <mark style=\"background-color:rgba(0, 0, 0, 0)\" class=\"has-inline-color has-accent-color\">DE EDUCACI\u00d3N ESPECIAL<\/mark><\/h2>\n\n\n\n<p>Asignatura: FILOSOFIA 3\u00ba a\u00f1o (1\u00ba cuatrimestre)<\/p>\n\n\n\n<p>Carga horaria: 4 horas<\/p>\n\n\n\n<p>Docente designado: POLITANO, Hern\u00e1n R\u00e1ul<\/p>\n\n\n\n<p>Asignatura: TRAYECTO DE PR\u00c1CTICA: TALLER DE DOCENCIA III (ESPECIALISTA (PROFESOR DEL NIVEL)) 3\u00ba a\u00f1o<\/p>\n\n\n\n<p>Carga horaria: 3 horas<\/p>\n\n\n\n<p>Docente designado: FERRARIS, Betiana<\/p>\n\n\n\n<p>Asignatura: TALLER DE EXPRESI\u00d3N I (EDUCACI\u00d3N F\u00cdSICA) 3\u00ba A<\/p>\n\n\n\n<p>Carga horaria: 2 horas<\/p>\n\n\n\n<p>Docente designado: HERRERA, Lorena<\/p>\n\n\n\n<p>Asignatura: TALLER DE EXPRESI\u00d3N II (EDUCACI\u00d3N F\u00cdSICA) 4\u00ba A<\/p>\n\n\n\n<p>Carga horaria: 2 horas<\/p>\n\n\n\n<p>Docente designado: DELGADO, Mar\u00eda Cecilia<\/p>\n\n\n\n<h2 class=\"wp-block-heading\"><mark style=\"background-color:rgba(0, 0, 0, 0)\" class=\"has-inline-color has-accent-color\">PROFESORADO<\/mark> <mark style=\"background-color:rgba(0, 0, 0, 0)\" class=\"has-inline-color has-accent-color\">DE EDUCACI\u00d3N SECUNDARIA EN F\u00cdSICA<\/mark><\/h2>\n\n\n\n<p>Asignatura: TALLER DE PRODUCI\u00d3N DE RECURSOS DID\u00c1CTICOS 3\u00ba A<\/p>\n\n\n\n<p>Carga horaria: 2 horas<\/p>\n\n\n\n<p>Docente designado: VELASQUES, Agust\u00edn<\/p>\n\n\n\n<h2 class=\"wp-block-heading\"><mark style=\"background-color:rgba(0, 0, 0, 0)\" class=\"has-inline-color has-accent-color\">PROFESORADO<\/mark> <mark style=\"background-color:rgba(0, 0, 0, 0)\" class=\"has-inline-color has-accent-color\">DE EDUCACI\u00d3N SECUNDARIA EN GEOGRAF\u00cdA<\/mark><\/h2>\n\n\n\n<p>Asignatura: METODOLOG\u00cdA DE LA INVESTIGACI\u00d3N GEOGR\u00c1FICA (GENERALISTA)<\/p>\n\n\n\n<p>Carga horaria: 2 horas<\/p>\n\n\n\n<p>Docente designado: a ofrecer<\/p>\n\n\n\n<p>Asignatura: UNIDAD CURRICULAR OPCIONAL (4\u00ba a\u00f1o)<\/p>\n\n\n\n<p>Carga horaria: 3 horas<\/p>\n\n\n\n<p>Docente designado: PERALTA, Vanesa (reemplazante: CORIA, Bel\u00e9n)<\/p>\n\n\n\n<p>Asignatura: PR\u00c1CTICA DOCENTE (4\u00ba a\u00f1o) reemplazo Peralta, Vanesa<\/p>\n\n\n\n<p>Carga horaria: 3 horas<\/p>\n\n\n\n<p>Docente designado: COSSA, Lorena<\/p>\n\n\n\n<p>Asignatura: UNIDAD DE DEFINICI\u00d3N INSTITUCIONAL 4\u00ba a\u00f1o<\/p>\n\n\n\n<p>Carga horaria: 3 horas<\/p>\n\n\n\n<p>Docente designado: a ofrecer<\/p>\n\n\n\n<p>Asignatura: GEOGRAF\u00cdA POL\u00cdTICA 4\u00ba a\u00f1o reemplazo Abad\u00eda, Victoria<\/p>\n\n\n\n<p>Carga horaria: 3 horas<\/p>\n\n\n\n<p>Docente designado: ROS\u00c9, Melanie<\/p>\n\n\n\n<p>Asignatura: METODOLOG\u00cdA DE LA INVESTIGACI\u00d3N GEOGR\u00c1FICA- ESPECIALISTA GEOGRAF\u00cdA<\/p>\n\n\n\n<p>Carga horaria: 2 horas<\/p>\n\n\n\n<p>Docente designado: PERALTA, Vanesa (reemplazante CORIA, Angeles Bel\u00e9n)<\/p>\n\n\n\n<p>Asignatura: GEOGRAF\u00cdA ARGENTINA II 4\u00ba A<\/p>\n\n\n\n<p>Carga horaria: 5 horas<\/p>\n\n\n\n<p>Docente Asignado: MANERA, Luisina<\/p>\n\n\n\n<h2 class=\"wp-block-heading\"><mark style=\"background-color:rgba(0, 0, 0, 0)\" class=\"has-inline-color has-accent-color\">PROFESORADO<\/mark> <mark style=\"background-color:rgba(0, 0, 0, 0)\" class=\"has-inline-color has-accent-color\">DE EDUCACI\u00d3N SECUNDARIA EN HISTORIA<\/mark><\/h2>\n\n\n\n<p>Asignatura: UCO 1 A<\/p>\n\n\n\n<p>carga horaria: 4 horas<\/p>\n\n\n\n<p>Docente designado: EMMERT, Mar\u00eda Eugenia<\/p>\n\n\n\n<p>Asignatura: UNIDAD DE DEFINICI\u00d3N INSTITUCIONAL  3 A<\/p>\n\n\n\n<p>Carga horaria: 2 horas <\/p>\n\n\n\n<p>Docente designado: ROSSETTO, Fabricio<\/p>\n\n\n\n<h2 class=\"wp-block-heading\"><mark style=\"background-color:rgba(0, 0, 0, 0)\" class=\"has-inline-color has-accent-color\">PROFESORADO<\/mark> <mark style=\"background-color:rgba(0, 0, 0, 0)\" class=\"has-inline-color has-accent-color\">DE  INGL\u00c9S PARA EDUCACI\u00d3N SECUNDARIA<\/mark><\/h2>\n\n\n\n<h2 class=\"wp-block-heading\"><mark style=\"background-color:rgba(0, 0, 0, 0)\" class=\"has-inline-color has-accent-color\">PROFESORADO<\/mark> <mark style=\"background-color:rgba(0, 0, 0, 0)\" class=\"has-inline-color has-accent-color\">DE EDUCACI\u00d3N INICIAL<\/mark><\/h2>\n\n\n\n<p>Asignatura: PEDAGOG\u00cdA 1\u00baB<\/p>\n\n\n\n<p>Carga horaria: 4 horas<\/p>\n\n\n\n<p>Docente designado: a ofrecer<\/p>\n\n\n\n<p>Asignatura: TALLER DE PR\u00c1CTICA IV &#8211; ESPECIALISTA (PROFESOR DE EDUCACI\u00d3N INICIAL)<\/p>\n\n\n\n<p>Carga horaria: 3 horas<\/p>\n\n\n\n<p>Docente designado: a ofrecer<\/p>\n\n\n\n<p>Asignatura: MATEM\u00c1TICA Y SU DID\u00c1CTICA I<\/p>\n\n\n\n<p>Carga horaria: 4 horas<\/p>\n\n\n\n<p>Docente designado: MU\u00d1OZ, Nadia <\/p>\n\n\n\n<p>Asignatura: ATENEO: MATEM\u00c1TICA 4\u00ba A<\/p>\n\n\n\n<p>Carga horaria: 3 horas.<\/p>\n\n\n\n<p>Docente asignado: ROMANO, Mariana Milagros<\/p>\n\n\n\n<p>Asignatura: TALLER DE PR\u00c1CTICA III (GENERALISTA) 3\u00ba A<\/p>\n\n\n\n<p>Carga horaria: 8 horas<\/p>\n\n\n\n<p>Docente asignado: BARRETO, VICTORIA ELOISA<\/p>\n\n\n\n<p>Asignatura: TALLER DE PR\u00c1CTICA IV (GENERALISTA) 4\u00ba A<\/p>\n\n\n\n<p>Carga Horaria: 9 horas.<\/p>\n\n\n\n<p>Docente designado: a ofrecer<\/p>\n\n\n\n<p>Asignatura: \u00c1REA EST\u00c9TICO-EXPRESIVA I (LENGUAJE CORPORAL) 1\u00ba B<\/p>\n\n\n\n<p>Carga horaria: 3 horas<\/p>\n\n\n\n<p>Docente designado: HERRERA, Lorena<\/p>\n\n\n\n<p>Asignatura: \u00c1REA EST\u00c9TICO-EXPRESIVA II (EDUCACI\u00d3N F\u00cdSICA) 3 A<\/p>\n\n\n\n<p>Carga Horaria: 3 horas<\/p>\n\n\n\n<p>Docente designado: HERRERA, Lorena.<\/p>\n\n\n\n<h2 class=\"wp-block-heading\"><mark style=\"background-color:rgba(0, 0, 0, 0)\" class=\"has-inline-color has-accent-color\">PROFESORADO<\/mark> <mark style=\"background-color:rgba(0, 0, 0, 0)\" class=\"has-inline-color has-accent-color\">DE EDUCACI\u00d3N SECUNDARIA EN LENGUA Y LITERATURA <\/mark><\/h2>\n\n\n\n<p>Asignatura: LECTURAS CR\u00cdTICAS I<\/p>\n\n\n\n<p>Carga horaria: 4 horas<\/p>\n\n\n\n<p>Docente designado: ACOSTA, Mar\u00eda Beatriz<\/p>\n\n\n\n<p>Asignatura: METODOLOG\u00cdA Y PR\u00c1CTICAS DE LA INVESTIGACI\u00d3N 4\u00ba a\u00f1o<\/p>\n\n\n\n<p>Carga horaria: 3 horas<\/p>\n\n\n\n<p>Docente designado: SIRINI, Ivana<\/p>\n\n\n\n<p>Asignatura: UNIDAD CURRICULAR OPCIONAL 2\u00ba a\u00f1o<\/p>\n\n\n\n<p>Carga horaria: 3 horas.<\/p>\n\n\n\n<p>Docente designado: A ofrecer<\/p>\n\n\n\n<p>Asignatura: EDUCACI\u00d3N SEXUAL INTEGRAL (ESI) 4\u00ba A<\/p>\n\n\n\n<p>Carga Horaria: 3 horas.<\/p>\n\n\n\n<p>Docente designado: ROSILLO, Ana Paula<\/p>\n\n\n\n<p>Asignatura: UCCV: MOVIMIENTOS ART\u00cdSTICOS Y PROYECTOS CULTURALES 1-A<\/p>\n\n\n\n<p>Carga horaria: 3 horas<\/p>\n\n\n\n<p>Profesor designado: ACOSTA, Mar\u00eda Beatriz<\/p>\n\n\n\n<h2 class=\"wp-block-heading\"><mark style=\"background-color:rgba(0, 0, 0, 0)\" class=\"has-inline-color has-accent-color\">PROFESORADO<\/mark> <mark style=\"background-color:rgba(0, 0, 0, 0)\" class=\"has-inline-color has-accent-color\">DE EDUCACI\u00d3N SECUNDARIA EN MATEM\u00c1TICA<\/mark><\/h2>\n\n\n\n<p>Asignatura: GEOMETR\u00cdA I<\/p>\n\n\n\n<p>Carga horaria: 5 horas <\/p>\n\n\n\n<p>Profesor designado: MONGES, Luciano <\/p>\n\n\n\n<p>Materia: PR\u00c1CTICA DOCENTE I: ESCENARIOS EDUCATIVOS (ESPECIALISTA MATEM\u00c1TICA) 1\u00ba A<\/p>\n\n\n\n<p>Carga horaria: 4 horas<\/p>\n\n\n\n<p>Docente desinado: MU\u00d1OZ, Nadia Magali.<\/p>\n\n\n\n<h2 class=\"wp-block-heading\"><mark style=\"background-color:rgba(0, 0, 0, 0)\" class=\"has-inline-color has-accent-color\">PROFESORADO<\/mark> <mark style=\"background-color:rgba(0, 0, 0, 0)\" class=\"has-inline-color has-accent-color\">DE  M\u00daSICA<\/mark><\/h2>\n\n\n\n<p>Asignatura: PR\u00c1CTICA DOCENTE III (GENERALISTA) 3\u00ba a\u00f1o<\/p>\n\n\n\n<p>Carga horaria: 6 horas<\/p>\n\n\n\n<p>Docente designado: HUBELI, Romina<\/p>\n\n\n\n<p>Asignatura: HISTORIA SOCIAL Y POL\u00cdTICA DE LA EDUCACI\u00d3N ARGENTINA<\/p>\n\n\n\n<p>Carga horaria: 3 horas<\/p>\n\n\n\n<p>Profesor designado: SIRINI, Ivana<\/p>\n\n\n\n<p>Asignatura: UCCV: PROBLEM\u00c1TICA DE LA CULTURA ARGENTINA Y LATINOAMERICANA<\/p>\n\n\n\n<p>Carga horaria: 3 horas.<\/p>\n\n\n\n<p>Profesor designado: BETTA, Lorena<\/p>\n\n\n\n<p>Asignatura: EST\u00c9TICA<\/p>\n\n\n\n<p>Carga horaria: 3 horas <\/p>\n\n\n\n<p>Profesor designado: BETTA, Lorena<\/p>\n\n\n\n<h2 class=\"wp-block-heading\"><mark style=\"background-color:rgba(0, 0, 0, 0)\" class=\"has-inline-color has-accent-color\">PROFESORADO<\/mark> <mark style=\"background-color:rgba(0, 0, 0, 0)\" class=\"has-inline-color has-accent-color\">DE EDUCACI\u00d3N PRIMARIA<\/mark><\/h2>\n\n\n\n<p>Asignatura: TALLER DE PR\u00c1CTICA IV (ESPECIALISTA &#8211; PROFESOR DEL NIVEL)<\/p>\n\n\n\n<p>Carga horaria: 9 horas<\/p>\n\n\n\n<p>Profesor designado: a ofrecer<\/p>\n\n\n\n<p>Asignatura: MATEM\u00c1TICA Y SU DID\u00c1CTICA II 3\u00baA <\/p>\n\n\n\n<p>Carga horaria: 4 horas<\/p>\n\n\n\n<p>Profesor designado: BERTERO, Mar\u00eda Cecilia<\/p>\n\n\n\n<p>Asignatura: TALLER DE PR\u00c1CTICA IV &#8211; GENERALISTA (4\u00ba a\u00f1o)<\/p>\n\n\n\n<p>Carga horaria: 9 horas<\/p>\n\n\n\n<p>Docente designado: a ofrecer<\/p>\n\n\n\n<p>Asignatura: LENGUA Y SU DID\u00c1CTICA 2\u00baA<\/p>\n\n\n\n<p>Carga horaria: 4 horas<\/p>\n\n\n\n<p>Profesor designado: AUDERO, Laura<\/p>\n\n\n\n<p>Asignatura: HISTORIA SOCIAL DE LA EDUCACI\u00d3N Y POL\u00cdTICA EDUCATIVA ARGENTINA 3\u00ba A<\/p>\n\n\n\n<p>Carga horaria: 3 horas<\/p>\n\n\n\n<p>Docente designado: ZANUTTINI, B\u00e1rbara<\/p>\n\n\n\n<p>Asignatura: SOCIOLOG\u00cdA DE LA EDUCACI\u00d3N 1\u00baA<\/p>\n\n\n\n<p>Carga horaria: 2 horas <\/p>\n\n\n\n<p>Docente designado: GIORGIS, Mar\u00eda Noel<\/p>\n\n\n\n<p>Asignatura: SOCIOLOG\u00cdA DE LA EDUCACI\u00d3N 1\u00baB<\/p>\n\n\n\n<p>Carga horaria: 2 horas<\/p>\n\n\n\n<p>Docente designado: CORRENTI, Magal\u00ed<\/p>\n\n\n\n<p>Asignatura:PROBLEM\u00c1TICAS CONTEMPOR\u00c1NEAS DE LA EDUCACI\u00d3N PRIMARIA II- ESPECIALISTA (ED. J\u00d3VENES Y ADULTOS)<\/p>\n\n\n\n<p>Docente designado: RUATTA, Mar\u00eda Cecilia<\/p>\n\n\n\n<p>Carga horaria: 3 horas.<\/p>\n\n\n\n<p>Asignatura: LENGUA Y SU DID\u00c1CTICA 2\u00ba A<\/p>\n\n\n\n<p>Docente designado: Acosta, Mar\u00eda Beatriz.<\/p>\n\n\n\n<p>Carga horaria: 4 horas.<\/p>\n\n\n\n<p>Asignatura: LENGUA Y SU DID\u00c1CTICA 2\u00ba B<\/p>\n\n\n\n<p>Docente designado: AUDERO, Laura<\/p>\n\n\n\n<p>Carga horaria: 4 horas.<\/p>\n\n\n\n<p>Asignatura : \u00c1REA EST\u00c9TICO-EXPRESIVA II (EDUCACI\u00d3N F\u00cdSICA) 3\u00ba A<\/p>\n\n\n\n<p>Docente Designado: Delgado, Mar\u00eda Cecilia<\/p>\n\n\n\n<p>Carga horaria: 3 horas<\/p>\n\n\n\n<h2 class=\"wp-block-heading\"><mark style=\"background-color:rgba(0, 0, 0, 0)\" class=\"has-inline-color has-accent-color\">TECNICATURA SUPERIOR EN ENFERMER\u00cdA<\/mark><\/h2>\n\n\n\n<p>Asignatura: ORGANIZACI\u00d3N Y GESTI\u00d3N EN INSTITUCIONES DE SALUD (3\u00ba Enfermer\u00eda)<\/p>\n\n\n\n<p>Carga horaria: 3 horas<\/p>\n\n\n\n<p>Docente designado: a ofrecer<\/p>\n\n\n\n<p>Asignatura: INVESTIGACI\u00d3N EN ENFERMER\u00cdA 3\u00ba a\u00f1o<\/p>\n\n\n\n<p>Carga horaria: 3 horas<\/p>\n\n\n\n<p>Docente designado: GODOY, Nancy<\/p>\n\n\n\n<h2 class=\"wp-block-heading\"><mark style=\"background-color:rgba(0, 0, 0, 0)\" class=\"has-inline-color has-accent-color\">TECNICATURA SUPERIOR EN GESTI\u00d3N DE LAS ORGANIZACIONES<\/mark><\/h2>\n\n\n\n<p>Asignatura: GESTI\u00d3N DE LA PRODUCCI\u00d3N 1\u00baB<\/p>\n\n\n\n<p>Carga horaria: 5 horas<\/p>\n\n\n\n<p>Docente designado: a ofrecer<\/p>\n\n\n\n<p>Asignatura: INNOVACI\u00d3N Y DESARROLLO EMPRENDEDOR 2\u00baA<\/p>\n\n\n\n<p>Carga horaria: 3 horas<\/p>\n\n\n\n<p>Docente designado: VIVAS, Sandra<\/p>\n\n\n\n<p>Asignatura: PROBLEM\u00c1TICAS SOCIOCONTEMPORANEAS 2\u00baB (1\u00ba cuatrimestre)<\/p>\n\n\n\n<p>Carga horaria: 3 horas<\/p>\n\n\n\n<p>Docente designado: TOANI, Emiliana<\/p>\n\n\n\n<p>Asignatura: Gesti\u00f3n de comercializaci\u00f3n e Investigaci\u00f3n comercial<\/p>\n\n\n\n<p>Carga horaria: 3 horas<\/p>\n\n\n\n<p>Docente designado: VIVAS, Sandra<\/p>\n\n\n\n<h2 class=\"wp-block-heading\"><mark style=\"background-color:rgba(0, 0, 0, 0)\" class=\"has-inline-color has-accent-color\">TECNICATURA SUPERIOR EN LOG\u00cdSTICA<\/mark><\/h2>\n\n\n\n<p>Asignatura: Innovaci\u00f3n y Desarrollo Emprendedor<\/p>\n\n\n\n<p>Carga horaria: 3 horas<\/p>\n\n\n\n<p>Docente designado: EKERMANN, Giorgina <\/p>\n\n\n\n<p>Asignatura: PROBLEM\u00c1TICAS SOCIO CONTEMPORANEAS  2\u00ba A\u00d1O (1\u00ba cuatrimestre)<\/p>\n\n\n\n<p>Carga horaria: 3 horas<\/p>\n\n\n\n<p>Docente designado: TOANI, Emiliana<\/p>\n\n\n\n<h2 class=\"wp-block-heading\"><mark style=\"background-color:rgba(0, 0, 0, 0)\" class=\"has-inline-color has-accent-color\">TECNICATURA SUPERIOR EN  DESARROLLO DE SOFTWARE<\/mark><\/h2>\n\n\n\n<p><\/p>\n\n\n\n<h2 class=\"wp-block-heading\"> <\/h2>\n\n\n\n<p><\/p>\n","protected":false},"excerpt":{"rendered":"<p>PROFESORADO EN ARTES VISUALES Asignatura: PR\u00c1CTICAS INVESTIGATIVAS 4\u00ba A Carga Horaria: 3 horas Docente designado: PEIRONE, AILEN NEREA Asignatura: DID\u00c1CTICA DE LAS ARTES VISUALES II 3\u00ba A Carga Horaria: 3 horas Docente designado: AGENO, Mar\u00eda Soledad Asignatura: HISTORIA SOCIAL Y POL\u00cdTICA DE LA EDUCACI\u00d3N ARGENTINA 2\u00ba A. Carga horaria: 3 horas Docente designado: SIRINI, Ivana &#8230; <a title=\"OFRECIMIENTOS\" class=\"read-more\" href=\"https:\/\/isp2-sfe.infd.edu.ar\/sitio\/ofrecimientos\/\" aria-label=\"More on OFRECIMIENTOS\">[+]<\/a><\/p>\n","protected":false},"author":8201,"featured_media":0,"parent":0,"menu_order":0,"comment_status":"closed","ping_status":"closed","template":"","meta":[],"acf":[],"_links":{"self":[{"href":"https:\/\/isp2-sfe.infd.edu.ar\/sitio\/wp-json\/wp\/v2\/pages\/6057"}],"collection":[{"href":"https:\/\/isp2-sfe.infd.edu.ar\/sitio\/wp-json\/wp\/v2\/pages"}],"about":[{"href":"https:\/\/isp2-sfe.infd.edu.ar\/sitio\/wp-json\/wp\/v2\/types\/page"}],"author":[{"embeddable":true,"href":"https:\/\/isp2-sfe.infd.edu.ar\/sitio\/wp-json\/wp\/v2\/users\/8201"}],"replies":[{"embeddable":true,"href":"https:\/\/isp2-sfe.infd.edu.ar\/sitio\/wp-json\/wp\/v2\/comments?post=6057"}],"version-history":[{"count":117,"href":"https:\/\/isp2-sfe.infd.edu.ar\/sitio\/wp-json\/wp\/v2\/pages\/6057\/revisions"}],"predecessor-version":[{"id":7154,"href":"https:\/\/isp2-sfe.infd.edu.ar\/sitio\/wp-json\/wp\/v2\/pages\/6057\/revisions\/7154"}],"wp:attachment":[{"href":"https:\/\/isp2-sfe.infd.edu.ar\/sitio\/wp-json\/wp\/v2\/media?parent=6057"}],"curies":[{"name":"wp","href":"https:\/\/api.w.org\/{rel}","templated":true}]}}