{"id":5763,"date":"2025-04-10T10:48:03","date_gmt":"2025-04-10T13:48:03","guid":{"rendered":"https:\/\/isp2-sfe.infd.edu.ar\/sitio\/?page_id=5763"},"modified":"2025-04-14T09:09:17","modified_gmt":"2025-04-14T12:09:17","slug":"servicio-interbibliotecario","status":"publish","type":"page","link":"https:\/\/isp2-sfe.infd.edu.ar\/sitio\/servicio-interbibliotecario\/","title":{"rendered":"SERVICIO INTERBIBLIOTECARIO"},"content":{"rendered":"\n<p>A partir de un convenio generado por el CUR (Consejo Universitario de Rafaela), entre BIBLIOTECAS de universidades e institutos educativos de nivel superior, se ofrece el SERVICIO INTERBIBLIOTECARIO: todos los docentes y alumnos pueden solicitar b\u00fasquedas bibliogr\u00e1ficas en las distintas casas de estudios.<\/p>\n\n\n\n<p>Las bibliotecas de estos centros de estudios ponen a disposici\u00f3n sus fondos bibliogr\u00e1ficos y digitales para que nuestros docentes y alumnos puedan acceder a ellos, ampliar la oferta de bibliograf\u00eda y sea facilitada la b\u00fasqueda bibliogr\u00e1fica tanto impresa como digital.<\/p>\n\n\n\n<p>Mediante los <strong>cat\u00e1logos online<\/strong> de cada instituci\u00f3n se podr\u00e1 conocer la disponibilidad del material bibliogr\u00e1fico y digital. En caso de que la instituci\u00f3n no cuente con cat\u00e1logo online se puede solicitar la b\u00fasqueda bibliogr\u00e1fica mediante el correo electr\u00f3nico, tel\u00e9fono o bien personalmente.<\/p>\n\n\n\n<p>Se en listan m\u00e1s abajo las universidades e Institutos con las direcciones de sus cat\u00e1logos en l\u00ednea o correos electr\u00f3nicos de aquella casa que no posee dicho cat\u00e1logo.<\/p>\n\n\n\n<p>La biblioteca 14 de Abril del ISP2 ofrece este SERVICIO INTERBIBLIOTECARIO para ser consultado presencialmente por docentes y alumnos&nbsp; de las dem\u00e1s instituciones educativas, en la modalidad <strong>CONSULTA EN SALA<\/strong>.<\/p>\n\n\n\n<p>El cat\u00e1logo online de la colecci\u00f3n bibliogr\u00e1fica de la Biblioteca&nbsp; 14 de Abril es <a href=\"https:\/\/isp2-sfe.infd.edu.ar\/sitio\/catalogo-2\/\">https:\/\/isp2-sfe.infd.edu.ar\/sitio\/catalogo-2\/<\/a>&nbsp; y el Cat\u00e1logo Digital, correspondiente a los Trabajos Acad\u00e9micos del Repositorio Institucional Digitales <a href=\"https:\/\/isp2-sfe.infd.edu.ar\/sitio\/catalogo-digital\/\">https:\/\/isp2-sfe.infd.edu.ar\/sitio\/catalogo-digital\/<\/a><\/p>\n\n\n\n<p>Para m\u00e1s informaci\u00f3n, consultar al Instagram@biblioteca14deabril, a <a href=\"mailto:biblioteca.isp2@gmail.com\">biblioteca.isp2@gmail.com<\/a>, a 03492 432441 int. 105 o personalmente en nuestra biblioteca.&nbsp;&nbsp;&nbsp;&nbsp;&nbsp;<\/p>\n\n\n\n<figure class=\"wp-block-table\"><table><tbody><tr><td><strong>Universidad \/ Instituto<\/strong><\/td><td><strong>Cat\u00e1logo online o correo electr\u00f3nico<\/strong><\/td><td><strong>Carreras del ISP2<\/strong><\/td><\/tr><tr><td>ISP2<\/td><td><a rel=\"noreferrer noopener\" href=\"https:\/\/isp2-sfe.infd.edu.ar\/sitio\/catalogo-2\/\" target=\"_blank\">https:\/\/isp2-sfe.infd.edu.ar\/sitio\/catalogo-2\/<\/a> \u00a0 <br><a rel=\"noreferrer noopener\" href=\"https:\/\/isp2-sfe.infd.edu.ar\/sitio\/catalogo-digital\/\" target=\"_blank\">https:\/\/isp2-sfe.infd.edu.ar\/sitio\/catalogo-digital\/<\/a> <br><strong><u>(Cat\u00e1logo y Acceso Digital a los Trabajos Acad\u00e9micos)<\/u><\/strong><\/td><td>&nbsp;<\/td><\/tr><tr><td>UNRAF<\/td><td><a href=\"https:\/\/isp2-sfe.infd.edu.ar\/sitio\/catalogo-digital\/\" target=\"_blank\" rel=\"noreferrer noopener\">https:\/\/isp2-sfe.infd.edu.ar\/sitio\/catalogo-digital\/<\/a><\/td><td>Enfermer\u00eda <br>Gesti\u00f3n de las Organizaciones <br>Profesorado de Educaci\u00f3n Inicial <br>Profesorado de\u00a0 Educaci\u00f3n Primaria <br>Profesorado de Educaci\u00f3n Especial <br>Profesorado de Ciencias de la Educaci\u00f3n <br>Profesorado de Artes Visuales <br>Log\u00edstica <br>Software<\/td><\/tr><tr><td>UCSF<\/td><td>Consultas: <a href=\"mailto:mcomas@ucsf.edu.ar\">mcomas@ucsf.edu.ar<\/a><\/td><td>Enfermer\u00eda<br>Gesti\u00f3n de las Organizaciones<br>Log\u00edstica<\/td><\/tr><tr><td>UTN<\/td><td>&nbsp;<\/td><td>Enfermer\u00eda<br>Software<br>Gesti\u00f3n de las Organizaciones<br>Log\u00edstica<\/td><\/tr><tr><td>UCSE<\/td><td><a href=\"http:\/\/opac.ucse.edu.ar\/\" target=\"_blank\" rel=\"noreferrer noopener\">http:\/\/opac.ucse.edu.ar\/<\/a><\/td><td>Enfermer\u00eda<br>Gesti\u00f3n de las Organizaciones<br>Log\u00edstica<br>Profesorado de Educaci\u00f3n Inicial<br>Profesorado de\u00a0 Educaci\u00f3n Primaria<br>Profesorado de Educaci\u00f3n Especial<br>Profesorado de Ciencias de la Educaci\u00f3n<\/td><\/tr><tr><td>UCES<\/td><td><a rel=\"noreferrer noopener\" href=\"https:\/\/catalogo.uces.edu.ar\/\" target=\"_blank\">https:\/\/catalogo.uces.edu.ar\/<\/a><strong><u>Sede Rafaela<\/u><\/strong><\/td><td>Enfermer\u00eda <br>Gesti\u00f3n de las Organizaciones<br>Log\u00edstica<br>Profesorado de Educaci\u00f3n Inicial<br>Profesorado de\u00a0 Educaci\u00f3n Primaria<br>Profesorado de Educaci\u00f3n Especial<br>Profesorado de Ciencias de la Educaci\u00f3n<\/td><\/tr><tr><td>ITEC<\/td><td>&nbsp;<\/td><td>Enfermer\u00eda<br>Gesti\u00f3n de las Organizaciones<br>Software<\/td><\/tr><tr><td>MUNICIPAL<\/td><td><a href=\"https:\/\/www.rafaela.gob.ar\/Biblioteca\/Consulta\/\" target=\"_blank\" rel=\"noreferrer noopener\">https:\/\/www.rafaela.gob.ar\/Biblioteca\/Consulta\/<\/a><\/td><td>Profesorado de Lengua y Literatura<br>Profesorado de Educaci\u00f3n Inicial<br>Profesorado de\u00a0 Educaci\u00f3n Primaria<br>Profesorado de Ciencias de la Educaci\u00f3n<br>Profesorado de Historia<br>Profesorado de Arte<br>Profesorado de Geograf\u00eda<\/td><\/tr><\/tbody><\/table><\/figure>\n\n\n\n<p><strong>Bib. In\u00e9s Neiff<\/strong><\/p>\n\n\n\n<p><strong>Lic. Fabiana Jaime<\/strong><\/p>\n\n\n\n<p><\/p>\n","protected":false},"excerpt":{"rendered":"<p>A partir de un convenio generado por el CUR (Consejo Universitario de Rafaela), entre BIBLIOTECAS de universidades e institutos educativos de nivel superior, se ofrece el SERVICIO INTERBIBLIOTECARIO: todos los docentes y alumnos pueden solicitar b\u00fasquedas bibliogr\u00e1ficas en las distintas casas de estudios. Las bibliotecas de estos centros de estudios ponen a disposici\u00f3n sus fondos &#8230; <a title=\"SERVICIO INTERBIBLIOTECARIO\" class=\"read-more\" href=\"https:\/\/isp2-sfe.infd.edu.ar\/sitio\/servicio-interbibliotecario\/\" aria-label=\"More on SERVICIO INTERBIBLIOTECARIO\">[+]<\/a><\/p>\n","protected":false},"author":3999,"featured_media":0,"parent":0,"menu_order":0,"comment_status":"closed","ping_status":"closed","template":"","meta":[],"acf":[],"_links":{"self":[{"href":"https:\/\/isp2-sfe.infd.edu.ar\/sitio\/wp-json\/wp\/v2\/pages\/5763"}],"collection":[{"href":"https:\/\/isp2-sfe.infd.edu.ar\/sitio\/wp-json\/wp\/v2\/pages"}],"about":[{"href":"https:\/\/isp2-sfe.infd.edu.ar\/sitio\/wp-json\/wp\/v2\/types\/page"}],"author":[{"embeddable":true,"href":"https:\/\/isp2-sfe.infd.edu.ar\/sitio\/wp-json\/wp\/v2\/users\/3999"}],"replies":[{"embeddable":true,"href":"https:\/\/isp2-sfe.infd.edu.ar\/sitio\/wp-json\/wp\/v2\/comments?post=5763"}],"version-history":[{"count":2,"href":"https:\/\/isp2-sfe.infd.edu.ar\/sitio\/wp-json\/wp\/v2\/pages\/5763\/revisions"}],"predecessor-version":[{"id":5790,"href":"https:\/\/isp2-sfe.infd.edu.ar\/sitio\/wp-json\/wp\/v2\/pages\/5763\/revisions\/5790"}],"wp:attachment":[{"href":"https:\/\/isp2-sfe.infd.edu.ar\/sitio\/wp-json\/wp\/v2\/media?parent=5763"}],"curies":[{"name":"wp","href":"https:\/\/api.w.org\/{rel}","templated":true}]}}