{"id":5715,"date":"2025-04-01T18:11:25","date_gmt":"2025-04-01T21:11:25","guid":{"rendered":"https:\/\/isp2-sfe.infd.edu.ar\/sitio\/?page_id=5715"},"modified":"2025-04-01T18:11:27","modified_gmt":"2025-04-01T21:11:27","slug":"liga-deportiva-cur-inscripcion-2025","status":"publish","type":"page","link":"https:\/\/isp2-sfe.infd.edu.ar\/sitio\/liga-deportiva-cur-inscripcion-2025\/","title":{"rendered":"Liga deportiva CUR &#8211; inscripci\u00f3n 2025"},"content":{"rendered":"\n<p class=\"has-medium-font-size\">El instituto va a participar en las siguientes disciplinas.<\/p>\n\n\n\n<p class=\"has-medium-font-size\"><strong>F\u00fatbol masculino<\/strong><\/p>\n\n\n\n<p class=\"has-medium-font-size\"><strong>V\u00f3ley masculino<\/strong><\/p>\n\n\n\n<p class=\"has-medium-font-size\"><strong>V\u00f3ley femenino<\/strong><\/p>\n\n\n\n<p class=\"has-medium-font-size\">Si sab\u00e9s jugar y quer\u00e9s participar, inscribite en esta <a href=\"https:\/\/forms.gle\/UksrRW7xCjqDMgKo6\" target=\"_blank\" rel=\"noreferrer noopener\">PLANILLA<\/a><\/p>\n\n\n\n<p><\/p>\n","protected":false},"excerpt":{"rendered":"<p>El instituto va a participar en las siguientes disciplinas. F\u00fatbol masculino V\u00f3ley masculino V\u00f3ley femenino Si sab\u00e9s jugar y quer\u00e9s participar, inscribite en esta PLANILLA<\/p>\n","protected":false},"author":3975,"featured_media":0,"parent":0,"menu_order":0,"comment_status":"closed","ping_status":"closed","template":"","meta":[],"acf":[],"_links":{"self":[{"href":"https:\/\/isp2-sfe.infd.edu.ar\/sitio\/wp-json\/wp\/v2\/pages\/5715"}],"collection":[{"href":"https:\/\/isp2-sfe.infd.edu.ar\/sitio\/wp-json\/wp\/v2\/pages"}],"about":[{"href":"https:\/\/isp2-sfe.infd.edu.ar\/sitio\/wp-json\/wp\/v2\/types\/page"}],"author":[{"embeddable":true,"href":"https:\/\/isp2-sfe.infd.edu.ar\/sitio\/wp-json\/wp\/v2\/users\/3975"}],"replies":[{"embeddable":true,"href":"https:\/\/isp2-sfe.infd.edu.ar\/sitio\/wp-json\/wp\/v2\/comments?post=5715"}],"version-history":[{"count":1,"href":"https:\/\/isp2-sfe.infd.edu.ar\/sitio\/wp-json\/wp\/v2\/pages\/5715\/revisions"}],"predecessor-version":[{"id":5716,"href":"https:\/\/isp2-sfe.infd.edu.ar\/sitio\/wp-json\/wp\/v2\/pages\/5715\/revisions\/5716"}],"wp:attachment":[{"href":"https:\/\/isp2-sfe.infd.edu.ar\/sitio\/wp-json\/wp\/v2\/media?parent=5715"}],"curies":[{"name":"wp","href":"https:\/\/api.w.org\/{rel}","templated":true}]}}