{"id":4820,"date":"2024-03-06T12:01:04","date_gmt":"2024-03-06T15:01:04","guid":{"rendered":"https:\/\/isp2-sfe.infd.edu.ar\/sitio\/?page_id=4820"},"modified":"2026-03-13T17:48:01","modified_gmt":"2026-03-13T20:48:01","slug":"sorteo-tec-sup-en-enfermeria-2025","status":"publish","type":"page","link":"https:\/\/isp2-sfe.infd.edu.ar\/sitio\/sorteo-tec-sup-en-enfermeria-2025\/","title":{"rendered":"SORTEO TEC. SUP. EN ENFERMER\u00cdA 2026"},"content":{"rendered":"\n<p><strong><em><u><a href=\"https:\/\/isp2-sfe.infd.edu.ar\/sitio\/wp-content\/uploads\/2025\/03\/INSTRUCTIVO-SORTEO-LOTERIA-PROVINCIAL_2025.pdf\">INSTRUCTIVO SORTEO LOTER\u00cdA PROVINCIAL<\/a><\/u><\/em><\/strong><\/p>\n\n\n\n<hr class=\"wp-block-separator has-alpha-channel-opacity\"\/>\n\n\n\n<p>A continuaci\u00f3n damos a conocer el n\u00famero de orden y DNI de los preinscriptos a la Tecnicatura en Enfermer\u00eda. Ante cualquier reclamo presentarse en Dpto de Alumnos con la planilla de preinscripci\u00f3n hasta el <strong>viernes 27 de febrero 12 hs<\/strong>, sin excepci\u00f3n.<\/p>\n\n\n\n<p><a href=\"https:\/\/isp2-sfe.infd.edu.ar\/sitio\/wp-content\/uploads\/2026\/02\/No_orden.pdf\">Listado N\u00ba de orden.<\/a> <\/p>\n\n\n\n<p><a href=\"https:\/\/isp2-sfe.infd.edu.ar\/sitio\/wp-content\/uploads\/2026\/02\/No_orden_definitivo.pdf\">Listado N\u00ba de orden definitivo (con rectificaciones)<\/a><\/p>\n\n\n\n<p><a href=\"https:\/\/www.youtube.com\/live\/YjQ9DciyNVI\">Link sorteo de ENFERMER\u00cdA: 03 de marzo 7:00 hs. <\/a><a href=\"https:\/\/isp2-sfe.infd.edu.ar\/sitio\/wp-content\/uploads\/2026\/03\/Resultado-sorteo.pdf\">Resultado del sorteo.<\/a><\/p>\n\n\n\n<p><\/p>\n\n\n\n<p><a href=\"https:\/\/isp2-sfe.infd.edu.ar\/sitio\/wp-content\/uploads\/2026\/03\/sorteo_titulares.pdf\">Favorecidos en el sorteo: titulares ingresantes.<\/a> Fecha l\u00edmite entrega de documentaci\u00f3n: 10 de marzo de 2026 12 hs. <\/p>\n\n\n\n<p>1 <a href=\"https:\/\/isp2-sfe.infd.edu.ar\/sitio\/wp-content\/uploads\/2026\/03\/1_nonima_suplentes.pdf\">N\u00f3mina de suplentes.<\/a> Fecha l\u00edmite entrega de documentaci\u00f3n: 13 de marzo de 2026 12 hs. <\/p>\n\n\n\n<p>2 <a rel=\"noreferrer noopener\" href=\"https:\/\/isp2-sfe.infd.edu.ar\/sitio\/wp-content\/uploads\/2026\/03\/2_nonima_suplentes.pdf\" target=\"_blank\">N\u00f3mina de suplentes.<\/a> Fecha l\u00edmite entrega de documentaci\u00f3n: 18 de marzo de 2026 12 hs. <\/p>\n\n\n\n<p>Los favorecidos en el sorteo, deber\u00e1n presentar la documentaci\u00f3n requerida en Departamento de Alumnos de 8.00 a 20.00 hs.<\/p>\n\n\n\n<p><strong>La documentaci\u00f3n a presentar es la siguiente:<\/strong><\/p>\n\n\n\n<p>1. DNI (Fotocopia legalizada anverso y reverso)<\/p>\n\n\n\n<p>2.&nbsp; T\u00edtulo de Nivel Medio \u2013 (Fotocopia legalizada)<\/p>\n\n\n\n<p>3. Certificado de Salud&nbsp;(extendido por organismo&nbsp;oficial o m\u00e9dico particular)<\/p>\n\n\n\n<p>4. 2 fotos 4\u00d74 tipo carnet actualizada&nbsp;(apellido&nbsp;y nombre al dorso)<\/p>\n\n\n\n<p>5. Carnet de vacunas completo (fotocopia)<\/p>\n\n\n\n<p>6. Aporte para Asociaci\u00f3n Cooperadora: $40.000 <\/p>\n\n\n\n<p><\/p>\n\n\n\n<p>&#8212;&#8212;&#8212;&#8212;&#8212;&#8212;&#8212;&#8212;&#8212;&#8212;&#8212;&#8212;&#8212;&#8212;&#8212;&#8212;&#8212;&#8212;&#8212;&#8212;&#8212;&#8212;&#8212;&#8212;&#8212;&#8212;&#8212;&#8212;&#8212;&#8212;&#8212;&#8212;&#8212;&#8212;&#8212;&#8212;&#8212;&#8212;&#8212;&#8212;&#8212;&#8212;&#8212;&#8212;&#8212;&#8212;&#8212;&#8212;&#8212;&#8212;&#8211;<\/p>\n\n\n\n<p><\/p>\n\n\n\n<p><strong>FECHA DE SORTEO POR LOTER\u00cdA DE SANTA FE: <\/strong>03\/03\/2026<\/p>\n\n\n\n<p class=\"has-medium-font-size\"><\/p>\n\n\n\n<p><\/p>\n","protected":false},"excerpt":{"rendered":"<p>INSTRUCTIVO SORTEO LOTER\u00cdA PROVINCIAL A continuaci\u00f3n damos a conocer el n\u00famero de orden y DNI de los preinscriptos a la Tecnicatura en Enfermer\u00eda. Ante cualquier reclamo presentarse en Dpto de Alumnos con la planilla de preinscripci\u00f3n hasta el viernes 27 de febrero 12 hs, sin excepci\u00f3n. Listado N\u00ba de orden. Listado N\u00ba de orden definitivo &#8230; <a title=\"SORTEO TEC. SUP. EN ENFERMER\u00cdA 2026\" class=\"read-more\" href=\"https:\/\/isp2-sfe.infd.edu.ar\/sitio\/sorteo-tec-sup-en-enfermeria-2025\/\" aria-label=\"More on SORTEO TEC. SUP. EN ENFERMER\u00cdA 2026\">[+]<\/a><\/p>\n","protected":false},"author":3999,"featured_media":0,"parent":0,"menu_order":0,"comment_status":"closed","ping_status":"closed","template":"","meta":[],"acf":[],"_links":{"self":[{"href":"https:\/\/isp2-sfe.infd.edu.ar\/sitio\/wp-json\/wp\/v2\/pages\/4820"}],"collection":[{"href":"https:\/\/isp2-sfe.infd.edu.ar\/sitio\/wp-json\/wp\/v2\/pages"}],"about":[{"href":"https:\/\/isp2-sfe.infd.edu.ar\/sitio\/wp-json\/wp\/v2\/types\/page"}],"author":[{"embeddable":true,"href":"https:\/\/isp2-sfe.infd.edu.ar\/sitio\/wp-json\/wp\/v2\/users\/3999"}],"replies":[{"embeddable":true,"href":"https:\/\/isp2-sfe.infd.edu.ar\/sitio\/wp-json\/wp\/v2\/comments?post=4820"}],"version-history":[{"count":46,"href":"https:\/\/isp2-sfe.infd.edu.ar\/sitio\/wp-json\/wp\/v2\/pages\/4820\/revisions"}],"predecessor-version":[{"id":6948,"href":"https:\/\/isp2-sfe.infd.edu.ar\/sitio\/wp-json\/wp\/v2\/pages\/4820\/revisions\/6948"}],"wp:attachment":[{"href":"https:\/\/isp2-sfe.infd.edu.ar\/sitio\/wp-json\/wp\/v2\/media?parent=4820"}],"curies":[{"name":"wp","href":"https:\/\/api.w.org\/{rel}","templated":true}]}}