{"id":4015,"date":"2022-12-16T19:43:30","date_gmt":"2022-12-16T22:43:30","guid":{"rendered":"https:\/\/isp2-sfe.infd.edu.ar\/sitio\/?page_id=4015"},"modified":"2025-11-19T08:30:28","modified_gmt":"2025-11-19T11:30:28","slug":"cuadernillos-cam-2024-prof-de-musica","status":"publish","type":"page","link":"https:\/\/isp2-sfe.infd.edu.ar\/sitio\/cuadernillos-cam-2024-prof-de-musica\/","title":{"rendered":"Profesorado de M\u00fasica &#8211; Cuadernillos Examen de Ingreso 2026"},"content":{"rendered":"\n<p>Material Audio CAM &#8211;<a href=\"https:\/\/isp2-sfe.infd.edu.ar\/sitio\/wp-content\/uploads\/2024\/12\/Material-Ingreso-Audio-CAM-2025.pdf\"> Link para descargar el material<\/a><\/p>\n\n\n\n<p>Cuadernillo  Pr\u00e1ctica Vocal CAM &#8211; Canto Colectivo &#8211; <a href=\"https:\/\/isp2-sfe.infd.edu.ar\/sitio\/wp-content\/uploads\/2023\/12\/Cuadernillo-Canto-Colectivo.pdf\">Link para descargar el material<\/a><\/p>\n\n\n\n<p>Cuadernillo  Pr\u00e1ctica Vocal CAM &#8211; Canto Individual &#8211; <a href=\"https:\/\/isp2-sfe.infd.edu.ar\/sitio\/wp-content\/uploads\/2023\/12\/Cuadernillo-Canto-Individual.pdf\">Link para descargar el material<\/a> <\/p>\n\n\n\n<p>Examen Ingreso. Pr\u00e1ctica Vocal CAM 2024 &#8211; <a href=\"https:\/\/isp2-sfe.infd.edu.ar\/sitio\/wp-content\/uploads\/2023\/12\/Examen-Ingreso.-Practica-Vocal-CAM-2024.pdf\">Link para descargar el material<\/a><\/p>\n\n\n\n<p>Piano CAM  &#8211; <a href=\"https:\/\/isp2-sfe.infd.edu.ar\/sitio\/wp-content\/uploads\/2024\/12\/Piano-CAM-2025.pdf\"> <\/a><a href=\"https:\/\/drive.google.com\/file\/d\/1JCFSICxSDntQHknGkgHW0HmiuOd0vk6L\/view?usp=sharing\">Link para descargar el material<\/a><\/p>\n\n\n\n<p>Guitarra CAM &#8211; <a href=\"https:\/\/drive.google.com\/file\/d\/17pDkzU4IXTXk1bsUb_wKXbfcGBJQwGC9\/view\">Link para descargar el material<\/a><\/p>\n","protected":false},"excerpt":{"rendered":"<p>Material Audio CAM &#8211; Link para descargar el material Cuadernillo Pr\u00e1ctica Vocal CAM &#8211; Canto Colectivo &#8211; Link para descargar el material Cuadernillo Pr\u00e1ctica Vocal CAM &#8211; Canto Individual &#8211; Link para descargar el material Examen Ingreso. Pr\u00e1ctica Vocal CAM 2024 &#8211; Link para descargar el material Piano CAM &#8211; Link para descargar el material &#8230; <a title=\"Profesorado de M\u00fasica &#8211; Cuadernillos Examen de Ingreso 2026\" class=\"read-more\" href=\"https:\/\/isp2-sfe.infd.edu.ar\/sitio\/cuadernillos-cam-2024-prof-de-musica\/\" aria-label=\"More on Profesorado de M\u00fasica &#8211; Cuadernillos Examen de Ingreso 2026\">[+]<\/a><\/p>\n","protected":false},"author":3975,"featured_media":0,"parent":0,"menu_order":0,"comment_status":"closed","ping_status":"closed","template":"","meta":[],"acf":[],"_links":{"self":[{"href":"https:\/\/isp2-sfe.infd.edu.ar\/sitio\/wp-json\/wp\/v2\/pages\/4015"}],"collection":[{"href":"https:\/\/isp2-sfe.infd.edu.ar\/sitio\/wp-json\/wp\/v2\/pages"}],"about":[{"href":"https:\/\/isp2-sfe.infd.edu.ar\/sitio\/wp-json\/wp\/v2\/types\/page"}],"author":[{"embeddable":true,"href":"https:\/\/isp2-sfe.infd.edu.ar\/sitio\/wp-json\/wp\/v2\/users\/3975"}],"replies":[{"embeddable":true,"href":"https:\/\/isp2-sfe.infd.edu.ar\/sitio\/wp-json\/wp\/v2\/comments?post=4015"}],"version-history":[{"count":26,"href":"https:\/\/isp2-sfe.infd.edu.ar\/sitio\/wp-json\/wp\/v2\/pages\/4015\/revisions"}],"predecessor-version":[{"id":6760,"href":"https:\/\/isp2-sfe.infd.edu.ar\/sitio\/wp-json\/wp\/v2\/pages\/4015\/revisions\/6760"}],"wp:attachment":[{"href":"https:\/\/isp2-sfe.infd.edu.ar\/sitio\/wp-json\/wp\/v2\/media?parent=4015"}],"curies":[{"name":"wp","href":"https:\/\/api.w.org\/{rel}","templated":true}]}}