{"id":3310,"date":"2022-05-05T17:01:04","date_gmt":"2022-05-05T20:01:04","guid":{"rendered":"https:\/\/isp2-sfe.infd.edu.ar\/sitio\/?page_id=3310"},"modified":"2025-04-28T07:48:28","modified_gmt":"2025-04-28T10:48:28","slug":"preguntas-frecuentes","status":"publish","type":"page","link":"https:\/\/isp2-sfe.infd.edu.ar\/sitio\/preguntas-frecuentes\/","title":{"rendered":"Preguntas frecuentes"},"content":{"rendered":"\n<p class=\"has-text-align-center has-medium-font-size\"><strong><span class=\"has-inline-color has-vivid-red-color\">Soy docente de la instituci\u00f3n. \u00bfQu\u00e9 documentaci\u00f3n debo presentar?<\/span><\/strong><\/p>\n\n\n\n<p>                    Se debe completar el <strong>legajo docente<\/strong>, compuesto por:<\/p>\n\n\n\n<p>                    a) Documentos que se actualizan peri\u00f3dicamente (al menos una vez al a\u00f1o o cuando haya cambios):<\/p>\n\n\n\n<ol type=\"I\">\n<li>Declaraci\u00f3n jurada virtual de horas y cargos: completar formulario en Mi Legajo. Con firma y sello de todas las instituciones. Se presenta en formato papel en secretar\u00eda en el mes de abril y se actualiza cuando corresponda <a href=\"https:\/\/isp2-sfe.infd.edu.ar\/sitio\/wp-content\/uploads\/2022\/11\/Res-0750-22-Declaracion-jurada-hs-y-cargos-virtual.pdf\" target=\"_blank\" rel=\"noreferrer noopener\">(Manual de Usuario)<\/a><\/li>\n\n\n\n<li>Declaraci\u00f3n jurada de datos personales: se completa el siguiente formulario a pincipios de cada a\u00f1o: <a href=\"https:\/\/docs.google.com\/forms\/d\/e\/1FAIpQLSc6hx6MU3Alk8qoyNStobIZTELXcD-PciZpmqrj5LV4XYuMMA\/viewform\" target=\"_blank\" rel=\"noreferrer noopener\">https:\/\/docs.google.com\/forms\/d\/e\/1FAIpQLSc6hx6MU3Alk8qoyNStobIZTELXcD-PciZpmqrj5LV4XYuMMA\/viewform<\/a><\/li>\n\n\n\n<li>Declaraci\u00f3n jurada de familiares a cargo: se completa entre el 1 de enero y el 28 de febrero de cada a\u00f1o en Intranet (Educaci\u00f3n\u2192Familiares a cargo). En el mes de marzo se presenta en formato papel en secretar\u00eda la planilla generada por el sistema, con la firma correspondiente. Acceso a Intranet: <a href=\"https:\/\/sso.santafe.gov.ar\/service-auth\/login?service=https:\/\/www.santafe.gov.ar\/intranetv2\/login\">https:\/\/sso.santafe.gov.ar\/service-auth\/login?service=https:\/\/www.santafe.gov.ar\/intranetv2\/login<\/a><\/li>\n<\/ol>\n\n\n\n<p><em>[Agentes que NO la hayan completado al 28\/02 o que deban comunicar alguna novedad, comunicarse con la Delegaci\u00f3n Regional indicando el motivo del env\u00edo y adjuntar formulario con todos sus datos personales completos, as\u00ed como los de sus familiares a cargo. region3ddjjfliar@santafe.gov.ar]<\/em><\/p>\n\n\n\n<p>                    b) Documentos que se presentan cuando se ingresa a la Instituci\u00f3n (se actualiza en caso de nueva documentaci\u00f3n):<\/p>\n\n\n\n<p>Enviar por mail a <a href=\"mailto:isp2rafaela@gmail.com\">isp2rafaela@gmail.com<\/a> copia digital de:<\/p>\n\n\n\n<ul>\n<li>DNI<\/li>\n\n\n\n<li>Carpeta m\u00e9dica<\/li>\n\n\n\n<li>T\u00edtulos (pregrado, grado y posgrado)<\/li>\n<\/ul>\n\n\n\n<p>Reconocimiento de servicios (solo en los casos en los que se haya solicitado esta documentaci\u00f3n a ANSES y a los fines de documentar el pedido realizado ante el Ministerio de c\u00f3mputo de los a\u00f1os trabajados fuera del \u00e1mbito educativo provincial)<\/p>\n\n\n\n<p><\/p>\n\n\n\n<p class=\"has-text-align-center has-medium-font-size\"><strong><span class=\"has-inline-color has-vivid-red-color\">\u00bfC\u00f3mo solicito una licencia?<\/span><\/strong><\/p>\n\n\n\n<p>Toda licencia debe solicitarse v\u00eda mail a <a href=\"mailto:prosecretariaisp2@gmail.com\">prosecretariaisp2@gmail.com<\/a>, indicando la siguiente informaci\u00f3n:<\/p>\n\n\n\n<ul>\n<li>Nombre y apellido<\/li>\n\n\n\n<li>Fecha de inicio y fin de licencia<\/li>\n\n\n\n<li>Art\u00edculo de licencia<\/li>\n\n\n\n<li>Materia\/s y carrera\/s<\/li>\n\n\n\n<li>Cantidad de horas por materia<\/li>\n\n\n\n<li>Horarios<\/li>\n<\/ul>\n\n\n\n<p class=\"has-text-align-center has-medium-font-size\"><strong><span class=\"has-inline-color has-vivid-red-color\">\u00bfCu\u00e1l es el reglamento de licencias docentes de la provincia de Santa Fe?<\/span><\/strong><\/p>\n\n\n\n<p>El decreto 4597\/83 es el Reglamento de licencias, justificaciones, franquicias y examen de aptitud psicof\u00edsica para el personal docente y auxiliar docente dependiente del Ministerio de Educaci\u00f3n de la provincia de Santa Fe. <a href=\"https:\/\/www.santafe.gov.ar\/index.php\/educacion\/content\/download\/234221\/1232018\/file\/Decreto%20N%C2%BA%204597-83%20-%20para%20Auxiliar%20Administrativo.pdf\">https:\/\/www.santafe.gov.ar\/index.php\/educacion\/content\/download\/234221\/1232018\/file\/Decreto%20N%C2%BA%204597-83%20-%20para%20Auxiliar%20Administrativo.pdf<\/a><\/p>\n\n\n\n<p class=\"has-text-align-center has-medium-font-size\"><mark style=\"background-color:rgba(0, 0, 0, 0)\" class=\"has-inline-color has-vivid-red-color\"><strong>\u00bfQu\u00e9 documentaci\u00f3n debo presentar en caso de licencia?<\/strong><\/mark><\/p>\n\n\n\n<p>Las licencias del personal docente se subdividen en administrativas y m\u00e9dicas:<\/p>\n\n\n\n<ol type=\"a\">\n<li>Licencias administrativas: formulario LA completo en cada uno de sus campos + constancia cuando corresponda., seg\u00fan 4597\/83 <a href=\"https:\/\/www.santafe.gov.ar\/index.php\/content\/download\/98555\/486119\/file\/Formulario\">https:\/\/www.santafe.gov.ar\/index.php\/content\/download\/98555\/486119\/file\/Formulario<\/a><\/li>\n\n\n\n<li>Licencias m\u00e9dicas: certificado m\u00e9dico (el que dispone el Ministerio de Educaci\u00f3n). <a href=\"https:\/\/www.santafe.gov.ar\/index.php\/educacion\/content\/download\/270247\/1409542\/file\/Modelo%20certificado%20m%C3%A9dico.pdf\" target=\"_blank\" rel=\"noreferrer noopener\">Descargar CERTIFICADO M\u00c9DICO<\/a><\/li>\n<\/ol>\n\n\n\n<p>La documentaci\u00f3n se presenta en Secretar\u00eda hasta 72 hs. h\u00e1biles posteriores a la solicitud de licencia, a los fines de su justificaci\u00f3n de acuerdo a la reglamentaci\u00f3n vigente.<\/p>\n\n\n\n<p class=\"has-text-align-center has-medium-font-size\"><strong><span class=\"has-inline-color has-vivid-red-color\">\u00bfC\u00f3mo tramito una licencia m\u00e9dica?<\/span><\/strong><\/p>\n\n\n\n<p>El tr\u00e1mite se detalla en el Subportal de Educaci\u00f3n. <a href=\"https:\/\/www.santafe.gov.ar\/index.php\/educacion\/guia\/get_tree_by_node?node_id=226962\">https:\/\/www.santafe.gov.ar\/index.php\/educacion\/guia\/get_tree_by_node?node_id=226962<\/a><\/p>\n\n\n\n<p>El \u00fanico certificado que aprueba el Ministerio de Educaci\u00f3n es el que este pone a disposici\u00f3n. Se debe llevar impreso a la consulta m\u00e9dica. <a href=\"https:\/\/www.santafe.gov.ar\/index.php\/educacion\/content\/download\/270247\/1409542\/file\/Modelo%20certificado%20m%C3%A9dico.pdf\" target=\"_blank\" rel=\"noreferrer noopener\">Descargar CERTIFICADO M\u00c9DICO<\/a><\/p>\n\n\n\n<p class=\"has-text-align-center has-medium-font-size\"><strong><span class=\"has-inline-color has-vivid-red-color\">\u00bfD\u00f3nde encuentro los datos para completar las licencias administrativas?<\/span><\/strong><\/p>\n\n\n\n<p>Los formularios L.A. (licencias administrativas) deben presentarse completos en todos sus campos (desde la fecha de solicitud hasta la firma). A continuaci\u00f3n detallamos algunos datos que pueden ayudar en esa tarea:<\/p>\n\n\n\n<ul>\n<li>Cod. Presup.: 5002 (es el que corresponde a este Instituto. Es el n\u00famero que se detalla en la esquina superior derecha del recibo de sueldo)<\/li>\n\n\n\n<li>Decreto: 4597\/83<\/li>\n\n\n\n<li>Art\u00edculo e inciso: ver codigario de licencias (que resume el decreto 4597\/83). Completarlo siempre.<\/li>\n\n\n\n<li>Datos hs. c\u00e1tedra y\/o cargos: disponibles en Mi Legajo\u2192Desempe\u00f1os\u2192Cargos\/Horas (en caso de reemplazos que se renuevan, el campo \u201cFecha pos.\u201d se completa con la fecha de la primera toma de posesi\u00f3n. Guardar este dato) <a href=\"https:\/\/www.santafe.gob.ar\/milegajo\/#\/usr\/login\">https:\/\/www.santafe.gob.ar\/milegajo\/#\/usr\/login<\/a><\/li>\n<\/ul>\n\n\n\n<p class=\"has-text-align-center has-medium-font-size\"><strong><span class=\"has-inline-color has-vivid-red-color\">\u00bfCu\u00e1l es la reglamentaci\u00f3n que regula la carrera docente?<\/span><\/strong><\/p>\n\n\n\n<p>El <a href=\"https:\/\/www.santafe.gov.ar\/index.php\/educacion\/guia\/banners?id=147128\" target=\"_blank\" rel=\"noreferrer noopener\">decreto 3029\/12<\/a> regula la carrera docente en la provincia de Santa Fe. Recomendamos su lectura as\u00ed como la de toda la reglamentaci\u00f3n que ponemos a disposici\u00f3n en la secci\u00f3n \u201cNormativa\u201d de este sitio.<\/p>\n\n\n\n<p><\/p>\n\n\n\n<p class=\"has-text-align-center has-medium-font-size\"><strong><span class=\"has-inline-color has-vivid-red-color\">\u00bfQue a<strong>rt\u00edculos de licencia no afectan el cobro del incentivo asistencia perfecta?<\/strong><\/span><\/strong><\/p>\n\n\n\n<p>\u00abLos siguientes art\u00edculos no computar\u00e1n como inasistencias a los fines del incentivo: 27\u00ba, 28\u00b0, 29\u00ba, 30\u00ba, 31\u00ba, 36\u00ba, 41\u00ba bis del Decreto N\u00ba 4597\/83.\u00bb<\/p>\n\n\n\n<p>DECRETO N\u00b0 1002 &#8211; 12 de julio de 2024<\/p>\n\n\n\n<p>&#8212;&#8212;&#8212;&#8212;&#8212;&#8212;&#8212;&#8212;&#8212;&#8212;&#8212;&#8212;&#8212;&#8212;&#8212;&#8212;&#8212;&#8212;&#8212;&#8212;&#8212;&#8212;&#8212;<\/p>\n\n\n\n<p class=\"has-medium-font-size\"><strong>Documentos PDF<\/strong><\/p>\n\n\n\n<p><a rel=\"noreferrer noopener\" href=\"https:\/\/isp2-sfe.infd.edu.ar\/sitio\/wp-content\/uploads\/2022\/05\/2205-Preguntas-frecuentes-docentes-pagina-web.pdf\" target=\"_blank\">Preguntas frecuentes<\/a><\/p>\n\n\n\n<p><a rel=\"noreferrer noopener\" href=\"https:\/\/isp2-sfe.infd.edu.ar\/sitio\/wp-content\/uploads\/2022\/05\/Certificado-medico.pdf\" target=\"_blank\">Certificado m\u00e9dico<\/a><\/p>\n\n\n\n<p><a rel=\"noreferrer noopener\" href=\"https:\/\/isp2-sfe.infd.edu.ar\/sitio\/wp-content\/uploads\/2022\/05\/codigario_ausencias_docentes.pdf\" target=\"_blank\">Codigario de ausencias<\/a><\/p>\n\n\n\n<p><a rel=\"noreferrer noopener\" href=\"https:\/\/isp2-sfe.infd.edu.ar\/sitio\/wp-content\/uploads\/2022\/05\/Decreto-No-4597-83-para-Auxiliar-Administrativo.pdf\" target=\"_blank\">Decreto 4597\/83<\/a><\/p>\n\n\n\n<p><a href=\"https:\/\/isp2-sfe.infd.edu.ar\/sitio\/wp-content\/uploads\/2022\/05\/Formulario-LA-01-solicitud-de-licencia.pdf\" target=\"_blank\" rel=\"noreferrer noopener\">Formulario LA-01<\/a><\/p>\n","protected":false},"excerpt":{"rendered":"<p>Soy docente de la instituci\u00f3n. \u00bfQu\u00e9 documentaci\u00f3n debo presentar? Se debe completar el legajo docente, compuesto por: a) Documentos que se actualizan peri\u00f3dicamente (al menos una vez al a\u00f1o o cuando haya cambios): [Agentes que NO la hayan completado al 28\/02 o que deban comunicar alguna novedad, comunicarse con la Delegaci\u00f3n Regional indicando el motivo &#8230; <a title=\"Preguntas frecuentes\" class=\"read-more\" href=\"https:\/\/isp2-sfe.infd.edu.ar\/sitio\/preguntas-frecuentes\/\" aria-label=\"More on Preguntas frecuentes\">[+]<\/a><\/p>\n","protected":false},"author":3975,"featured_media":0,"parent":0,"menu_order":0,"comment_status":"closed","ping_status":"closed","template":"","meta":[],"acf":[],"_links":{"self":[{"href":"https:\/\/isp2-sfe.infd.edu.ar\/sitio\/wp-json\/wp\/v2\/pages\/3310"}],"collection":[{"href":"https:\/\/isp2-sfe.infd.edu.ar\/sitio\/wp-json\/wp\/v2\/pages"}],"about":[{"href":"https:\/\/isp2-sfe.infd.edu.ar\/sitio\/wp-json\/wp\/v2\/types\/page"}],"author":[{"embeddable":true,"href":"https:\/\/isp2-sfe.infd.edu.ar\/sitio\/wp-json\/wp\/v2\/users\/3975"}],"replies":[{"embeddable":true,"href":"https:\/\/isp2-sfe.infd.edu.ar\/sitio\/wp-json\/wp\/v2\/comments?post=3310"}],"version-history":[{"count":9,"href":"https:\/\/isp2-sfe.infd.edu.ar\/sitio\/wp-json\/wp\/v2\/pages\/3310\/revisions"}],"predecessor-version":[{"id":5846,"href":"https:\/\/isp2-sfe.infd.edu.ar\/sitio\/wp-json\/wp\/v2\/pages\/3310\/revisions\/5846"}],"wp:attachment":[{"href":"https:\/\/isp2-sfe.infd.edu.ar\/sitio\/wp-json\/wp\/v2\/media?parent=3310"}],"curies":[{"name":"wp","href":"https:\/\/api.w.org\/{rel}","templated":true}]}}