{"id":3064,"date":"2021-11-29T17:06:24","date_gmt":"2021-11-29T20:06:24","guid":{"rendered":"https:\/\/isp2-sfe.infd.edu.ar\/sitio\/?page_id=3064"},"modified":"2024-03-12T08:38:57","modified_gmt":"2024-03-12T11:38:57","slug":"informes","status":"publish","type":"page","link":"https:\/\/isp2-sfe.infd.edu.ar\/sitio\/informes\/","title":{"rendered":"Informes"},"content":{"rendered":"\n<p><strong>COOPERADORA ISP2 202<\/strong>4<\/p>\n\n\n\n<p>La Asociaci\u00f3n Cooperadora del Instituto Superior del Profesorado N\u00ba 2 es un organismo fundamental para el funcionamiento de la instituci\u00f3n. El aporte de los\/las estudiantes y docentes y las gestiones de la Cooperadora permiten sostener las funciones en el edificio escolar.<\/p>\n\n\n\n<p>Los gastos que no son cubiertos por las partidas mensuales de \u201cGastos de funcionamiento\u201d de la provincia de Santa Fe, as\u00ed como por las gestiones institucionales en los programas F.A.N.I. y F.A.E., son asumidos por la Asociaci\u00f3n Cooperadora.<\/p>\n\n\n\n<ul>\n<li>Muchos de ellos se destinan a <strong>gastos corrientes<\/strong>, como el pago del servicio de hosting de la p\u00e1gina web de la instituci\u00f3n, la compra de elementos de limpieza, de oficina, arreglos y mantenimiento.<\/li>\n\n\n\n<li>Otros solucionan <strong>necesidades institucionales urgentes<\/strong>, como la compra de bombas de agua, el arreglo de herramientas para el mantenimiento del edificio, iluminaria nueva para el ingreso de calle Pasteur e instalaci\u00f3n de timbre como medida de seguridad para el turno noche.<\/li>\n\n\n\n<li>Pero tambi\u00e9n se destinan los fondos de la Cooperadora para las <strong>c\u00e1tedras<\/strong>, como la compra de un micr\u00f3fono para el profesorado de m\u00fasica; herramientas y materiales para los talleres de artes visuales; bibliograf\u00eda actualizada para la biblioteca,<\/li>\n\n\n\n<li>as\u00ed como para acompa\u00f1ar al alumnado en su formaci\u00f3n: en ese sentido, destacamos el <strong>Programa de Becas<\/strong> de la Asociaci\u00f3n Cooperadora del Instituto Superior del Profesorado N\u00ba 2, que este a\u00f1o tuvo dos l\u00edneas de acci\u00f3n (en Comunicaci\u00f3n y para la Escuela Preparatoria de Ingl\u00e9s) en base a un concurso para seleccionar a los\/las estudiantes becadas.<\/li>\n\n\n\n<li>Cuota mensual por el servicio de \u00c1rea Protegida de EMERGER (Emergencias medicas) para todos los estudiantes y personal docente y no docente del ISP.<\/li>\n<\/ul>\n\n\n\n<p>En el documento <strong><u>Anexo<\/u><\/strong> (<a href=\"https:\/\/docs.google.com\/document\/d\/1FI9vi5pmarrakNgnZs5cAVXQFU2Rh2--\/edit\">link para descargar<\/a>), se detallan los gastos de Cooperadora y fondos invertidos de subsidios provinciales y nacionales solicitados durante el a\u00f1o 2023<\/p>\n\n\n\n<p>Es por esto que el aporte de Cooperadora es tan importante para el Instituto Superior del Profesorado N\u00ba 2: contamos con estos fondos para enfrentar las necesidades cotidianas, mientras seguimos gestionando en todos los programas que aportan econ\u00f3micamente a las instituciones escolares.<\/p>\n\n\n\n<p>Agradecemos tu colaboraci\u00f3n.<\/p>\n","protected":false},"excerpt":{"rendered":"<p>COOPERADORA ISP2 2024 La Asociaci\u00f3n Cooperadora del Instituto Superior del Profesorado N\u00ba 2 es un organismo fundamental para el funcionamiento de la instituci\u00f3n. El aporte de los\/las estudiantes y docentes y las gestiones de la Cooperadora permiten sostener las funciones en el edificio escolar. Los gastos que no son cubiertos por las partidas mensuales de &#8230; <a title=\"Informes\" class=\"read-more\" href=\"https:\/\/isp2-sfe.infd.edu.ar\/sitio\/informes\/\" aria-label=\"More on Informes\">[+]<\/a><\/p>\n","protected":false},"author":3975,"featured_media":0,"parent":0,"menu_order":0,"comment_status":"closed","ping_status":"closed","template":"","meta":[],"acf":[],"_links":{"self":[{"href":"https:\/\/isp2-sfe.infd.edu.ar\/sitio\/wp-json\/wp\/v2\/pages\/3064"}],"collection":[{"href":"https:\/\/isp2-sfe.infd.edu.ar\/sitio\/wp-json\/wp\/v2\/pages"}],"about":[{"href":"https:\/\/isp2-sfe.infd.edu.ar\/sitio\/wp-json\/wp\/v2\/types\/page"}],"author":[{"embeddable":true,"href":"https:\/\/isp2-sfe.infd.edu.ar\/sitio\/wp-json\/wp\/v2\/users\/3975"}],"replies":[{"embeddable":true,"href":"https:\/\/isp2-sfe.infd.edu.ar\/sitio\/wp-json\/wp\/v2\/comments?post=3064"}],"version-history":[{"count":2,"href":"https:\/\/isp2-sfe.infd.edu.ar\/sitio\/wp-json\/wp\/v2\/pages\/3064\/revisions"}],"predecessor-version":[{"id":4855,"href":"https:\/\/isp2-sfe.infd.edu.ar\/sitio\/wp-json\/wp\/v2\/pages\/3064\/revisions\/4855"}],"wp:attachment":[{"href":"https:\/\/isp2-sfe.infd.edu.ar\/sitio\/wp-json\/wp\/v2\/media?parent=3064"}],"curies":[{"name":"wp","href":"https:\/\/api.w.org\/{rel}","templated":true}]}}