{"id":2958,"date":"2021-09-07T13:23:53","date_gmt":"2021-09-07T16:23:53","guid":{"rendered":"https:\/\/isp2-sfe.infd.edu.ar\/sitio\/?page_id=2958"},"modified":"2023-06-26T17:57:11","modified_gmt":"2023-06-26T20:57:11","slug":"becas-de-prestacion-de-servicios","status":"publish","type":"page","link":"https:\/\/isp2-sfe.infd.edu.ar\/sitio\/becas-de-prestacion-de-servicios\/","title":{"rendered":"CONVOCATORIA ABIERTA<br>A BECAS DE PRESTACI\u00d3N DE SERVICIO EN EL ISP2"},"content":{"rendered":"\n<p>Se encuentra abierta la convocatoria para Becas de Prestaci\u00f3n de Servicios en el ISP2. Son becas para desarrollar actividades t\u00e9cnicas no administrativas que cubran necesidades de la instituci\u00f3n.<br>Desde el lunes 20\/3 hasta el viernes 31\/03 se recibir\u00e1n postulaciones para las Becas de Prestaci\u00f3n de Servicios en el ISP2.<\/p>\n\n\n\n<p>Roles a cubrir en esta Convocatoria:<br>-Un\/a becario\/a para desempe\u00f1arse en el EQUIPO DE COMUNICACI\u00d3N del ISP2. Cantidad de horas a cubrir: 3 horas semanales<\/p>\n\n\n\n<p>Quienes cumplan los requisitos y deseen postularse deber\u00e1n presentar el formulario completo y la documentaci\u00f3n requerida en Secretar\u00eda. Para conocer el Reglamento de Becas y acceder al formulario de Inscripci\u00f3n, ingresar a la p\u00e1gina web del ISP2\u2014Secciones\u2014Cooperadora\u2014Becas de Prestaci\u00f3n de Servicios<\/p>\n\n\n\n<p>Requisitos generales para la postulaci\u00f3n: Podr\u00e1n presentarse a concurso todo\/as lo\/as estudiantes del ISP2 que re\u00fanan los siguientes requisitos:<br>\u2022 Que est\u00e9n cursando una carrera docente o tecnicatura en el ISP2<br>\u2022 Que est\u00e9n matriculado\/as en el a\u00f1o en que se solicita la beca<br>\u2022 Que cumplan con los requisitos espec\u00edficos que la Comisi\u00f3n de Becas establezca para cada beca.<\/p>\n\n\n\n<p>Perfil del becario para el Equipo de comunicaci\u00f3n.<br>El\/ la estudiante que forme parte del equipo de comunicaci\u00f3n desempe\u00f1ar\u00e1 tareas de planificaci\u00f3n, dise\u00f1o, publicaci\u00f3n y difusi\u00f3n de la comunicaci\u00f3n institucional, como as\u00ed tambi\u00e9n de proyectos e iniciativas que tengan que ver con la vida acad\u00e9mica y estudiantil del ISP2. Se espera de el\/la becario\/a:<br>\u2022 Actitud proactiva para el trabajo en equipo<br>\u2022 Inter\u00e9s por la planificaci\u00f3n y desarrollo de herramientas y piezas comunicativas de diversa \u00edndole.<br>\u2022 Conocimiento en manejo de redes sociales (Instagram, Facebook, Twitter)<br>\u2022 Manejo de programas de edici\u00f3n de im\u00e1genes y video<br>\u2022 Saber trabajar con plataformas virtuales de datos compartidos (Drive, Dropbox, WeTransfer)<br>\u2022 Presentar referencias de haberse desempe\u00f1ado en esas tareas.<\/p>\n\n\n\n<p><a href=\"https:\/\/isp2-sfe.infd.edu.ar\/sitio\/wp-content\/uploads\/2021\/09\/ISP2-REGLAMENTO-DE-BECAS-DE-SERVICIO.pdf\" target=\"_blank\" rel=\"noreferrer noopener\">Descargar Reglamento de Becas de Servicios<\/a><\/p>\n\n\n\n<p><a href=\"https:\/\/isp2-sfe.infd.edu.ar\/sitio\/wp-content\/uploads\/2021\/09\/ISP2-Formulario-inscripcion-BECAS-SERVICIO.pdf\" target=\"_blank\" rel=\"noreferrer noopener\">Descargar Formulario de Inscripci\u00f3n<\/a><\/p>\n","protected":false},"excerpt":{"rendered":"<p>Se encuentra abierta la convocatoria para Becas de Prestaci\u00f3n de Servicios en el ISP2. Son becas para desarrollar actividades t\u00e9cnicas no administrativas que cubran necesidades de la instituci\u00f3n.Desde el lunes 20\/3 hasta el viernes 31\/03 se recibir\u00e1n postulaciones para las Becas de Prestaci\u00f3n de Servicios en el ISP2. Roles a cubrir en esta Convocatoria:-Un\/a becario\/a &#8230; <a title=\"CONVOCATORIA ABIERTAA BECAS DE PRESTACI\u00d3N DE SERVICIO EN EL ISP2\" class=\"read-more\" href=\"https:\/\/isp2-sfe.infd.edu.ar\/sitio\/becas-de-prestacion-de-servicios\/\" aria-label=\"More on CONVOCATORIA ABIERTAA BECAS DE PRESTACI\u00d3N DE SERVICIO EN EL ISP2\">[+]<\/a><\/p>\n","protected":false},"author":3975,"featured_media":0,"parent":0,"menu_order":0,"comment_status":"closed","ping_status":"closed","template":"","meta":[],"acf":[],"_links":{"self":[{"href":"https:\/\/isp2-sfe.infd.edu.ar\/sitio\/wp-json\/wp\/v2\/pages\/2958"}],"collection":[{"href":"https:\/\/isp2-sfe.infd.edu.ar\/sitio\/wp-json\/wp\/v2\/pages"}],"about":[{"href":"https:\/\/isp2-sfe.infd.edu.ar\/sitio\/wp-json\/wp\/v2\/types\/page"}],"author":[{"embeddable":true,"href":"https:\/\/isp2-sfe.infd.edu.ar\/sitio\/wp-json\/wp\/v2\/users\/3975"}],"replies":[{"embeddable":true,"href":"https:\/\/isp2-sfe.infd.edu.ar\/sitio\/wp-json\/wp\/v2\/comments?post=2958"}],"version-history":[{"count":5,"href":"https:\/\/isp2-sfe.infd.edu.ar\/sitio\/wp-json\/wp\/v2\/pages\/2958\/revisions"}],"predecessor-version":[{"id":4082,"href":"https:\/\/isp2-sfe.infd.edu.ar\/sitio\/wp-json\/wp\/v2\/pages\/2958\/revisions\/4082"}],"wp:attachment":[{"href":"https:\/\/isp2-sfe.infd.edu.ar\/sitio\/wp-json\/wp\/v2\/media?parent=2958"}],"curies":[{"name":"wp","href":"https:\/\/api.w.org\/{rel}","templated":true}]}}