{"id":2896,"date":"2021-07-06T08:32:33","date_gmt":"2021-07-06T11:32:33","guid":{"rendered":"https:\/\/isp2-sfe.infd.edu.ar\/sitio\/?page_id=2896"},"modified":"2023-06-26T17:57:11","modified_gmt":"2023-06-26T20:57:11","slug":"tecnico-superior-en-enfermeria","status":"publish","type":"page","link":"https:\/\/isp2-sfe.infd.edu.ar\/sitio\/tecnico-superior-en-enfermeria\/","title":{"rendered":"T\u00e9cnico Superior en Enfermer\u00eda"},"content":{"rendered":"<p>Para ver el dise\u00f1o curricular hacer click<a href=\"https:\/\/isp2-sfe.infd.edu.ar\/sitio\/wp-content\/uploads\/2021\/07\/PLAN-TSE.pdf\">\u00a0aqu\u00ed<\/a><\/p>\n\n\n<p><\/p>\n","protected":false},"excerpt":{"rendered":"<p>Para ver el dise\u00f1o curricular hacer click\u00a0aqu\u00ed<\/p>\n","protected":false},"author":3999,"featured_media":0,"parent":0,"menu_order":0,"comment_status":"closed","ping_status":"closed","template":"","meta":[],"acf":[],"_links":{"self":[{"href":"https:\/\/isp2-sfe.infd.edu.ar\/sitio\/wp-json\/wp\/v2\/pages\/2896"}],"collection":[{"href":"https:\/\/isp2-sfe.infd.edu.ar\/sitio\/wp-json\/wp\/v2\/pages"}],"about":[{"href":"https:\/\/isp2-sfe.infd.edu.ar\/sitio\/wp-json\/wp\/v2\/types\/page"}],"author":[{"embeddable":true,"href":"https:\/\/isp2-sfe.infd.edu.ar\/sitio\/wp-json\/wp\/v2\/users\/3999"}],"replies":[{"embeddable":true,"href":"https:\/\/isp2-sfe.infd.edu.ar\/sitio\/wp-json\/wp\/v2\/comments?post=2896"}],"version-history":[{"count":8,"href":"https:\/\/isp2-sfe.infd.edu.ar\/sitio\/wp-json\/wp\/v2\/pages\/2896\/revisions"}],"predecessor-version":[{"id":2935,"href":"https:\/\/isp2-sfe.infd.edu.ar\/sitio\/wp-json\/wp\/v2\/pages\/2896\/revisions\/2935"}],"wp:attachment":[{"href":"https:\/\/isp2-sfe.infd.edu.ar\/sitio\/wp-json\/wp\/v2\/media?parent=2896"}],"curies":[{"name":"wp","href":"https:\/\/api.w.org\/{rel}","templated":true}]}}