{"id":2883,"date":"2021-06-25T16:00:30","date_gmt":"2021-06-25T19:00:30","guid":{"rendered":"https:\/\/isp2-sfe.infd.edu.ar\/sitio\/?page_id=2883"},"modified":"2026-02-23T16:47:07","modified_gmt":"2026-02-23T19:47:07","slug":"inscripcion-tec-sup-en-enfermeria","status":"publish","type":"page","link":"https:\/\/isp2-sfe.infd.edu.ar\/sitio\/inscripcion-tec-sup-en-enfermeria\/","title":{"rendered":"INSCRIPCI\u00d3N TEC. SUP. EN ENFERMER\u00cdA 2026"},"content":{"rendered":"<h2 style=\"text-align: center;\"><strong>Preinscripci\u00f3n a 1\u00b0 a\u00f1o:<\/strong><\/h2>\n<div style=\"text-align: center;\">\n<p>El ISP N\u00ba 2 J.V.Gonz\u00e1lez de Rafaela, comunica que se encuentra abierta la inscripci\u00f3n a primer a\u00f1o de la carrera T\u00e9cnico Superior en Enfermer\u00eda, Plan 2487\/2017 (cursado en Turno Ma\u00f1ana).<\/p>\n<\/div>\n<h3 style=\"text-align: center;\">Per\u00edodo de inscripci\u00f3n:<\/h3>\n<h3 style=\"text-align: center;\"><strong>09\/02 al 25\/02<\/strong><\/h3>\n<div>\n<div><\/div>\n<div style=\"text-align: center;\">Solo completar la planilla de<a href=\"https:\/\/preinscripciones.isp2rafaela.edu.ar\/\" target=\"_blank\" rel=\"noopener\"> inscripci\u00f3n ONLINE<\/a>, que encontrar\u00e1s en la p\u00e1gina web del ISP2.<\/div>\n<div><\/div>\n<\/div>\n<div style=\"text-align: center;\"><\/div>\n<div><\/div>\n<div><\/div>\n<div>\n<div>\n<p><strong>Se aclara que, si el n\u00famero de inscriptos\u00a0 supera \u00a0el cupo establecido, el ingreso\u00a0 quedar\u00e1 resuelto por sorteo de Loter\u00eda Provincial.<\/strong><\/p>\n<\/div>\n<\/div>\n<div><a href=\"https:\/\/isp2-sfe.infd.edu.ar\/sitio\/wp-content\/uploads\/2024\/03\/TSE-INSTRUCTIVO-SORTEO-2024.pdf\" target=\"_blank\" rel=\"noopener\">Aqu\u00ed pueden descargar el instructivo del sorteo. DESCARGAR<\/a>.<\/div>\n<div><\/div>\n<div><\/div>\n<div><\/div>\n<div>\n<div>El per\u00edodo para la\u00a0<u>presentaci\u00f3n \u00a0de la documentaci\u00f3n requerida en formato PAPEL<\/u> se informar\u00e1 m\u00e1s adelante.<\/div>\n<\/div>\n<h3><\/h3>\n<p><strong>Para imprimir el instructivo para inscribirse, <a title=\"Instructivo para inscripciones 2013\" href=\"upload\/instructivo.docx\" target=\"_blank\" rel=\"noopener\">haga click aqu\u00ed<\/a><\/strong><\/p>\n<p><strong>\u00a0<img decoding=\"async\" title=\"gif- flecha roja\" src=\"https:\/\/isp2-sfe.infd.edu.ar\/sitio\/wp-content\/uploads\/2018\/08\/arow016.gif\" alt=\"gif- flecha roja\" border=\"0\" \/> <\/strong><strong>Se recuerda a los ingresantes que para poder imprimir la inscripci\u00f3n deber\u00e1n tener descargados los complementos que se detallan al ingresar sus datos<\/strong><\/p>\n<div>\n<p><strong>La documentaci\u00f3n a presentar es la siguiente:<\/strong><\/p>\n<p>1. DNI (Fotocopia legalizada anverso y reverso)<\/p>\n<p>2.\u00a0 T\u00edtulo de Nivel Medio &#8211; (Fotocopia legalizada o QR)<\/p>\n<p>3. Certificado de Salud (extendido por organismo oficial o m\u00e9dico particular)<\/p>\n<p>4. 2 fotos 4&#215;4 tipo carnet actualizada\u00a0(apellido\u00a0y nombre al dorso)<\/p>\n<p>5. Fototcopia Carnet de vacunas completo<\/p>\n<p>6. Partida de nacimiento (s\u00f3lo para nacidos en otras provincias)<\/p>\n<p>7. Aporte para Asociaci\u00f3n Cooperadora: $ 40.000<\/p>\n<\/div>\n<p><iframe loading=\"lazy\" title=\"Tutorial 2019 ingreso ISP 2 Rafaela\" width=\"1200\" height=\"675\" src=\"https:\/\/www.youtube.com\/embed\/9Q0szvSyOSQ?feature=oembed\" frameborder=\"0\" allow=\"accelerometer; autoplay; clipboard-write; encrypted-media; gyroscope; picture-in-picture; web-share\" referrerpolicy=\"strict-origin-when-cross-origin\" allowfullscreen><\/iframe><\/p>\n","protected":false},"excerpt":{"rendered":"<p>Preinscripci\u00f3n a 1\u00b0 a\u00f1o: El ISP N\u00ba 2 J.V.Gonz\u00e1lez de Rafaela, comunica que se encuentra abierta la inscripci\u00f3n a primer a\u00f1o de la carrera T\u00e9cnico Superior en Enfermer\u00eda, Plan 2487\/2017 (cursado en Turno Ma\u00f1ana). Per\u00edodo de inscripci\u00f3n: 09\/02 al 25\/02 Solo completar la planilla de inscripci\u00f3n ONLINE, que encontrar\u00e1s en la p\u00e1gina web del ISP2. &#8230; <a title=\"INSCRIPCI\u00d3N TEC. SUP. EN ENFERMER\u00cdA 2026\" class=\"read-more\" href=\"https:\/\/isp2-sfe.infd.edu.ar\/sitio\/inscripcion-tec-sup-en-enfermeria\/\" aria-label=\"More on INSCRIPCI\u00d3N TEC. SUP. EN ENFERMER\u00cdA 2026\">[+]<\/a><\/p>\n","protected":false},"author":3975,"featured_media":0,"parent":0,"menu_order":0,"comment_status":"closed","ping_status":"closed","template":"","meta":[],"acf":[],"_links":{"self":[{"href":"https:\/\/isp2-sfe.infd.edu.ar\/sitio\/wp-json\/wp\/v2\/pages\/2883"}],"collection":[{"href":"https:\/\/isp2-sfe.infd.edu.ar\/sitio\/wp-json\/wp\/v2\/pages"}],"about":[{"href":"https:\/\/isp2-sfe.infd.edu.ar\/sitio\/wp-json\/wp\/v2\/types\/page"}],"author":[{"embeddable":true,"href":"https:\/\/isp2-sfe.infd.edu.ar\/sitio\/wp-json\/wp\/v2\/users\/3975"}],"replies":[{"embeddable":true,"href":"https:\/\/isp2-sfe.infd.edu.ar\/sitio\/wp-json\/wp\/v2\/comments?post=2883"}],"version-history":[{"count":29,"href":"https:\/\/isp2-sfe.infd.edu.ar\/sitio\/wp-json\/wp\/v2\/pages\/2883\/revisions"}],"predecessor-version":[{"id":6864,"href":"https:\/\/isp2-sfe.infd.edu.ar\/sitio\/wp-json\/wp\/v2\/pages\/2883\/revisions\/6864"}],"wp:attachment":[{"href":"https:\/\/isp2-sfe.infd.edu.ar\/sitio\/wp-json\/wp\/v2\/media?parent=2883"}],"curies":[{"name":"wp","href":"https:\/\/api.w.org\/{rel}","templated":true}]}}