{"id":2847,"date":"2021-06-08T16:45:19","date_gmt":"2021-06-08T19:45:19","guid":{"rendered":"https:\/\/isp2-sfe.infd.edu.ar\/sitio\/?page_id=2847"},"modified":"2023-06-26T17:57:11","modified_gmt":"2023-06-26T20:57:11","slug":"jicser","status":"publish","type":"page","link":"https:\/\/isp2-sfe.infd.edu.ar\/sitio\/jicser\/","title":{"rendered":"JICSER"},"content":{"rendered":"<p><img decoding=\"async\" loading=\"lazy\" class=\"\" src=\"https:\/\/isp2-sfe.infd.edu.ar\/sitio\/wp-content\/uploads\/2021\/06\/logo_jornadas_.jpg\" alt=\"Logo\" width=\"1194\" height=\"232\" \/><\/p>\n<p>&nbsp;<\/p>\n<div><a href=\"https:\/\/www.facebook.com\/ISP2RAFAELA\" target=\"_blank\" rel=\"noopener\"><img decoding=\"async\" loading=\"lazy\" class=\"wp-image-2892 alignnone\" src=\"https:\/\/isp2-sfe.infd.edu.ar\/sitio\/wp-content\/uploads\/2021\/06\/facebook_logo_square_icon_134009.png\" alt=\"\" width=\"71\" height=\"71\" srcset=\"https:\/\/isp2-sfe.infd.edu.ar\/sitio\/wp-content\/uploads\/2021\/06\/facebook_logo_square_icon_134009.png 512w, https:\/\/isp2-sfe.infd.edu.ar\/sitio\/wp-content\/uploads\/2021\/06\/facebook_logo_square_icon_134009-500x500.png 500w\" sizes=\"(max-width: 71px) 100vw, 71px\" \/><\/a>\u00a0 \u00a0 \u00a0\u00a0 <a href=\"https:\/\/www.facebook.com\/ISP2RAFAELA\" target=\"_blank\" rel=\"noopener\">@<wbr \/>ISP2RAFAELA<\/a><\/div>\n<div><\/div>\n<p><img decoding=\"async\" loading=\"lazy\" class=\"wp-image-2891 alignnone\" src=\"https:\/\/isp2-sfe.infd.edu.ar\/sitio\/wp-content\/uploads\/2021\/06\/instagram_ig_logo_icon_134013.png\" alt=\"\" width=\"69\" height=\"69\" srcset=\"https:\/\/isp2-sfe.infd.edu.ar\/sitio\/wp-content\/uploads\/2021\/06\/instagram_ig_logo_icon_134013.png 512w, https:\/\/isp2-sfe.infd.edu.ar\/sitio\/wp-content\/uploads\/2021\/06\/instagram_ig_logo_icon_134013-500x500.png 500w\" sizes=\"(max-width: 69px) 100vw, 69px\" \/> \u00a0 \u00a0 \u00a0 <a href=\"https:\/\/www.instagram.com\/jjicsisp2\/\" target=\"_blank\" rel=\"noopener\" data-saferedirecturl=\"https:\/\/www.google.com\/url?q=https:\/\/www.instagram.com\/jjicsisp2\/&amp;source=gmail&amp;ust=1624735843270000&amp;usg=AFQjCNHX57AfeCU7kMUbScXITBFpoTr3mw\">https:\/\/www.instagram.com\/<wbr \/>jjicsisp2\/<\/a><\/p>\n<p>&nbsp;<\/p>\n<p><b>JORNADAS DE J\u00d3VENES INVESTIGADORES EN CIENCIAS SOCIALES. UNA MIRADA INTERDISCIPLINARIA<\/b> y <b>JORNADAS DE ESTUDIOS SOCIALES REGIONALES<\/b><\/p>\n<p><b>Fundamentaci\u00f3n<\/b><\/p>\n<p>Las propuestas son una continuaci\u00f3n de las Jornadas iniciadas en el a\u00f1o 2015, surgidas del trabajo en un espacio de taller (Taller de Integraci\u00f3n Areal), en el que conflu\u00edan los profesorados de Historia y de Geograf\u00eda del ISP2, cuyos objetos de estudio permit\u00edan configurar variadas l\u00edneas de an\u00e1lisis desde donde tratar los procesos sociales. En este sentido, hay una l\u00f3gica compartida del abordaje del tiempo y del espacio que facilita el recorrido del mundo geohist\u00f3rico, prestando especial atenci\u00f3n a las relaciones que se establecen entre la espacialidad y la temporalidad.<\/p>\n<p>Desde 2021, se ha considerado oportuno mantener el \u00e1mbito de discusi\u00f3n hacia las problem\u00e1ticas geogr\u00e1ficas, sociohist\u00f3ricas, pol\u00edticas y su did\u00e1ctica, pero ampliando el campo de actuaci\u00f3n hacia docentes e investigadores con m\u00e1s experiencia en la pr\u00e1ctica investigativa, de all\u00ed que se ha creado el espacio para los <i>Estudios Sociales Regionales<\/i>. De esta forma, las jornadas intentar\u00e1n consolidar estos lugares de encuentro e intercambio de diferentes disciplinas afines en el tratamiento de la realidad social. Se trata de habilitar nuevos \u00e1mbitos que favorezcan el intercambio de experiencias did\u00e1cticas y de investigaci\u00f3n, a la vez de contribuir con la capacitaci\u00f3n de estudiantes, graduados y docentes a trav\u00e9s del encuentro con profesionales reconocidos de las ciencias sociales.<\/p>\n<p>&nbsp;<\/p>\n","protected":false},"excerpt":{"rendered":"<p>&nbsp; \u00a0 \u00a0 \u00a0\u00a0 @ISP2RAFAELA \u00a0 \u00a0 \u00a0 https:\/\/www.instagram.com\/jjicsisp2\/ &nbsp; JORNADAS DE J\u00d3VENES INVESTIGADORES EN CIENCIAS SOCIALES. UNA MIRADA INTERDISCIPLINARIA y JORNADAS DE ESTUDIOS SOCIALES REGIONALES Fundamentaci\u00f3n Las propuestas son una continuaci\u00f3n de las Jornadas iniciadas en el a\u00f1o 2015, surgidas del trabajo en un espacio de taller (Taller de Integraci\u00f3n Areal), en el que &#8230; <a title=\"JICSER\" class=\"read-more\" href=\"https:\/\/isp2-sfe.infd.edu.ar\/sitio\/jicser\/\" aria-label=\"More on JICSER\">[+]<\/a><\/p>\n","protected":false},"author":3975,"featured_media":0,"parent":0,"menu_order":0,"comment_status":"closed","ping_status":"closed","template":"","meta":[],"acf":[],"_links":{"self":[{"href":"https:\/\/isp2-sfe.infd.edu.ar\/sitio\/wp-json\/wp\/v2\/pages\/2847"}],"collection":[{"href":"https:\/\/isp2-sfe.infd.edu.ar\/sitio\/wp-json\/wp\/v2\/pages"}],"about":[{"href":"https:\/\/isp2-sfe.infd.edu.ar\/sitio\/wp-json\/wp\/v2\/types\/page"}],"author":[{"embeddable":true,"href":"https:\/\/isp2-sfe.infd.edu.ar\/sitio\/wp-json\/wp\/v2\/users\/3975"}],"replies":[{"embeddable":true,"href":"https:\/\/isp2-sfe.infd.edu.ar\/sitio\/wp-json\/wp\/v2\/comments?post=2847"}],"version-history":[{"count":6,"href":"https:\/\/isp2-sfe.infd.edu.ar\/sitio\/wp-json\/wp\/v2\/pages\/2847\/revisions"}],"predecessor-version":[{"id":2895,"href":"https:\/\/isp2-sfe.infd.edu.ar\/sitio\/wp-json\/wp\/v2\/pages\/2847\/revisions\/2895"}],"wp:attachment":[{"href":"https:\/\/isp2-sfe.infd.edu.ar\/sitio\/wp-json\/wp\/v2\/media?parent=2847"}],"curies":[{"name":"wp","href":"https:\/\/api.w.org\/{rel}","templated":true}]}}