{"id":2804,"date":"2021-04-29T17:36:39","date_gmt":"2021-04-29T20:36:39","guid":{"rendered":"https:\/\/isp2-sfe.infd.edu.ar\/sitio\/?page_id=2804"},"modified":"2023-06-26T17:57:11","modified_gmt":"2023-06-26T20:57:11","slug":"correlatividades-2","status":"publish","type":"page","link":"https:\/\/isp2-sfe.infd.edu.ar\/sitio\/correlatividades-2\/","title":{"rendered":"Correlatividades"},"content":{"rendered":"<h2>R\u00e9gimen de correlatividades.<\/h2>\n<p>&nbsp;<\/p>\n<p><a href=\"https:\/\/isp2-sfe.infd.edu.ar\/sitio\/wp-content\/uploads\/2021\/04\/TSDS.pdf\">Tecnicatura Superior en Desarrollo de Software<\/a><\/p>\n<p><a href=\"https:\/\/isp2-sfe.infd.edu.ar\/sitio\/wp-content\/uploads\/2021\/04\/TSGO.pdf\">Tecnicatura Superior en Gesti\u00f3n de las Organizaciones<\/a><\/p>\n<p><a href=\"https:\/\/isp2-sfe.infd.edu.ar\/sitio\/wp-content\/uploads\/2021\/04\/TSL.pdf\">Tecnicatura Superior en Log\u00edstica<\/a><\/p>\n<p><a href=\"https:\/\/isp2-sfe.infd.edu.ar\/sitio\/wp-content\/uploads\/2021\/04\/TAE.pdf\">Tecnicatura en Administraci\u00f3n de Empresas<\/a><\/p>\n<p><a href=\"https:\/\/isp2-sfe.infd.edu.ar\/sitio\/wp-content\/uploads\/2021\/04\/TIA.pdf\">Tecnicatura en Inform\u00e1tica Aplicada<\/a><\/p>\n","protected":false},"excerpt":{"rendered":"<p>R\u00e9gimen de correlatividades. &nbsp; Tecnicatura Superior en Desarrollo de Software Tecnicatura Superior en Gesti\u00f3n de las Organizaciones Tecnicatura Superior en Log\u00edstica Tecnicatura en Administraci\u00f3n de Empresas Tecnicatura en Inform\u00e1tica Aplicada<\/p>\n","protected":false},"author":3975,"featured_media":0,"parent":0,"menu_order":0,"comment_status":"closed","ping_status":"closed","template":"","meta":[],"acf":[],"_links":{"self":[{"href":"https:\/\/isp2-sfe.infd.edu.ar\/sitio\/wp-json\/wp\/v2\/pages\/2804"}],"collection":[{"href":"https:\/\/isp2-sfe.infd.edu.ar\/sitio\/wp-json\/wp\/v2\/pages"}],"about":[{"href":"https:\/\/isp2-sfe.infd.edu.ar\/sitio\/wp-json\/wp\/v2\/types\/page"}],"author":[{"embeddable":true,"href":"https:\/\/isp2-sfe.infd.edu.ar\/sitio\/wp-json\/wp\/v2\/users\/3975"}],"replies":[{"embeddable":true,"href":"https:\/\/isp2-sfe.infd.edu.ar\/sitio\/wp-json\/wp\/v2\/comments?post=2804"}],"version-history":[{"count":3,"href":"https:\/\/isp2-sfe.infd.edu.ar\/sitio\/wp-json\/wp\/v2\/pages\/2804\/revisions"}],"predecessor-version":[{"id":2833,"href":"https:\/\/isp2-sfe.infd.edu.ar\/sitio\/wp-json\/wp\/v2\/pages\/2804\/revisions\/2833"}],"wp:attachment":[{"href":"https:\/\/isp2-sfe.infd.edu.ar\/sitio\/wp-json\/wp\/v2\/media?parent=2804"}],"curies":[{"name":"wp","href":"https:\/\/api.w.org\/{rel}","templated":true}]}}