{"id":2149,"date":"2018-08-31T16:51:21","date_gmt":"2018-08-31T19:51:21","guid":{"rendered":"https:\/\/isp2-sfe.infd.edu.ar\/sitio\/catalogo-2\/"},"modified":"2025-03-06T10:14:19","modified_gmt":"2025-03-06T13:14:19","slug":"catalogo-2","status":"publish","type":"page","link":"https:\/\/isp2-sfe.infd.edu.ar\/sitio\/catalogo-2\/","title":{"rendered":"Cat\u00e1logo"},"content":{"rendered":"<p>Estimados usuarios de la biblioteca 14 de Abril, se encuentra disponible en la web el cat\u00e1logo de la biblioteca en formato PDF. Presionando las teclas control+F\u00a0 podr\u00e1n realizar b\u00fasquedas por t\u00edtulo, autor, descriptores o t\u00e9rminos de referencia. El cat\u00e1logo se ir\u00e1 actualizando peri\u00f3dicamente. Por cualquier consulta en el acceso o uso del mismo dirigirse a las bibliotecarias<\/p>\n<p><a href=\"https:\/\/isp2-sfe.infd.edu.ar\/sitio\/wp-content\/uploads\/2025\/03\/Catalogo-Biblioteca-2025.pdf\">Link de Descarga<\/a><\/p>\n","protected":false},"excerpt":{"rendered":"<p>Estimados usuarios de la biblioteca 14 de Abril, se encuentra disponible en la web el cat\u00e1logo de la biblioteca en formato PDF. Presionando las teclas control+F\u00a0 podr\u00e1n realizar b\u00fasquedas por t\u00edtulo, autor, descriptores o t\u00e9rminos de referencia. El cat\u00e1logo se ir\u00e1 actualizando peri\u00f3dicamente. Por cualquier consulta en el acceso o uso del mismo dirigirse a &#8230; <a title=\"Cat\u00e1logo\" class=\"read-more\" href=\"https:\/\/isp2-sfe.infd.edu.ar\/sitio\/catalogo-2\/\" aria-label=\"More on Cat\u00e1logo\">[+]<\/a><\/p>\n","protected":false},"author":3998,"featured_media":0,"parent":0,"menu_order":0,"comment_status":"closed","ping_status":"closed","template":"","meta":[],"acf":[],"_links":{"self":[{"href":"https:\/\/isp2-sfe.infd.edu.ar\/sitio\/wp-json\/wp\/v2\/pages\/2149"}],"collection":[{"href":"https:\/\/isp2-sfe.infd.edu.ar\/sitio\/wp-json\/wp\/v2\/pages"}],"about":[{"href":"https:\/\/isp2-sfe.infd.edu.ar\/sitio\/wp-json\/wp\/v2\/types\/page"}],"author":[{"embeddable":true,"href":"https:\/\/isp2-sfe.infd.edu.ar\/sitio\/wp-json\/wp\/v2\/users\/3998"}],"replies":[{"embeddable":true,"href":"https:\/\/isp2-sfe.infd.edu.ar\/sitio\/wp-json\/wp\/v2\/comments?post=2149"}],"version-history":[{"count":3,"href":"https:\/\/isp2-sfe.infd.edu.ar\/sitio\/wp-json\/wp\/v2\/pages\/2149\/revisions"}],"predecessor-version":[{"id":5657,"href":"https:\/\/isp2-sfe.infd.edu.ar\/sitio\/wp-json\/wp\/v2\/pages\/2149\/revisions\/5657"}],"wp:attachment":[{"href":"https:\/\/isp2-sfe.infd.edu.ar\/sitio\/wp-json\/wp\/v2\/media?parent=2149"}],"curies":[{"name":"wp","href":"https:\/\/api.w.org\/{rel}","templated":true}]}}