{"id":2132,"date":"2018-08-31T16:51:11","date_gmt":"2018-08-31T19:51:11","guid":{"rendered":"https:\/\/isp2-sfe.infd.edu.ar\/sitio\/carreras_biologia\/"},"modified":"2023-06-26T17:57:12","modified_gmt":"2023-06-26T20:57:12","slug":"carreras_biologia","status":"publish","type":"page","link":"https:\/\/isp2-sfe.infd.edu.ar\/sitio\/carreras_biologia\/","title":{"rendered":"Profesorado de Educaci\u00f3n Secundaria en Biolog\u00eda"},"content":{"rendered":"<h4><strong><img decoding=\"async\" loading=\"lazy\" class=\"size-full wp-image-2673 aligncenter\" src=\"https:\/\/isp2-sfe.infd.edu.ar\/sitio\/wp-content\/uploads\/2020\/10\/BIOLOG\u00cdA_LOGO_WEB.png\" alt=\"\" width=\"378\" height=\"397\" \/><\/strong><\/h4>\n<h4><strong>PROFESORADO DE EDUCACI\u00d3N SECUNDARIA EN BIOLOG\u00cdA <\/strong><\/h4>\n<h4><strong>TITULO A OTORGAR: <\/strong>Profesor\/a de Educaci\u00f3n Secundaria en Biolog\u00eda<\/h4>\n<h4><strong>DURACI\u00d3N DE LA CARRERA EN A\u00d1OS ACAD\u00c9MICOS<\/strong>: 4 (cuatro)<\/h4>\n<h3>Jefatura de Secci\u00f3n: Adriana Lampert<\/h3>\n<p><strong>\u00a0<\/strong><\/p>\n<div>Un profe y un estudiante te van a brindar mas informaci\u00f3n que puede ayudar a orientarte en tu elecci\u00f3n.<\/div>\n<div><a href=\"https:\/\/www.youtube.com\/watch?v=xH7JJCOrxNs\" target=\"_blank\" rel=\"noopener noreferrer\">https:\/\/www.youtube.com\/watch?v=xH7JJCOrxNs<\/a><\/div>\n<p><strong>RESE\u00d1A<\/strong>:<\/p>\n<p>Aprender y ense\u00f1ar Biolog\u00eda supone un desaf\u00edo para los sujetos involucrados, ya que implica considerar m\u00faltiples aspectos de esta ciencia, que la configuran como un cuerpo de conocimientos relacionados al estudio de la vida en todos los niveles de organizaci\u00f3n, as\u00ed como un proceso din\u00e1mico que incluye metodolog\u00edas particulares y modos de explicar c\u00f3mo funcionan los sistemas vivos. Este car\u00e1cter din\u00e1mico de la Biolog\u00eda se evidencia a partir de una mirada retrospectiva, que incluye el an\u00e1lisis de las consecuencias sociales de sus avances. La Biolog\u00eda ha experimentado en los \u00faltimos doscientos a\u00f1os, procesos que han revolucionado la forma de comprender no s\u00f3lo los fen\u00f3menos del mundo biol\u00f3gico sino los mismos estamentos de la sociedad. Y es sumamente importante que tanto los futuros docentes como las escuelas en general puedan conocer y comprender dichos procesos.<\/p>\n<p>&nbsp;<\/p>\n<p><strong>DESCRIPCI\u00d3N<\/strong>:<\/p>\n<p>El amplio conjunto de saberes que corresponde al dise\u00f1o curricular del Profesorado de Educaci\u00f3n Secundaria en Biolog\u00eda ha sido organizado en tres campos del conocimiento, acorde a la Resoluci\u00f3n N\u00b0 24\/07 CFE \u201cLineamientos Curriculares Nacionales para la Formaci\u00f3n Docente Inicial\u201d:<\/p>\n<p><em>-Formaci\u00f3n General:<\/em>dirigida a desarrollar una s\u00f3lida formaci\u00f3n human\u00edstica y al dominio de los marcos conceptuales, interpretativos y valorativos para el an\u00e1lisis y comprensi\u00f3n de la cultura, el tiempo y contexto hist\u00f3rico, la educaci\u00f3n, la ense\u00f1anza, el aprendizaje, y a la formaci\u00f3n del juicio profesional para la actuaci\u00f3n en diferentes contextos socio- culturales.<\/p>\n<p><em>-Formaci\u00f3n Espec\u00edfica:<\/em>dirigida al estudio de la\/s disciplina\/s espec\u00edficas para la ense\u00f1anza en la especialidad en que se forma, la did\u00e1ctica y las tecnolog\u00edas educativas particulares, as\u00ed como de las caracter\u00edsticas y necesidades de los\/as estudiantes a nivel individual y colectivo, en el nivel del sistema educativo, especialidad o modalidad educativa para la que se forma.<\/p>\n<p><em>-Formaci\u00f3n en la Pr\u00e1ctica Profesional:<\/em>orientada al aprendizaje de las capacidades para la actuaci\u00f3n docente en las instituciones educativas y en las aulas, a trav\u00e9s de la participaci\u00f3n e incorporaci\u00f3n progresiva en distintos contextos socio-educativos.<\/p>\n<p>Cada uno de estos tres campos colabora en la compleja formaci\u00f3n de un\/a docente a lo largo de toda la carrera en un sentido integral. Ninguno es m\u00e1s importante que otro sino que se complementan atendiendo a las distintas \u00e1reas que constituyen la formaci\u00f3n de un\/a profesor\/a.<\/p>\n<p><strong>\u00a0<\/strong><\/p>\n<p><strong>ESTRUCTURA DE LA CARRERA:<\/strong><\/p>\n<p>4480 Horas C\u00e1tedra &#8211; 2987 Horas Reloj.<\/p>\n<p>En el Profesorado de Educaci\u00f3n Secundaria en Biolog\u00eda se prev\u00e9n formatos diferenciados en distintos tipos de unidades curriculares, considerando la estructura conceptual, el prop\u00f3sito educativo y sus aportes a la pr\u00e1ctica docente: <em>Materias o Asignaturas, Seminarios, Talleres, Pr\u00e1cticas docentes, Talleres integradores.<\/em><\/p>\n<p><strong>\u00a0<\/strong><\/p>\n<p><strong>PLAN DE ESTUDIOS:<\/strong><\/p>\n<table border=\"1\" cellspacing=\"0\" cellpadding=\"0\">\n<tbody>\n<tr>\n<td valign=\"top\" width=\"299\">1\u00b0 a\u00f1o<\/p>\n<p>Pedagog\u00eda<\/p>\n<p>UCCV: Historia de las ciencias naturales<\/p>\n<p>Laboratorio de ciencias naturales<\/p>\n<p>Biolog\u00eda I<\/p>\n<p>Elementos de matem\u00e1tica y Bioestad\u00edstica<\/p>\n<p>Qu\u00edmica I<\/p>\n<p>Ciencias de la tierra<\/p>\n<p>Ecolog\u00eda<\/p>\n<p>Pr\u00e1ctica docente I: escenarios educativos<\/td>\n<td valign=\"top\" width=\"299\">2\u00b0 a\u00f1o<\/p>\n<p>Did\u00e1ctica y curr\u00edculum<\/p>\n<p>Psicolog\u00eda y educaci\u00f3n<\/p>\n<p>Instituciones educativas<\/p>\n<p>Biolog\u00eda II<\/p>\n<p>Biof\u00edsica<\/p>\n<p>Qu\u00edmica II<\/p>\n<p>Educaci\u00f3n ambiental<\/p>\n<p>Gen\u00e9tica<\/p>\n<p>Did\u00e1ctica de la biolog\u00eda I<\/p>\n<p>Pr\u00e1ctica docente II: la instituci\u00f3n escolar<\/td>\n<\/tr>\n<tr>\n<td valign=\"top\" width=\"299\">3\u00b0 a\u00f1o<\/p>\n<p>Historia y pol\u00edtica de la educaci\u00f3n argentina<\/p>\n<p>Filosof\u00eda<\/p>\n<p>Metodolog\u00eda de la investigaci\u00f3n<\/p>\n<p>Biolog\u00eda III<\/p>\n<p>Evoluci\u00f3n<\/p>\n<p>Biolog\u00eda humana y salud I<\/p>\n<p>Did\u00e1ctica de la biolog\u00eda II<\/p>\n<p>Sujetos de la educaci\u00f3n secundaria<\/p>\n<p>Pr\u00e1ctica docente III: la clase, los procesos del aprender y del ense\u00f1ar<\/p>\n<p>Unidad de definici\u00f3n institucional<\/td>\n<td valign=\"top\" width=\"299\">4\u00b0a\u00f1o<\/p>\n<p>\u00c9tica y trabajo docente<\/p>\n<p>Educaci\u00f3n sexual integral<\/p>\n<p>Pr\u00e1cticas de investigaci\u00f3n<\/p>\n<p>Uccv: proyectos de extensi\u00f3n<\/p>\n<p>Biolog\u00eda IV<\/p>\n<p>Biolog\u00eda humana y salud II<\/p>\n<p>Epistemolog\u00eda de las ciencias naturales<\/p>\n<p>Pr\u00e1ctica docente IV residencia: el rol docente y su pr\u00e1ctica<\/p>\n<p>Taller de modelizaci\u00f3n y recursos did\u00e1cticos en biolog\u00eda<\/td>\n<\/tr>\n<\/tbody>\n<\/table>\n<p>&nbsp;<\/p>\n<p><strong>PERFIL DEL EGRESADO:<\/strong><\/p>\n<ul>\n<li>Profesor\/a apasionado\/a en las tareas de aprender, interrogar, buscar, imaginar, proyectar, reflexionar, que son en definitiva atributos inseparables de la sustantiva tarea de ense\u00f1ar.<\/li>\n<li>Profesor\/a con capacidades profesionales referidas al dominio de campos disciplinares, pero tambi\u00e9n al trabajo con el pensamiento en virtud de la reflexi\u00f3n cr\u00edtica, la toma de decisiones con autonom\u00eda y el trabajo colaborativo sustentado en principios democr\u00e1ticos.<\/li>\n<li>Profesor\/a con autoridad pedag\u00f3gica y acad\u00e9mica.<\/li>\n<li>Profesor\/a con capacidad de elaborar propuestas y situaciones de ense\u00f1anza que atiendan tanto las necesidades de aprendizajes como a los contextos sociales, hist\u00f3ricos, ling\u00fc\u00edsticos y culturales que conforman la realidad provincial.<\/li>\n<li>Profesor\/a formado\/a en el campo disciplinar de la Biolog\u00eda de forma sustantiva, de tal manera que el dominio de saberes espec\u00edficos pueda ser transformado en un saber pedag\u00f3gico del contenido.<\/li>\n<li>Profesor\/a que disponga de principios organizadores para seleccionar, relacionar, reelaborar, comunicar saberes y\/o experiencias de saber para ponerlos a disposici\u00f3n de los alumnos\/as, a partir de reconocer las m\u00faltiples experiencias sociales que les dan sentido.<\/li>\n<li>Profesor\/a que intervenga y participe en las problem\u00e1ticas relacionadas con la Biolog\u00eda, reflexionando en forma cr\u00edtica y anticipando los posibles impactos a nivel personal, social, econ\u00f3mico, sanitario y ambiental.<\/li>\n<\/ul>\n<p>&nbsp;<\/p>\n<p><strong> REQUISITOS DE INGRESO:<\/strong><\/p>\n<p>T\u00edtulo de Nivel Medio &#8211; Fotocopia legalizada.<\/p>\n<p>No adeudar materias de Escuela Secundaria a\u00a0septiembre del a\u00f1o de ingreso.<\/p>\n<p>Certificado Laboral (si trabaja).<\/p>\n<p>Certificado de Salud (extendido por organismo\u00a0oficial).<\/p>\n<p>2 fotos 4&#215;4 tipo carnet actualizada (apellido\u00a0y nombre al dorso).<\/p>\n<p>1era y 2da hoja del DNI &#8211; Fotocopia legalizada.<\/p>\n<p>&#8212;&#8212;&#8212;&#8212;&#8212;&#8212;&#8212;&#8212;&#8212;&#8212;&#8212;&#8212;&#8212;&#8212;&#8212;&#8212;&#8212;&#8212;&#8212;&#8212;&#8212;&#8212;&#8212;&#8212;&#8212;&#8212;&#8212;&#8212;&#8212;&#8212;&#8212;&#8212;&#8212;&#8212;&#8212;&#8212;&#8212;&#8212;&#8212;&#8212;-<\/p>\n<p>&nbsp;<\/p>\n","protected":false},"excerpt":{"rendered":"<p>PROFESORADO DE EDUCACI\u00d3N SECUNDARIA EN BIOLOG\u00cdA TITULO A OTORGAR: Profesor\/a de Educaci\u00f3n Secundaria en Biolog\u00eda DURACI\u00d3N DE LA CARRERA EN A\u00d1OS ACAD\u00c9MICOS: 4 (cuatro) Jefatura de Secci\u00f3n: Adriana Lampert \u00a0 Un profe y un estudiante te van a brindar mas informaci\u00f3n que puede ayudar a orientarte en tu elecci\u00f3n. https:\/\/www.youtube.com\/watch?v=xH7JJCOrxNs RESE\u00d1A: Aprender y ense\u00f1ar Biolog\u00eda &#8230; <a title=\"Profesorado de Educaci\u00f3n Secundaria en Biolog\u00eda\" class=\"read-more\" href=\"https:\/\/isp2-sfe.infd.edu.ar\/sitio\/carreras_biologia\/\" aria-label=\"More on Profesorado de Educaci\u00f3n Secundaria en Biolog\u00eda\">[+]<\/a><\/p>\n","protected":false},"author":3998,"featured_media":0,"parent":0,"menu_order":0,"comment_status":"closed","ping_status":"closed","template":"","meta":[],"acf":[],"_links":{"self":[{"href":"https:\/\/isp2-sfe.infd.edu.ar\/sitio\/wp-json\/wp\/v2\/pages\/2132"}],"collection":[{"href":"https:\/\/isp2-sfe.infd.edu.ar\/sitio\/wp-json\/wp\/v2\/pages"}],"about":[{"href":"https:\/\/isp2-sfe.infd.edu.ar\/sitio\/wp-json\/wp\/v2\/types\/page"}],"author":[{"embeddable":true,"href":"https:\/\/isp2-sfe.infd.edu.ar\/sitio\/wp-json\/wp\/v2\/users\/3998"}],"replies":[{"embeddable":true,"href":"https:\/\/isp2-sfe.infd.edu.ar\/sitio\/wp-json\/wp\/v2\/comments?post=2132"}],"version-history":[{"count":3,"href":"https:\/\/isp2-sfe.infd.edu.ar\/sitio\/wp-json\/wp\/v2\/pages\/2132\/revisions"}],"predecessor-version":[{"id":2834,"href":"https:\/\/isp2-sfe.infd.edu.ar\/sitio\/wp-json\/wp\/v2\/pages\/2132\/revisions\/2834"}],"wp:attachment":[{"href":"https:\/\/isp2-sfe.infd.edu.ar\/sitio\/wp-json\/wp\/v2\/media?parent=2132"}],"curies":[{"name":"wp","href":"https:\/\/api.w.org\/{rel}","templated":true}]}}