{"id":2126,"date":"2018-08-31T16:51:09","date_gmt":"2018-08-31T19:51:09","guid":{"rendered":"https:\/\/isp2-sfe.infd.edu.ar\/sitio\/politica-de-donaciones\/"},"modified":"2023-06-26T17:57:12","modified_gmt":"2023-06-26T20:57:12","slug":"politica-de-donaciones","status":"publish","type":"page","link":"https:\/\/isp2-sfe.infd.edu.ar\/sitio\/politica-de-donaciones\/","title":{"rendered":"Politica de donaciones"},"content":{"rendered":"<div>\n<h4><span style=\"font-size: 12pt;\">Para donar material a la Biblioteca del ISP2 puede consultar aqu\u00ed la pol\u00edtica de <a title=\"biblio3_2017\" href=\"upload\/Politica_de_Adquisiciones_-_Donacion_de_material.doc\" target=\"_blank\" rel=\"noopener\"><span style=\"font-size: 12pt;\">Donaci\u00f3n de material<\/span><\/a><\/span><\/h4>\n<p><img decoding=\"async\" loading=\"lazy\" class=\"alignnone size-full wp-image-2719 aligncenter\" src=\"https:\/\/isp2-sfe.infd.edu.ar\/sitio\/wp-content\/uploads\/2020\/10\/logo-biblioteca.png\" alt=\"\" width=\"209\" height=\"209\" \/><\/p>\n<p>&nbsp;<\/p>\n<p>&nbsp;<\/p>\n<\/div>\n","protected":false},"excerpt":{"rendered":"<p>Para donar material a la Biblioteca del ISP2 puede consultar aqu\u00ed la pol\u00edtica de Donaci\u00f3n de material &nbsp; &nbsp;<\/p>\n","protected":false},"author":3998,"featured_media":0,"parent":0,"menu_order":0,"comment_status":"closed","ping_status":"closed","template":"","meta":[],"acf":[],"_links":{"self":[{"href":"https:\/\/isp2-sfe.infd.edu.ar\/sitio\/wp-json\/wp\/v2\/pages\/2126"}],"collection":[{"href":"https:\/\/isp2-sfe.infd.edu.ar\/sitio\/wp-json\/wp\/v2\/pages"}],"about":[{"href":"https:\/\/isp2-sfe.infd.edu.ar\/sitio\/wp-json\/wp\/v2\/types\/page"}],"author":[{"embeddable":true,"href":"https:\/\/isp2-sfe.infd.edu.ar\/sitio\/wp-json\/wp\/v2\/users\/3998"}],"replies":[{"embeddable":true,"href":"https:\/\/isp2-sfe.infd.edu.ar\/sitio\/wp-json\/wp\/v2\/comments?post=2126"}],"version-history":[{"count":1,"href":"https:\/\/isp2-sfe.infd.edu.ar\/sitio\/wp-json\/wp\/v2\/pages\/2126\/revisions"}],"predecessor-version":[{"id":2725,"href":"https:\/\/isp2-sfe.infd.edu.ar\/sitio\/wp-json\/wp\/v2\/pages\/2126\/revisions\/2725"}],"wp:attachment":[{"href":"https:\/\/isp2-sfe.infd.edu.ar\/sitio\/wp-json\/wp\/v2\/media?parent=2126"}],"curies":[{"name":"wp","href":"https:\/\/api.w.org\/{rel}","templated":true}]}}