{"id":2122,"date":"2019-10-10T16:51:08","date_gmt":"2019-10-10T19:51:08","guid":{"rendered":"https:\/\/isp2-sfe.infd.edu.ar\/sitio\/declaraciones-juradas\/"},"modified":"2023-06-26T17:57:11","modified_gmt":"2023-06-26T20:57:11","slug":"declaraciones-juradas","status":"publish","type":"page","link":"https:\/\/isp2-sfe.infd.edu.ar\/sitio\/declaraciones-juradas\/","title":{"rendered":"Declaraciones Juradas"},"content":{"rendered":"<p><strong><span style=\"text-decoration: underline;\"><span style=\"font-size: 14pt;\"><a title=\"DDJJ_incompatibilidades\" href=\"https:\/\/isp2-sfe.infd.edu.ar\/sitio\/wp-content\/uploads\/2019\/10\/declaracion-jurada-cargos-horas.pdf\" target=\"_blank\" rel=\"noopener\">Declaraci\u00f3n Jurada r\u00e9gimen sobre incompatibilidades<\/a><\/span><\/span><\/strong><\/p>\n<p>&nbsp;<\/p>\n<p><strong><span style=\"text-decoration: underline;\"><span style=\"font-size: 14pt;\"><a title=\"DDJJ_cargas familiares\" href=\"upload\/DDJJ_cargas_familiares.pdf\" target=\"_blank\" rel=\"noopener\">Declaraci\u00f3n Jurada familiares\u00a0a cargo<\/a><\/span><\/span><\/strong><\/p>\n<p><strong><span style=\"text-decoration: underline;\"><span style=\"font-size: 14pt;\"><a href=\"upload\/Declaracion_Jurada_asignaciones_familiares.pdf\" target=\"_blank\" rel=\"noopener\">Declaraci\u00f3n Jurada asignaciones familiares<\/a><\/span><\/span><\/strong><\/p>\n<p><a href=\"upload\/Declaracion_Jurada_asignaciones_familiares.pdf\" target=\"_blank\" rel=\"noopener\">\u00a0<\/a><\/p>\n","protected":false},"excerpt":{"rendered":"<p>Declaraci\u00f3n Jurada r\u00e9gimen sobre incompatibilidades &nbsp; Declaraci\u00f3n Jurada familiares\u00a0a cargo Declaraci\u00f3n Jurada asignaciones familiares \u00a0<\/p>\n","protected":false},"author":3998,"featured_media":0,"parent":0,"menu_order":0,"comment_status":"closed","ping_status":"closed","template":"","meta":[],"acf":[],"_links":{"self":[{"href":"https:\/\/isp2-sfe.infd.edu.ar\/sitio\/wp-json\/wp\/v2\/pages\/2122"}],"collection":[{"href":"https:\/\/isp2-sfe.infd.edu.ar\/sitio\/wp-json\/wp\/v2\/pages"}],"about":[{"href":"https:\/\/isp2-sfe.infd.edu.ar\/sitio\/wp-json\/wp\/v2\/types\/page"}],"author":[{"embeddable":true,"href":"https:\/\/isp2-sfe.infd.edu.ar\/sitio\/wp-json\/wp\/v2\/users\/3998"}],"replies":[{"embeddable":true,"href":"https:\/\/isp2-sfe.infd.edu.ar\/sitio\/wp-json\/wp\/v2\/comments?post=2122"}],"version-history":[{"count":1,"href":"https:\/\/isp2-sfe.infd.edu.ar\/sitio\/wp-json\/wp\/v2\/pages\/2122\/revisions"}],"predecessor-version":[{"id":2469,"href":"https:\/\/isp2-sfe.infd.edu.ar\/sitio\/wp-json\/wp\/v2\/pages\/2122\/revisions\/2469"}],"wp:attachment":[{"href":"https:\/\/isp2-sfe.infd.edu.ar\/sitio\/wp-json\/wp\/v2\/media?parent=2122"}],"curies":[{"name":"wp","href":"https:\/\/api.w.org\/{rel}","templated":true}]}}