{"id":2115,"date":"2018-08-31T16:51:04","date_gmt":"2018-08-31T19:51:04","guid":{"rendered":"https:\/\/isp2-sfe.infd.edu.ar\/sitio\/tecnico-superior-en-logistica\/"},"modified":"2025-10-27T08:32:52","modified_gmt":"2025-10-27T11:32:52","slug":"tecnico-superior-en-logistica","status":"publish","type":"page","link":"https:\/\/isp2-sfe.infd.edu.ar\/sitio\/tecnico-superior-en-logistica\/","title":{"rendered":"Tecnicatura en Log\u00edstica"},"content":{"rendered":"<h4><b><img decoding=\"async\" loading=\"lazy\" class=\"size-full wp-image-2730 aligncenter\" src=\"https:\/\/isp2-sfe.infd.edu.ar\/sitio\/wp-content\/uploads\/2020\/10\/logo_LOGISTICA_OK.png\" alt=\"\" width=\"559\" height=\"397\" \/>CARRERA: TECNICATURA EN LOG\u00cdSTICA. RESOLUCI\u00d3N N\u00ba O377\/2016<\/b><\/h4>\n<h4><b>TITULO OTORGADO: <\/b>\u201cT\u00e9cnico Superior en Log\u00edstica\u201d<\/h4>\n<h4><b>DURACI\u00d3N DE LA CARRERA EN A\u00d1OS ACADEMICOS: <\/b>3 (tres)<\/h4>\n<h4>Jefatura de Secci\u00f3n: Carrel, Marcos<\/h4>\n<div><\/div>\n<div>Un profe y un estudiante te van a brindar mas informaci\u00f3n que puede ayudar a orientarte en tu elecci\u00f3n.<\/div>\n<div><a href=\"https:\/\/www.youtube.com\/watch?v=9horUpoCyVo\" target=\"_blank\" rel=\"noopener noreferrer\">https:\/\/www.youtube.com\/watch?v=9horUpoCyVo<\/a><\/div>\n<p><b>RESE\u00d1A<\/b><\/p>\n<p style=\"text-align: left;\">El T\u00e9cnico Superior abordar\u00e1 problem\u00e1ticas que se asocian con la gesti\u00f3n del abastecimiento, almacenamiento, transporte y de la cadena log\u00edstica, debiendo tambi\u00e9n resolver operativamente diversas situaciones que van surgiendo durante los procesos de transporte y distribuci\u00f3n, procurando lograr un alto nivel de eficiencia. El Dise\u00f1o Curricular, de este espacio, apunta a insertarse en el escenario del Sistema de Educaci\u00f3n Superior T\u00e9cnica de la provincia de Santa Fe con un car\u00e1cter innovador, que se expresa en la tem\u00e1tica que aborda, y principalmente en una lectura y an\u00e1lisis del contexto local y regional, a partir del Plan Estrat\u00e9gico Provincial Visi\u00f3n 2030; Donde se pone de manifiesto la necesidad de disponer de un respaldo t\u00e9cnico capaz de aportar solidez y solvencia a las actividades realizadas en la industria.<\/p>\n<p style=\"text-align: left;\">Esta orientaci\u00f3n forma egresados con s\u00f3lidos conocimientos para cooperar en la formulaci\u00f3n y evaluaci\u00f3n de procesos log\u00edsticos y en la determinaci\u00f3n de sus costos, como as\u00ed tambi\u00e9n para coordinar, programar y gestionar la recepci\u00f3n y despacho de bienes y administrar los recursos materiales humanos vinculados a la gesti\u00f3n de la carrera Log\u00edstica, de acuerdo a la normativa vigente sobre seguridad, higiene, calidad y respeto al medio ambiente.<\/p>\n<p><b>Cumpliendo fundamentalmente roles de:\u00a0<\/b><\/p>\n<ul>\n<li>Programaci\u00f3n y gesti\u00f3n de distribuci\u00f3n.<\/li>\n<li>Supervisi\u00f3n de dep\u00f3sitos.<\/li>\n<li>Recepci\u00f3n y despacho de bienes y servicios.<\/li>\n<li>Seguimiento y control de inventarios.<\/li>\n<li>Coordinaci\u00f3n de transportes.<\/li>\n<li>An\u00e1lisis y correcci\u00f3n de procesos log\u00edsticos.<\/li>\n<li>Log\u00edstica de abastecimiento.<\/li>\n<li>Picking, preparaci\u00f3n de pedidos y consolidaci\u00f3n.<\/li>\n<li>Administraci\u00f3n log\u00edstica.<\/li>\n<\/ul>\n<p>Este profesional est\u00e1 capacitado para adaptarse a los cambios constantes del sistema productivo, con un perfil creativo e innovador y con mentalidad de trabajo en equipo; tambi\u00e9n para actuar de acuerdo con los c\u00f3digos de comportamiento social, empresarial y legal, adoptando las normas \u00e9ticas y morales que la funci\u00f3n exige.<\/p>\n<p><span style=\"font-size: 12pt;\"><strong>\u00a0<\/strong><\/span><\/p>\n<p><b>DESCRIPCI\u00d3N<\/b><\/p>\n<p>El amplio conjunto de saberes que corresponde a la carrera de T\u00e9cnico Superior en Log\u00edstica ha sido organizado en cuatro campos del conocimiento, cuyos porcentajes m\u00ednimos responden a la Resoluci\u00f3n del CFE N\u00b0 229\/14, a saber:<\/p>\n<p><b><i>Campo de la Formaci\u00f3n General<\/i><\/b><b>:<\/b> El campo de formaci\u00f3n general, destinado a abordar los saberes que posibiliten la participaci\u00f3n activa, reflexiva y cr\u00edtica en los diversos \u00e1mbitos de la vida laboral y sociocultural y el desarrollo de una actitud \u00e9tica respecto del continuo cambio tecnol\u00f3gico y social.<\/p>\n<p><b><i>Campo de la Formaci\u00f3n de Fundamento<\/i><\/b> Destinado a abordar los saberes cient\u00edfico-tecnol\u00f3gicos y socioculturales que otorgan sost\u00e9n a los conocimientos, habilidades, destrezas, valores y actitudes propios del campo profesional en cuesti\u00f3n.<\/p>\n<p><b><i>Campo de la Formaci\u00f3n Espec\u00edfica<\/i><\/b> Dedicado a abordar los saberes propios de cada campo profesional, as\u00ed como tambi\u00e9n la contextualizaci\u00f3n de los desarrollados en la formaci\u00f3n de fundamento<\/p>\n<p><b><i>Campo de la Pr\u00e1ctica Profesionalizante<\/i><\/b> El campo de formaci\u00f3n de la pr\u00e1ctica Profesionalizante est\u00e1 destinado a posibilitar la integraci\u00f3n y contrastaci\u00f3n de los saberes construidos en la formaci\u00f3n de los campos descriptos, y garantizar Ia articulaci\u00f3n teor\u00eda-pr\u00e1ctica en los procesos formativos a trav\u00e9s del acercamiento de los estudiantes a situaciones reales de trabajo. Este campo contiene, organiza y posibilita la construcci\u00f3n del rol profesional de cada estudiante, integrando los aprendizajes de los dem\u00e1s trayectos en un proceso de creciente &#8216;inmersi\u00f3n&#8217; en el campo laboral real.<\/p>\n<p><b>ESTRUCTURA DE LA CARRERA<\/b><\/p>\n<p>2752 Horas c\u00e1tedras-1835 horas reloj.<\/p>\n<p><b>PLAN DE ESTUDIOS:<\/b><\/p>\n<table>\n<tbody>\n<tr>\n<td><b>1\u00b0 a\u00f1o<\/b><\/p>\n<p>Comunicaci\u00f3n<\/p>\n<p>Unidad de definici\u00f3n institucional I<\/p>\n<p>Matem\u00e1tica y estad\u00edstica<\/p>\n<p>Inform\u00e1tica<\/p>\n<p>Econom\u00eda<\/p>\n<p>Contabilidad<\/p>\n<p>F\u00edsica<\/p>\n<p>Gesti\u00f3n de seguridad, salud ocupacional y Medio Ambiente<\/p>\n<p>Gesti\u00f3n de abastecimiento e inventarios<\/p>\n<p>Ingl\u00e9s t\u00e9cnico<\/td>\n<td><b>2\u00b0 a\u00f1o<\/b><\/p>\n<p>Problem\u00e1ticas socio contempor\u00e1neas<\/p>\n<p>Unidad de definici\u00f3n institucional II<\/p>\n<p>Innovaci\u00f3n y desarrollo emprendedor<\/p>\n<p>Administraci\u00f3n<\/p>\n<p>Gesti\u00f3n de almacenamiento<\/p>\n<p>Gesti\u00f3n del transporte<\/p>\n<p>Comercio internacional<\/p>\n<p>Evaluaci\u00f3n y gesti\u00f3n de proyectos de inversi\u00f3n<\/p>\n<p>Practica Profesionalizante I<\/td>\n<\/tr>\n<tr>\n<td colspan=\"2\"><b>3\u00b0 a\u00f1o<\/b><\/p>\n<p>\u00c9tica y responsabilidad social<\/p>\n<p>Derecho y legislaci\u00f3n laboral<\/p>\n<p>Estrategia empresarial<\/p>\n<p>Gesti\u00f3n de la cadena log\u00edstica<\/p>\n<p>Costos log\u00edsticos<\/p>\n<p>Sistema de informaci\u00f3n log\u00edstico<\/p>\n<p>Distribuci\u00f3n<\/p>\n<p>Pr\u00e1ctica Profesionalizante II<\/td>\n<\/tr>\n<\/tbody>\n<\/table>\n<p><b>PERFIL DEL EGRESADO:<\/b><\/p>\n<p>El T\u00e9cnico Superior en Log\u00edstica est\u00e1 capacitado para manifestar conocimientos, Habilidades, destrezas, valores y actitudes en situaciones reales de trabajo, conforme a criterios de profesionalidad propios de su \u00e1rea y responsabilidad social al:<\/p>\n<ul>\n<li>Organizar y gestionar Ia distribuci\u00f3n y despacho<\/li>\n<li>Coordinar y gestionar el transporte.<\/li>\n<li>Organizar y gestionar la recepci\u00f3n y almacenamiento<\/li>\n<li>Gestionar la informaci\u00f3n administrativa.<\/li>\n<li>Organizar y gestionar el \u00e1rea de trabajo<\/li>\n<li>Interactuar con los diferentes roles ocupacionales y \u00e1reas organizacionales, mediante un trabajo en equipo de car\u00e1cter cooperativo, con capacidad para negociar, argumentar y articular propuestas, necesidades y expectativas.<\/li>\n<li>Generar propuestas innovadoras y\/o emprendimientos productivos propios del \u00e1mbito de la log\u00edstica<\/li>\n<\/ul>\n","protected":false},"excerpt":{"rendered":"<p>CARRERA: TECNICATURA EN LOG\u00cdSTICA. RESOLUCI\u00d3N N\u00ba O377\/2016 TITULO OTORGADO: \u201cT\u00e9cnico Superior en Log\u00edstica\u201d DURACI\u00d3N DE LA CARRERA EN A\u00d1OS ACADEMICOS: 3 (tres) Jefatura de Secci\u00f3n: Carrel, Marcos Un profe y un estudiante te van a brindar mas informaci\u00f3n que puede ayudar a orientarte en tu elecci\u00f3n. https:\/\/www.youtube.com\/watch?v=9horUpoCyVo RESE\u00d1A El T\u00e9cnico Superior abordar\u00e1 problem\u00e1ticas que se &#8230; <a title=\"Tecnicatura en Log\u00edstica\" class=\"read-more\" href=\"https:\/\/isp2-sfe.infd.edu.ar\/sitio\/tecnico-superior-en-logistica\/\" aria-label=\"More on Tecnicatura en Log\u00edstica\">[+]<\/a><\/p>\n","protected":false},"author":3998,"featured_media":0,"parent":0,"menu_order":0,"comment_status":"closed","ping_status":"closed","template":"","meta":[],"acf":[],"_links":{"self":[{"href":"https:\/\/isp2-sfe.infd.edu.ar\/sitio\/wp-json\/wp\/v2\/pages\/2115"}],"collection":[{"href":"https:\/\/isp2-sfe.infd.edu.ar\/sitio\/wp-json\/wp\/v2\/pages"}],"about":[{"href":"https:\/\/isp2-sfe.infd.edu.ar\/sitio\/wp-json\/wp\/v2\/types\/page"}],"author":[{"embeddable":true,"href":"https:\/\/isp2-sfe.infd.edu.ar\/sitio\/wp-json\/wp\/v2\/users\/3998"}],"replies":[{"embeddable":true,"href":"https:\/\/isp2-sfe.infd.edu.ar\/sitio\/wp-json\/wp\/v2\/comments?post=2115"}],"version-history":[{"count":4,"href":"https:\/\/isp2-sfe.infd.edu.ar\/sitio\/wp-json\/wp\/v2\/pages\/2115\/revisions"}],"predecessor-version":[{"id":6634,"href":"https:\/\/isp2-sfe.infd.edu.ar\/sitio\/wp-json\/wp\/v2\/pages\/2115\/revisions\/6634"}],"wp:attachment":[{"href":"https:\/\/isp2-sfe.infd.edu.ar\/sitio\/wp-json\/wp\/v2\/media?parent=2115"}],"curies":[{"name":"wp","href":"https:\/\/api.w.org\/{rel}","templated":true}]}}