{"id":2076,"date":"2019-12-19T16:50:47","date_gmt":"2019-12-19T19:50:47","guid":{"rendered":"https:\/\/isp2-sfe.infd.edu.ar\/sitio\/cambios-de-mesas-de-julio-agosto-2018\/"},"modified":"2026-03-17T16:01:54","modified_gmt":"2026-03-17T19:01:54","slug":"cambios-de-mesas","status":"publish","type":"page","link":"https:\/\/isp2-sfe.infd.edu.ar\/sitio\/cambios-de-mesas\/","title":{"rendered":"CAMBIOS DE MESAS FEBRERO \/ MARZO 2026"},"content":{"rendered":"<table style=\"height: 9336px;\" width=\"823\">\n<tbody>\n<tr>\n<td width=\"45\"><strong>FECHA<\/strong><\/td>\n<td width=\"112\">CARRERA<\/td>\n<td width=\"40\">CURSO<\/td>\n<td width=\"198\">ASIGNATURA<\/td>\n<td width=\"61\">CAMBIO<\/td>\n<\/tr>\n<tr>\n<td width=\"45\">18\/02<\/td>\n<td width=\"112\">EDUC. PRIMARIA<\/td>\n<td width=\"40\">1\u00ba B<\/td>\n<td width=\"198\">PEDAGOG\u00cdA<\/td>\n<td width=\"61\">18\/03\u00a0 14 hs<\/td>\n<\/tr>\n<tr>\n<td width=\"45\">20\/02<\/td>\n<td width=\"112\">LOG\u00cdSTICA<\/td>\n<td width=\"40\">2\u00ba<\/td>\n<td width=\"198\">ADMINISTRACI\u00d3N<\/td>\n<td width=\"61\">18\/03\u00a0 18 hs<\/td>\n<\/tr>\n<tr>\n<td width=\"45\">25\/02 y 11\/03<\/td>\n<td width=\"112\">BIOLOG\u00cdA<\/td>\n<td width=\"40\">3\u00ba<\/td>\n<td width=\"198\">BIOLOG\u00cdA HUMANA Y SALUD I<\/td>\n<td width=\"61\">Escrito libres 13 hs<\/td>\n<\/tr>\n<tr>\n<td width=\"45\">27\/02\u00a0 y\u00a0 13\/03<\/td>\n<td width=\"112\">BIOLOG\u00cdA<\/td>\n<td width=\"40\">1\u00ba<\/td>\n<td width=\"198\">BIOLOG\u00cdA I<\/td>\n<td width=\"61\">Escrito libres 13 hs<\/td>\n<\/tr>\n<tr>\n<td width=\"45\">06\/03<\/td>\n<td width=\"112\">EDUC. ESPECIAL<\/td>\n<td width=\"40\">1\u00ba<\/td>\n<td width=\"198\">BIOLOG\u00cdA, GEN\u00c9TICA Y HEUROEND\u00d3CRINA<\/td>\n<td width=\"61\">Escrito libres 17 hs<\/td>\n<\/tr>\n<tr>\n<td width=\"45\">23\/02<\/td>\n<td width=\"112\">EDUC. INICIAL<\/td>\n<td width=\"40\">1\u00ba B<\/td>\n<td width=\"198\">PROBLEM. CONTEMP. DE LA EDUC. INICIAL I<\/td>\n<td width=\"61\">15 hs<\/td>\n<\/tr>\n<tr>\n<td width=\"45\">23\/02<\/td>\n<td width=\"112\">EDUC. PRIMARIA<\/td>\n<td width=\"40\">1\u00ba B<\/td>\n<td width=\"198\">PROBLEM. CONTEMP. DE LA EDUC. PRIM. I<\/td>\n<td width=\"61\">15 hs<\/td>\n<\/tr>\n<tr>\n<td width=\"45\">23\/02<\/td>\n<td width=\"112\">EDUC. PRIMARIA<\/td>\n<td width=\"40\">2\u00ba B<\/td>\n<td width=\"198\">CONOCIMIENTO Y EDUCACI\u00d3N<\/td>\n<td width=\"61\">15 hs<\/td>\n<\/tr>\n<tr>\n<td width=\"45\">02\/03<\/td>\n<td width=\"112\">T\u00c9C. EN ENFERMER\u00cdA<\/td>\n<td width=\"40\">1\u00ba<\/td>\n<td width=\"198\">SUJETO CULTURA Y SOCIEDAD I<\/td>\n<td width=\"61\">04\/03\u00a0 8 hs<\/td>\n<\/tr>\n<tr>\n<td width=\"45\">27\/02<\/td>\n<td width=\"112\">GESTI\u00d3N DE LAS ORGANIZACONES<\/td>\n<td width=\"40\">1\u00ba B<\/td>\n<td width=\"198\">GESTI\u00d3N DEL CAPITAL HUMANO<\/td>\n<td width=\"61\">18\/03\u00a0 \u00a018 hs<\/td>\n<\/tr>\n<tr>\n<td width=\"45\">26\/02<\/td>\n<td width=\"112\">T\u00c9C. DESARROLLO DE SOFTWARE<\/td>\n<td width=\"40\">1\u00ba A<\/td>\n<td width=\"198\">MATEM\u00c1TICA GENERAL<\/td>\n<td width=\"61\">02\/03<\/p>\n<p>18 hs<\/td>\n<\/tr>\n<tr>\n<td width=\"45\">26\/02<\/td>\n<td width=\"112\">T\u00c9C. DESARROLLO DE SOFTWARE<\/td>\n<td width=\"40\">2\u00ba A<\/td>\n<td width=\"198\">ESTAD\u00cdSTICA<\/td>\n<td width=\"61\">02\/03<\/p>\n<p>18 hs<\/td>\n<\/tr>\n<tr>\n<td width=\"45\">27\/02<\/td>\n<td width=\"112\">MATEM\u00c1TICA<\/td>\n<td width=\"40\">3\u00ba<\/td>\n<td width=\"198\">F\u00cdSICA II<\/td>\n<td width=\"61\">03\/03\u00a0 14 hs<\/td>\n<\/tr>\n<tr>\n<td width=\"45\">27\/02<\/td>\n<td width=\"112\">F\u00cdSICA<\/td>\n<td width=\"40\">1\u00ba<\/td>\n<td width=\"198\">F\u00cdSICA I<\/td>\n<td width=\"61\">03\/03\u00a0 14 hs<\/td>\n<\/tr>\n<tr>\n<td width=\"45\">27\/02<\/td>\n<td width=\"112\">F\u00cdSICA<\/td>\n<td width=\"40\">2\u00ba<\/td>\n<td width=\"198\">F\u00cdSICA II<\/td>\n<td width=\"61\">03\/03\u00a0 14 hs<\/td>\n<\/tr>\n<tr>\n<td width=\"45\">03\/03<\/td>\n<td width=\"112\">GESTI\u00d3N DE LAS ORGANIZACIONES<\/td>\n<td width=\"40\">1\u00ba<\/td>\n<td width=\"198\">INFORM\u00c1TICA<\/td>\n<td width=\"61\">17 hs<\/td>\n<\/tr>\n<tr>\n<td width=\"45\">13\/03<\/td>\n<td width=\"112\">MATEM\u00c1TICA<\/td>\n<td width=\"40\">3\u00ba<\/td>\n<td width=\"198\">F\u00cdSICA II<\/td>\n<td width=\"61\">12\/03\u00a0 14 hs<\/td>\n<\/tr>\n<tr>\n<td width=\"45\">13\/03<\/td>\n<td width=\"112\">F\u00cdSICA<\/td>\n<td width=\"40\">2\u00ba<\/td>\n<td width=\"198\">F\u00cdSICA II<\/td>\n<td width=\"61\">12\/03\u00a0 \u00a014 hs<\/td>\n<\/tr>\n<tr>\n<td width=\"45\">13\/03<\/td>\n<td width=\"112\">F\u00cdSICA<\/td>\n<td width=\"40\">1\u00ba<\/td>\n<td width=\"198\">F\u00cdSICA I<\/td>\n<td width=\"61\">12\/03\u00a0 \u00a014 hs<\/td>\n<\/tr>\n<tr>\n<td width=\"45\">12\/03<\/td>\n<td width=\"112\">MATEM\u00c1TICA<\/td>\n<td width=\"40\">1\u00ba<\/td>\n<td width=\"198\">CTS. Y EDUCACI\u00d3N MATEM\u00c1TICA<\/td>\n<td width=\"61\">18\/03\u00a0 \u00a014 hs<\/td>\n<\/tr>\n<tr>\n<td width=\"45\">19\/02<\/td>\n<td width=\"112\">LENGUA Y LITERATURA<\/td>\n<td width=\"40\">2\u00ba<\/td>\n<td width=\"198\">ITINERARIO POR LA LITER. ARGENTINA II<\/td>\n<td width=\"61\">13\/03\u00a0 \u00a014 hs<\/td>\n<\/tr>\n<tr>\n<td width=\"45\">02\/03<\/td>\n<td width=\"112\">EDUC. PRIMARIA<\/td>\n<td width=\"40\">2\u00ba B<\/td>\n<td width=\"198\">CIENCIAS SOCIALES Y SU DID\u00c1CTICA<\/td>\n<td width=\"61\">18\/03\u00a0 18 hs<\/td>\n<\/tr>\n<tr>\n<td width=\"45\">02\/03<\/td>\n<td width=\"112\">EDUC. INICIAL<\/td>\n<td width=\"40\">2\u00ba A<\/td>\n<td width=\"198\">SUJETO DE LA EDUCACI\u00d3N INICIAL<\/td>\n<td width=\"61\">19\/03\u00a0 \u00a012 hs<\/td>\n<\/tr>\n<tr>\n<td width=\"45\">02\/03<\/td>\n<td width=\"112\">T\u00c9C. EN ENFERMER\u00cdA<\/td>\n<td width=\"40\">3\u00ba<\/td>\n<td width=\"198\">\u00c9TICA Y RESPONSABILIDAD SOCIAL<\/td>\n<td width=\"61\">19\/03\u00a0 \u00a012 hs<\/td>\n<\/tr>\n<tr>\n<td width=\"45\">02\/03<\/td>\n<td width=\"112\">EDUC. INICIAL<\/td>\n<td width=\"40\">2\u00ba B<\/td>\n<td width=\"198\">SUJETO DE LA EDUC. INICIAL<\/td>\n<td width=\"61\">19\/03\u00a0 18 hs<\/td>\n<\/tr>\n<tr>\n<td width=\"45\">18\/03<\/td>\n<td width=\"112\">M\u00daSICA<\/td>\n<td width=\"40\">3\u00ba A<\/td>\n<td width=\"198\">HISTORIA DE LA M\u00daSICA Y SU CONT. SOCIAL III<\/td>\n<td width=\"61\">19\/03\u00a0 \u00a08 hs<\/td>\n<\/tr>\n<tr>\n<td width=\"45\"><\/td>\n<td width=\"112\"><\/td>\n<td width=\"40\"><\/td>\n<td width=\"198\"><\/td>\n<td width=\"61\"><\/td>\n<\/tr>\n<tr>\n<td width=\"45\"><\/td>\n<td width=\"112\"><\/td>\n<td width=\"40\"><\/td>\n<td width=\"198\"><\/td>\n<td width=\"61\"><\/td>\n<\/tr>\n<tr>\n<td width=\"45\"><\/td>\n<td width=\"112\"><\/td>\n<td width=\"40\"><\/td>\n<td width=\"198\"><\/td>\n<td width=\"61\"><\/td>\n<\/tr>\n<tr>\n<td width=\"45\"><\/td>\n<td width=\"112\"><\/td>\n<td width=\"40\"><\/td>\n<td width=\"198\"><\/td>\n<td width=\"61\"><\/td>\n<\/tr>\n<tr>\n<td width=\"45\"><\/td>\n<td width=\"112\"><\/td>\n<td width=\"40\"><\/td>\n<td width=\"198\"><\/td>\n<td width=\"61\"><\/td>\n<\/tr>\n<tr>\n<td width=\"45\"><\/td>\n<td width=\"112\"><\/td>\n<td width=\"40\"><\/td>\n<td width=\"198\"><\/td>\n<td width=\"61\"><\/td>\n<\/tr>\n<tr>\n<td width=\"45\"><\/td>\n<td width=\"112\"><\/td>\n<td width=\"40\"><\/td>\n<td width=\"198\"><\/td>\n<td width=\"61\"><\/td>\n<\/tr>\n<tr>\n<td width=\"45\"><\/td>\n<td width=\"112\"><\/td>\n<td width=\"40\"><\/td>\n<td width=\"198\"><\/td>\n<td width=\"61\"><\/td>\n<\/tr>\n<tr>\n<td width=\"45\"><\/td>\n<td width=\"112\"><\/td>\n<td width=\"40\"><\/td>\n<td width=\"198\"><\/td>\n<td width=\"61\"><\/td>\n<\/tr>\n<tr>\n<td width=\"45\"><\/td>\n<td width=\"112\"><\/td>\n<td width=\"40\"><\/td>\n<td width=\"198\"><\/td>\n<td width=\"61\"><\/td>\n<\/tr>\n<tr>\n<td width=\"45\"><\/td>\n<td width=\"112\"><\/td>\n<td width=\"40\"><\/td>\n<td width=\"198\"><\/td>\n<td width=\"61\"><\/td>\n<\/tr>\n<tr>\n<td width=\"45\"><\/td>\n<td width=\"112\"><\/td>\n<td width=\"40\"><\/td>\n<td width=\"198\"><\/td>\n<td width=\"61\"><\/td>\n<\/tr>\n<tr>\n<td width=\"45\"><\/td>\n<td width=\"112\"><\/td>\n<td width=\"40\"><\/td>\n<td width=\"198\"><\/td>\n<td width=\"61\"><\/td>\n<\/tr>\n<tr>\n<td width=\"45\"><\/td>\n<td width=\"112\"><\/td>\n<td width=\"40\"><\/td>\n<td width=\"198\"><\/td>\n<td width=\"61\"><\/td>\n<\/tr>\n<tr>\n<td width=\"45\"><\/td>\n<td width=\"112\"><\/td>\n<td width=\"40\"><\/td>\n<td width=\"198\"><\/td>\n<td width=\"61\"><\/td>\n<\/tr>\n<tr>\n<td width=\"45\"><\/td>\n<td width=\"112\"><\/td>\n<td width=\"40\"><\/td>\n<td width=\"198\"><\/td>\n<td width=\"61\"><\/td>\n<\/tr>\n<tr>\n<td width=\"45\"><\/td>\n<td width=\"112\"><\/td>\n<td width=\"40\"><\/td>\n<td width=\"198\"><\/td>\n<td width=\"61\"><\/td>\n<\/tr>\n<tr>\n<td width=\"45\"><\/td>\n<td width=\"112\"><\/td>\n<td width=\"40\"><\/td>\n<td width=\"198\"><\/td>\n<td width=\"61\"><\/td>\n<\/tr>\n<tr>\n<td width=\"45\"><\/td>\n<td width=\"112\"><\/td>\n<td width=\"40\"><\/td>\n<td width=\"198\"><\/td>\n<td width=\"61\"><\/td>\n<\/tr>\n<tr>\n<td width=\"45\"><\/td>\n<td width=\"112\"><\/td>\n<td width=\"40\"><\/td>\n<td width=\"198\"><\/td>\n<td width=\"61\"><\/td>\n<\/tr>\n<tr>\n<td width=\"45\"><\/td>\n<td width=\"112\"><\/td>\n<td width=\"40\"><\/td>\n<td width=\"198\"><\/td>\n<td width=\"61\"><\/td>\n<\/tr>\n<tr>\n<td width=\"45\"><\/td>\n<td width=\"112\"><\/td>\n<td width=\"40\"><\/td>\n<td width=\"198\"><\/td>\n<td width=\"61\"><\/td>\n<\/tr>\n<tr>\n<td width=\"45\"><\/td>\n<td width=\"112\"><\/td>\n<td width=\"40\"><\/td>\n<td width=\"198\"><\/td>\n<td width=\"61\"><\/td>\n<\/tr>\n<tr>\n<td width=\"45\"><\/td>\n<td width=\"112\"><\/td>\n<td width=\"40\"><\/td>\n<td width=\"198\"><\/td>\n<td width=\"61\"><\/td>\n<\/tr>\n<tr>\n<td width=\"45\"><\/td>\n<td width=\"112\"><\/td>\n<td width=\"40\"><\/td>\n<td width=\"198\"><\/td>\n<td width=\"61\"><\/td>\n<\/tr>\n<tr>\n<td width=\"45\"><\/td>\n<td width=\"112\"><\/td>\n<td width=\"40\"><\/td>\n<td width=\"198\"><\/td>\n<td width=\"61\"><\/td>\n<\/tr>\n<tr>\n<td width=\"45\"><\/td>\n<td width=\"112\"><\/td>\n<td width=\"40\"><\/td>\n<td width=\"198\"><\/td>\n<td width=\"61\"><\/td>\n<\/tr>\n<tr>\n<td width=\"45\"><\/td>\n<td width=\"112\"><\/td>\n<td width=\"40\"><\/td>\n<td width=\"198\"><\/td>\n<td width=\"61\"><\/td>\n<\/tr>\n<tr>\n<td width=\"45\"><\/td>\n<td width=\"112\"><\/td>\n<td width=\"40\"><\/td>\n<td width=\"198\"><\/td>\n<td width=\"61\"><\/td>\n<\/tr>\n<tr>\n<td width=\"45\"><\/td>\n<td width=\"112\"><\/td>\n<td width=\"40\"><\/td>\n<td width=\"198\"><\/td>\n<td width=\"61\"><\/td>\n<\/tr>\n<tr>\n<td width=\"45\"><\/td>\n<td width=\"61\"><\/td>\n<td><\/td>\n<td><\/td>\n<td><\/td>\n<\/tr>\n<tr>\n<td width=\"45\"><\/td>\n<td width=\"112\"><\/td>\n<td width=\"40\"><\/td>\n<td width=\"198\"><\/td>\n<td width=\"61\"><\/td>\n<\/tr>\n<tr>\n<td width=\"45\"><\/td>\n<td width=\"112\"><\/td>\n<td width=\"40\"><\/td>\n<td width=\"198\"><\/td>\n<td width=\"61\"><\/td>\n<\/tr>\n<tr>\n<td width=\"45\"><\/td>\n<td width=\"112\"><\/td>\n<td width=\"40\"><\/td>\n<td width=\"198\"><\/td>\n<td width=\"61\"><\/td>\n<\/tr>\n<tr>\n<td width=\"45\"><\/td>\n<td width=\"112\"><\/td>\n<td width=\"40\"><\/td>\n<td width=\"198\"><\/td>\n<td width=\"61\"><\/td>\n<\/tr>\n<tr>\n<td width=\"45\"><\/td>\n<td width=\"112\"><\/td>\n<td width=\"40\"><\/td>\n<td width=\"198\"><\/td>\n<td width=\"61\"><\/td>\n<\/tr>\n<tr>\n<td width=\"45\"><\/td>\n<td width=\"112\"><\/td>\n<td width=\"40\"><\/td>\n<td width=\"198\"><\/td>\n<td width=\"61\"><\/td>\n<\/tr>\n<tr>\n<td width=\"45\"><\/td>\n<td width=\"112\"><\/td>\n<td width=\"40\"><\/td>\n<td width=\"198\"><\/td>\n<td width=\"61\"><\/td>\n<\/tr>\n<tr>\n<td width=\"45\"><\/td>\n<td width=\"112\"><\/td>\n<td width=\"40\"><\/td>\n<td width=\"198\"><\/td>\n<td width=\"61\"><\/td>\n<\/tr>\n<tr>\n<td width=\"45\"><\/td>\n<td width=\"112\"><\/td>\n<td width=\"40\"><\/td>\n<td width=\"198\"><\/td>\n<td width=\"61\"><\/td>\n<\/tr>\n<tr>\n<td width=\"45\"><\/td>\n<td width=\"112\"><\/td>\n<td width=\"40\"><\/td>\n<td width=\"198\"><\/td>\n<td width=\"61\"><\/td>\n<\/tr>\n<tr>\n<td width=\"45\"><\/td>\n<td width=\"112\"><\/td>\n<td width=\"40\"><\/td>\n<td width=\"198\"><\/td>\n<td width=\"61\"><\/td>\n<\/tr>\n<tr>\n<td width=\"45\"><\/td>\n<td width=\"112\"><\/td>\n<td width=\"40\"><\/td>\n<td width=\"198\"><\/td>\n<td width=\"61\"><\/td>\n<\/tr>\n<tr>\n<td width=\"45\"><\/td>\n<td width=\"112\"><\/td>\n<td width=\"40\"><\/td>\n<td width=\"198\"><\/td>\n<td width=\"61\"><\/td>\n<\/tr>\n<tr>\n<td width=\"45\"><\/td>\n<td width=\"112\"><\/td>\n<td width=\"40\"><\/td>\n<td width=\"198\"><\/td>\n<td width=\"61\"><\/td>\n<\/tr>\n<tr>\n<td width=\"45\"><\/td>\n<td width=\"112\"><\/td>\n<td width=\"40\"><\/td>\n<td width=\"198\"><\/td>\n<td width=\"61\"><\/td>\n<\/tr>\n<tr>\n<td width=\"45\"><\/td>\n<td width=\"112\"><\/td>\n<td width=\"40\"><\/td>\n<td width=\"198\"><\/td>\n<td width=\"61\"><\/td>\n<\/tr>\n<tr>\n<td width=\"45\"><\/td>\n<td width=\"112\"><\/td>\n<td width=\"40\"><\/td>\n<td width=\"198\"><\/td>\n<td width=\"61\"><\/td>\n<\/tr>\n<tr>\n<td width=\"45\"><\/td>\n<td width=\"112\"><\/td>\n<td width=\"40\"><\/td>\n<td width=\"198\"><\/td>\n<td width=\"61\"><\/td>\n<\/tr>\n<tr>\n<td width=\"45\"><\/td>\n<td width=\"112\"><\/td>\n<td width=\"40\"><\/td>\n<td width=\"198\"><\/td>\n<td width=\"61\"><\/td>\n<\/tr>\n<tr>\n<td width=\"45\"><\/td>\n<td width=\"112\"><\/td>\n<td width=\"40\"><\/td>\n<td width=\"198\"><\/td>\n<td width=\"61\"><\/td>\n<\/tr>\n<tr>\n<td width=\"45\"><\/td>\n<td width=\"112\"><\/td>\n<td width=\"40\"><\/td>\n<td width=\"198\"><\/td>\n<td width=\"61\"><\/td>\n<\/tr>\n<tr>\n<td width=\"45\"><\/td>\n<td width=\"112\"><\/td>\n<td width=\"40\"><\/td>\n<td width=\"198\"><\/td>\n<td width=\"61\"><\/td>\n<\/tr>\n<tr>\n<td width=\"45\"><\/td>\n<td width=\"112\"><\/td>\n<td width=\"40\"><\/td>\n<td width=\"198\"><\/td>\n<td width=\"61\"><\/td>\n<\/tr>\n<tr>\n<td width=\"45\"><\/td>\n<td width=\"112\"><\/td>\n<td width=\"40\"><\/td>\n<td width=\"198\"><\/td>\n<td width=\"61\"><\/td>\n<\/tr>\n<tr>\n<td width=\"45\"><\/td>\n<td width=\"112\"><\/td>\n<td width=\"40\"><\/td>\n<td width=\"198\"><\/td>\n<td width=\"61\"><\/td>\n<\/tr>\n<tr>\n<td width=\"45\"><\/td>\n<td width=\"112\"><\/td>\n<td width=\"40\"><\/td>\n<td width=\"198\"><\/td>\n<td width=\"61\"><\/td>\n<\/tr>\n<tr>\n<td width=\"45\"><\/td>\n<td width=\"112\"><\/td>\n<td width=\"40\"><\/td>\n<td width=\"198\"><\/td>\n<td width=\"61\"><\/td>\n<\/tr>\n<tr>\n<td width=\"45\"><\/td>\n<td width=\"112\"><\/td>\n<td width=\"40\"><\/td>\n<td width=\"198\"><\/td>\n<td width=\"61\"><\/td>\n<\/tr>\n<tr>\n<td width=\"45\"><\/td>\n<td width=\"112\"><\/td>\n<td width=\"40\"><\/td>\n<td width=\"198\"><\/td>\n<td width=\"61\"><\/td>\n<\/tr>\n<tr>\n<td width=\"45\"><\/td>\n<td width=\"112\"><\/td>\n<td width=\"40\"><\/td>\n<td width=\"198\"><\/td>\n<td width=\"61\"><\/td>\n<\/tr>\n<tr>\n<td width=\"45\"><\/td>\n<td width=\"112\"><\/td>\n<td width=\"40\"><\/td>\n<td width=\"198\"><\/td>\n<td width=\"61\"><\/td>\n<\/tr>\n<tr>\n<td width=\"45\"><\/td>\n<td width=\"112\"><\/td>\n<td width=\"40\"><\/td>\n<td width=\"198\"><\/td>\n<td width=\"61\"><\/td>\n<\/tr>\n<tr>\n<td width=\"45\"><\/td>\n<td width=\"112\"><\/td>\n<td width=\"40\"><\/td>\n<td width=\"198\"><\/td>\n<td width=\"61\"><\/td>\n<\/tr>\n<tr>\n<td width=\"45\"><\/td>\n<td width=\"112\"><\/td>\n<td width=\"40\"><\/td>\n<td width=\"198\"><\/td>\n<td width=\"61\"><\/td>\n<\/tr>\n<tr>\n<td width=\"45\"><\/td>\n<td width=\"112\"><\/td>\n<td width=\"40\"><\/td>\n<td width=\"198\"><\/td>\n<td width=\"61\"><\/td>\n<\/tr>\n<tr>\n<td width=\"45\"><\/td>\n<td width=\"112\"><\/td>\n<td width=\"40\"><\/td>\n<td width=\"198\"><\/td>\n<td width=\"61\"><\/td>\n<\/tr>\n<tr>\n<td width=\"45\"><\/td>\n<td width=\"112\"><\/td>\n<td width=\"40\"><\/td>\n<td width=\"198\"><\/td>\n<td width=\"61\"><\/td>\n<\/tr>\n<tr>\n<td width=\"45\"><\/td>\n<td width=\"112\"><\/td>\n<td width=\"40\"><\/td>\n<td width=\"198\"><\/td>\n<td width=\"61\"><\/td>\n<\/tr>\n<tr>\n<td width=\"45\"><\/td>\n<td width=\"112\"><\/td>\n<td width=\"40\"><\/td>\n<td width=\"198\"><\/td>\n<td width=\"61\"><\/td>\n<\/tr>\n<tr>\n<td width=\"45\"><\/td>\n<td width=\"112\"><\/td>\n<td width=\"40\"><\/td>\n<td width=\"198\"><\/td>\n<td width=\"61\"><\/td>\n<\/tr>\n<tr>\n<td width=\"45\"><\/td>\n<td width=\"112\"><\/td>\n<td width=\"40\"><\/td>\n<td width=\"198\"><\/td>\n<td width=\"61\"><\/td>\n<\/tr>\n<tr>\n<td width=\"45\"><\/td>\n<td width=\"112\"><\/td>\n<td width=\"40\"><\/td>\n<td width=\"198\"><\/td>\n<td width=\"61\"><\/td>\n<\/tr>\n<tr>\n<td width=\"45\"><\/td>\n<td width=\"112\"><\/td>\n<td width=\"40\"><\/td>\n<td width=\"198\"><\/td>\n<td width=\"61\"><\/td>\n<\/tr>\n<tr>\n<td width=\"45\"><\/td>\n<td width=\"112\"><\/td>\n<td width=\"40\"><\/td>\n<td width=\"198\"><\/td>\n<td width=\"61\"><\/td>\n<\/tr>\n<tr>\n<td width=\"45\"><\/td>\n<td width=\"112\"><\/td>\n<td width=\"40\"><\/td>\n<td width=\"198\"><\/td>\n<td width=\"61\"><\/td>\n<\/tr>\n<tr>\n<td width=\"45\"><\/td>\n<td width=\"112\"><\/td>\n<td width=\"40\"><\/td>\n<td width=\"198\"><\/td>\n<td width=\"61\"><\/td>\n<\/tr>\n<tr>\n<td width=\"45\"><\/td>\n<td width=\"112\"><\/td>\n<td width=\"40\"><\/td>\n<td width=\"198\"><\/td>\n<td width=\"61\"><\/td>\n<\/tr>\n<tr>\n<td width=\"45\"><\/td>\n<td width=\"112\"><\/td>\n<td width=\"40\"><\/td>\n<td width=\"198\"><\/td>\n<td width=\"61\"><\/td>\n<\/tr>\n<tr>\n<td width=\"45\"><\/td>\n<td width=\"112\"><\/td>\n<td width=\"40\"><\/td>\n<td width=\"198\"><\/td>\n<td width=\"61\"><\/td>\n<\/tr>\n<tr>\n<td width=\"45\"><\/td>\n<td width=\"112\"><\/td>\n<td width=\"40\"><\/td>\n<td width=\"198\"><\/td>\n<td width=\"61\"><\/td>\n<\/tr>\n<tr>\n<td width=\"45\"><\/td>\n<td width=\"112\"><\/td>\n<td width=\"40\"><\/td>\n<td width=\"198\"><\/td>\n<td width=\"61\"><\/td>\n<\/tr>\n<tr>\n<td width=\"45\"><\/td>\n<td width=\"112\"><\/td>\n<td width=\"40\"><\/td>\n<td width=\"198\"><\/td>\n<td width=\"61\"><\/td>\n<\/tr>\n<tr>\n<td width=\"45\"><\/td>\n<td width=\"112\"><\/td>\n<td width=\"40\"><\/td>\n<td width=\"198\"><\/td>\n<td width=\"61\"><\/td>\n<\/tr>\n<tr>\n<td width=\"45\"><\/td>\n<td width=\"112\"><\/td>\n<td width=\"40\"><\/td>\n<td width=\"198\"><\/td>\n<td width=\"61\"><\/td>\n<\/tr>\n<\/tbody>\n<\/table>\n","protected":false},"excerpt":{"rendered":"<p>FECHA CARRERA CURSO ASIGNATURA CAMBIO 18\/02 EDUC. PRIMARIA 1\u00ba B PEDAGOG\u00cdA 18\/03\u00a0 14 hs 20\/02 LOG\u00cdSTICA 2\u00ba ADMINISTRACI\u00d3N 18\/03\u00a0 18 hs 25\/02 y 11\/03 BIOLOG\u00cdA 3\u00ba BIOLOG\u00cdA HUMANA Y SALUD I Escrito libres 13 hs 27\/02\u00a0 y\u00a0 13\/03 BIOLOG\u00cdA 1\u00ba BIOLOG\u00cdA I Escrito libres 13 hs 06\/03 EDUC. ESPECIAL 1\u00ba BIOLOG\u00cdA, GEN\u00c9TICA Y HEUROEND\u00d3CRINA Escrito &#8230; <a title=\"CAMBIOS DE MESAS FEBRERO \/ MARZO 2026\" class=\"read-more\" href=\"https:\/\/isp2-sfe.infd.edu.ar\/sitio\/cambios-de-mesas\/\" aria-label=\"More on CAMBIOS DE MESAS FEBRERO \/ MARZO 2026\">[+]<\/a><\/p>\n","protected":false},"author":7,"featured_media":0,"parent":0,"menu_order":0,"comment_status":"closed","ping_status":"closed","template":"","meta":[],"acf":[],"_links":{"self":[{"href":"https:\/\/isp2-sfe.infd.edu.ar\/sitio\/wp-json\/wp\/v2\/pages\/2076"}],"collection":[{"href":"https:\/\/isp2-sfe.infd.edu.ar\/sitio\/wp-json\/wp\/v2\/pages"}],"about":[{"href":"https:\/\/isp2-sfe.infd.edu.ar\/sitio\/wp-json\/wp\/v2\/types\/page"}],"author":[{"embeddable":true,"href":"https:\/\/isp2-sfe.infd.edu.ar\/sitio\/wp-json\/wp\/v2\/users\/7"}],"replies":[{"embeddable":true,"href":"https:\/\/isp2-sfe.infd.edu.ar\/sitio\/wp-json\/wp\/v2\/comments?post=2076"}],"version-history":[{"count":359,"href":"https:\/\/isp2-sfe.infd.edu.ar\/sitio\/wp-json\/wp\/v2\/pages\/2076\/revisions"}],"predecessor-version":[{"id":6956,"href":"https:\/\/isp2-sfe.infd.edu.ar\/sitio\/wp-json\/wp\/v2\/pages\/2076\/revisions\/6956"}],"wp:attachment":[{"href":"https:\/\/isp2-sfe.infd.edu.ar\/sitio\/wp-json\/wp\/v2\/media?parent=2076"}],"curies":[{"name":"wp","href":"https:\/\/api.w.org\/{rel}","templated":true}]}}