{"id":2072,"date":"2021-06-23T16:50:46","date_gmt":"2021-06-23T19:50:46","guid":{"rendered":"https:\/\/isp2-sfe.infd.edu.ar\/sitio\/mesas-de-examenes-julio-agosto-2018\/"},"modified":"2025-12-17T16:45:15","modified_gmt":"2025-12-17T19:45:15","slug":"mesas-de-examenes","status":"publish","type":"page","link":"https:\/\/isp2-sfe.infd.edu.ar\/sitio\/mesas-de-examenes\/","title":{"rendered":"Mesas de ex\u00e1menes FEBRERO\/MARZO 2026"},"content":{"rendered":"<p><strong><span style=\"font-size: 14pt;\">INSCRIPCI\u00d3N A EX\u00c1MENES FEBRERO\/MARZO 2026<br \/>\n<\/span><\/strong><\/p>\n<p><strong><span style=\"font-size: 14pt;\">04\/02 al 10\/02<\/span><\/strong><\/p>\n<p><strong><span style=\"font-size: 14pt;\">\u00a0<\/span><\/strong><\/p>\n<h3><a href=\"https:\/\/drive.google.com\/file\/d\/1_iBYaWwZpLjbJIiDXAhuSFw67DQcGZ76\/view?usp=sharing\" target=\"_blank\" rel=\"noopener\">LINK PARA VER MESAS DE EX\u00c1MENES<\/a><\/h3>\n<h3>Link para inscribirse: <a href=\"https:\/\/isp2rafaela.edu.ar\/login.aspx\">www.isp2rafaela.edu.ar<\/a><\/h3>\n<p>Cualquier reclamo por inscripci\u00f3n a ex\u00e1menes, debe realizarse <span style=\"text-decoration: underline;\">\u00fanicamente<\/span> dentro del per\u00edodo de inscripci\u00f3n a los mismos. Recuerden imprimir el permiso de examen lo antes posible para que puedan corroborar que los datos sean los deseados.<\/p>\n<p>Por consultas contactarse al mail <a href=\"mailto:alumnadoisp2@gmail.com\">alumnadoisp2@gmail.com<\/a><\/p>\n<p><span style=\"font-size: 18pt;\"><span style=\"font-size: 14pt;\"><em><br \/>\n<\/em><span style=\"color: #ff0000;\"><strong><span style=\"font-size: 12pt;\">Cualquier cambio de horarios o fechas de las mesas de ex\u00e1menes se ver\u00e1 reflejado en la <a href=\"https:\/\/isp2-sfe.infd.edu.ar\/sitio\/cambios-de-mesas\/\">secci\u00f3n pizarr\u00f3n<\/a>, recomendamos revisarlo peri\u00f3dicamente.<\/span><\/strong><\/span><\/span><\/span><\/p>\n<p><span style=\"text-align: justify;\"><span style=\"text-decoration: underline; font-size: 12pt; font-family: arial, helvetica, sans-serif;\"><strong><span style=\"font-size: large;\"><strong>INSCRIPCI\u00d3N A EX\u00c1MENES ONLINE<\/strong><\/span><\/strong><\/span><\/span><\/p>\n<p><a style=\"text-align: justify;\" title=\"inscripci\u00f3n a ex\u00e1menes\" href=\"http:\/\/www.isp2rafaela.edu.ar\/login.aspx\">\u00a0www.isp2rafaela.edu.ar<\/a><\/p>\n<p style=\"text-align: justify;\"><strong>INSTRUCCIONES PARA QUIENES INGRESAN POR PRIMERA VEZ:<\/strong><\/p>\n<p style=\"text-align: justify;\">Al momento de ingresar en el link indicado:\u00a0<a title=\"inscripci\u00f3n a ex\u00e1menes\" href=\"http:\/\/www.isp2rafaela.edu.ar\/login.aspx\">\u00a0www.isp2rafaela.edu.ar<\/a>\u00a0 deber\u00e1n optar por la opci\u00f3n alumno,\u00a0 deber\u00e1n ingresar su n\u00famero de documento y la clave es el mismo n\u00famero de documento.<\/p>\n<p style=\"text-align: justify;\">Deber\u00e1n elegir adem\u00e1s su n\u00famero de legajo si poseyeran m\u00e1s de uno.<\/p>\n<p style=\"text-align: justify;\">Deber\u00e1n leer atentamente la p\u00e1gina de inicio donde se les da una gu\u00eda r\u00e1pida del sitio, indicando las acciones que deber\u00e1n realizar inmediatamente la primera vez que ingresan como ser :<\/p>\n<p style=\"text-align: justify;\">Actualizaci\u00f3n de su direcci\u00f3n de correo<\/p>\n<p style=\"text-align: justify;\">Cambio de contrase\u00f1a<\/p>\n<p style=\"text-align: justify;\">En el men\u00fa ex\u00e1menes, opci\u00f3n inscripci\u00f3n a ex\u00e1menes , deber\u00e1n hacer click en el bot\u00f3n <strong>AGREGAR<\/strong> (esta en la parte superior, derecha) y all\u00ed seleccionar las materias o comisiones que el sistema ya propone, en funci\u00f3n de los datos existentes sobre materias rendidas, regularidades y correlatividades.<\/p>\n<p style=\"text-align: justify;\">Es sumamente importante recordar que la inscripci\u00f3n no se efectuar\u00e1 , ni imprimir\u00e1, hasta no hacer click en el bot\u00f3n <strong>GUARDAR<\/strong> una vez agregadas las materias a rendir.<\/p>\n<p style=\"text-align: justify;\">Es fundamental\u00a0\u00a0que realicen las inscripciones a ex\u00e1menes <strong>lo antes posible<\/strong> a los efectos de resolver situaciones que puedan presentarse.\u00a0<strong>IMPRIMIR EL PERMISO DE EXAMEN AL FINALIZAR SU INSCRIPCI\u00d3N.<\/strong><\/p>\n<p style=\"text-align: justify;\"><em>En caso de ser necesario pueden utilizar la Sala de Inform\u00e1tica corroborando los horarios.<\/em><span style=\"font-size: 14pt;\"><em><br \/>\n<\/em><\/span><\/p>\n<p><strong>\u00a0<\/strong><\/p>\n","protected":false},"excerpt":{"rendered":"<p>INSCRIPCI\u00d3N A EX\u00c1MENES FEBRERO\/MARZO 2026 04\/02 al 10\/02 \u00a0 LINK PARA VER MESAS DE EX\u00c1MENES Link para inscribirse: www.isp2rafaela.edu.ar Cualquier reclamo por inscripci\u00f3n a ex\u00e1menes, debe realizarse \u00fanicamente dentro del per\u00edodo de inscripci\u00f3n a los mismos. Recuerden imprimir el permiso de examen lo antes posible para que puedan corroborar que los datos sean los deseados. &#8230; <a title=\"Mesas de ex\u00e1menes FEBRERO\/MARZO 2026\" class=\"read-more\" href=\"https:\/\/isp2-sfe.infd.edu.ar\/sitio\/mesas-de-examenes\/\" aria-label=\"More on Mesas de ex\u00e1menes FEBRERO\/MARZO 2026\">[+]<\/a><\/p>\n","protected":false},"author":3998,"featured_media":0,"parent":0,"menu_order":0,"comment_status":"closed","ping_status":"closed","template":"","meta":[],"acf":[],"_links":{"self":[{"href":"https:\/\/isp2-sfe.infd.edu.ar\/sitio\/wp-json\/wp\/v2\/pages\/2072"}],"collection":[{"href":"https:\/\/isp2-sfe.infd.edu.ar\/sitio\/wp-json\/wp\/v2\/pages"}],"about":[{"href":"https:\/\/isp2-sfe.infd.edu.ar\/sitio\/wp-json\/wp\/v2\/types\/page"}],"author":[{"embeddable":true,"href":"https:\/\/isp2-sfe.infd.edu.ar\/sitio\/wp-json\/wp\/v2\/users\/3998"}],"replies":[{"embeddable":true,"href":"https:\/\/isp2-sfe.infd.edu.ar\/sitio\/wp-json\/wp\/v2\/comments?post=2072"}],"version-history":[{"count":46,"href":"https:\/\/isp2-sfe.infd.edu.ar\/sitio\/wp-json\/wp\/v2\/pages\/2072\/revisions"}],"predecessor-version":[{"id":6837,"href":"https:\/\/isp2-sfe.infd.edu.ar\/sitio\/wp-json\/wp\/v2\/pages\/2072\/revisions\/6837"}],"wp:attachment":[{"href":"https:\/\/isp2-sfe.infd.edu.ar\/sitio\/wp-json\/wp\/v2\/media?parent=2072"}],"curies":[{"name":"wp","href":"https:\/\/api.w.org\/{rel}","templated":true}]}}