{"id":2051,"date":"2021-10-25T04:50:00","date_gmt":"2021-10-25T07:50:00","guid":{"rendered":"https:\/\/isp2-sfe.infd.edu.ar\/sitio\/inscripcion-2018\/"},"modified":"2026-02-14T20:49:34","modified_gmt":"2026-02-14T23:49:34","slug":"inscripcion-2025","status":"publish","type":"page","link":"https:\/\/isp2-sfe.infd.edu.ar\/sitio\/inscripcion-2025\/","title":{"rendered":"INSCRIPCI\u00d3N 2026"},"content":{"rendered":"<p style=\"text-align: center;\"><span style=\"text-decoration: underline;\"><span style=\"font-size: 12pt;\"><strong>Preinscripci\u00f3n a 1\u00b0 a\u00f1o:<\/strong><\/span><\/span><\/p>\n<div><span style=\"color: #000000; font-size: large;\">\u00a0<\/span><\/div>\n<div><span style=\"color: #000000; font-size: large;\">Para todos los interesados en cursar alguna de las carreras que ofrece nuestro ISP2 abrimos el per\u00edodo de Inscripci\u00f3n a 1er a\u00f1o:<\/span><\/div>\n<div><span style=\"color: #000000; font-size: large;\">\u00a0<\/span><\/div>\n<p style=\"text-align: center;\"><span style=\"color: #000000;\"><span style=\"font-size: xx-large;\">09\/02 al 15\/03<\/span><\/span><\/p>\n<div>\n<div><\/div>\n<div><span style=\"color: #000000;\"><span style=\"font-size: large;\">Completar la planilla de<a href=\"https:\/\/preinscripciones.isp2rafaela.edu.ar\" target=\"_blank\" rel=\"noopener\"><strong> inscripci\u00f3n ONLINE<\/strong><\/a>, imprimirla y presentarla del junto con la documentaci\u00f3n requerida en Departamento de Alumnos de 8 a 20hs.<br \/>\n<\/span><\/span><\/div>\n<\/div>\n<div style=\"text-align: center;\"><\/div>\n<div><\/div>\n<h3 style=\"text-align: center;\"><a href=\"https:\/\/preinscripciones.isp2rafaela.edu.ar\" target=\"_blank\" rel=\"noopener\">LINK<\/a><\/h3>\n<p><strong>La documentaci\u00f3n a presentar es la siguiente:<\/strong><\/p>\n<p>1. DNI (Fotocopia legalizada anverso y reverso)<\/p>\n<p>2. T\u00edtulo de Nivel Medio &#8211; (fotocopia legalizada si es formato f\u00edsico o copia del t\u00edtulo digital bajo Resoluci\u00f3n CFE N\u00b0 440\/23)<\/p>\n<p>3. Certificado de Salud (extendido por organismo oficial o m\u00e9dico particular)<\/p>\n<p>4. 2 fotos 4&#215;4 tipo carnet actualizada\u00a0(apellido\u00a0y nombre al dorso)<\/p>\n<p>5. Partida de nacimiento (s\u00f3lo para nacidos en otras provincias)<\/p>\n<p>6. Aporte para Asociaci\u00f3n Cooperadora: $ 40.000<\/p>\n<p><strong>Para imprimir el instructivo para inscribirse, <a title=\"Instructivo para inscripciones 2013\" href=\"upload\/instructivo.docx\" target=\"_blank\" rel=\"noopener\">haga click aqu\u00ed<\/a><\/strong><\/p>\n<p style=\"text-align: justify;\"><strong>\u00a0<img decoding=\"async\" title=\"gif- flecha roja\" src=\"https:\/\/isp2-sfe.infd.edu.ar\/sitio\/wp-content\/uploads\/2018\/08\/arow016.gif\" alt=\"gif- flecha roja\" border=\"0\" \/> <\/strong><strong>Se recuerda a los ingresantes que para poder imprimir la inscripci\u00f3n deber\u00e1n tener descargados los complementos que se detallan al ingresar sus datos<\/strong><\/p>\n<div><\/div>\n<p><iframe loading=\"lazy\" title=\"Tutorial 2019 ingreso ISP 2 Rafaela\" width=\"1200\" height=\"675\" src=\"https:\/\/www.youtube.com\/embed\/9Q0szvSyOSQ?feature=oembed\" frameborder=\"0\" allow=\"accelerometer; autoplay; clipboard-write; encrypted-media; gyroscope; picture-in-picture; web-share\" referrerpolicy=\"strict-origin-when-cross-origin\" allowfullscreen><\/iframe><\/p>\n","protected":false},"excerpt":{"rendered":"<p>Preinscripci\u00f3n a 1\u00b0 a\u00f1o: \u00a0 Para todos los interesados en cursar alguna de las carreras que ofrece nuestro ISP2 abrimos el per\u00edodo de Inscripci\u00f3n a 1er a\u00f1o: \u00a0 09\/02 al 15\/03 Completar la planilla de inscripci\u00f3n ONLINE, imprimirla y presentarla del junto con la documentaci\u00f3n requerida en Departamento de Alumnos de 8 a 20hs. LINK &#8230; <a title=\"INSCRIPCI\u00d3N 2026\" class=\"read-more\" href=\"https:\/\/isp2-sfe.infd.edu.ar\/sitio\/inscripcion-2025\/\" aria-label=\"More on INSCRIPCI\u00d3N 2026\">[+]<\/a><\/p>\n","protected":false},"author":3998,"featured_media":0,"parent":0,"menu_order":0,"comment_status":"closed","ping_status":"closed","template":"","meta":[],"acf":[],"_links":{"self":[{"href":"https:\/\/isp2-sfe.infd.edu.ar\/sitio\/wp-json\/wp\/v2\/pages\/2051"}],"collection":[{"href":"https:\/\/isp2-sfe.infd.edu.ar\/sitio\/wp-json\/wp\/v2\/pages"}],"about":[{"href":"https:\/\/isp2-sfe.infd.edu.ar\/sitio\/wp-json\/wp\/v2\/types\/page"}],"author":[{"embeddable":true,"href":"https:\/\/isp2-sfe.infd.edu.ar\/sitio\/wp-json\/wp\/v2\/users\/3998"}],"replies":[{"embeddable":true,"href":"https:\/\/isp2-sfe.infd.edu.ar\/sitio\/wp-json\/wp\/v2\/comments?post=2051"}],"version-history":[{"count":50,"href":"https:\/\/isp2-sfe.infd.edu.ar\/sitio\/wp-json\/wp\/v2\/pages\/2051\/revisions"}],"predecessor-version":[{"id":6853,"href":"https:\/\/isp2-sfe.infd.edu.ar\/sitio\/wp-json\/wp\/v2\/pages\/2051\/revisions\/6853"}],"wp:attachment":[{"href":"https:\/\/isp2-sfe.infd.edu.ar\/sitio\/wp-json\/wp\/v2\/media?parent=2051"}],"curies":[{"name":"wp","href":"https:\/\/api.w.org\/{rel}","templated":true}]}}