{"id":2039,"date":"2021-05-14T16:00:32","date_gmt":"2021-05-14T19:00:32","guid":{"rendered":"https:\/\/isp2-sfe.infd.edu.ar\/sitio\/requisitos-para-entrega-de-seminarios\/"},"modified":"2024-09-27T10:19:13","modified_gmt":"2024-09-27T13:19:13","slug":"requisitos-para-entrega-de-seminarios","status":"publish","type":"page","link":"https:\/\/isp2-sfe.infd.edu.ar\/sitio\/requisitos-para-entrega-de-seminarios\/","title":{"rendered":"Requisitos para entrega"},"content":{"rendered":"<h4><a href=\"https:\/\/isp2-sfe.infd.edu.ar\/sitio\/wp-content\/uploads\/2024\/09\/Requisitos-para-la-presentacion-y-entrega-de-los-trabajos-academicos-2024.pdf\">Requisitos para la presentaci\u00f3n y entrega de trabajos acad\u00e9micos<\/a><\/h4>\n<h4><a href=\"https:\/\/isp2-sfe.infd.edu.ar\/sitio\/wp-content\/uploads\/2024\/09\/Planilla-para-la-entrega-de-Trabajos-Academicos-a-Biblioteca-2024.pdf\">Planilla para la entrega de Trabajos Acad\u00e9micos\u00a0<\/a><\/h4>\n<h4><a href=\"https:\/\/isp2-sfe.infd.edu.ar\/sitio\/wp-content\/uploads\/2024\/09\/NORMAS-APA-2024.pdf\"><strong>NORMAS APA<\/strong><\/a><\/h4>\n","protected":false},"excerpt":{"rendered":"<p>Requisitos para la presentaci\u00f3n y entrega de trabajos acad\u00e9micos Planilla para la entrega de Trabajos Acad\u00e9micos\u00a0 NORMAS APA<\/p>\n","protected":false},"author":3998,"featured_media":0,"parent":0,"menu_order":0,"comment_status":"closed","ping_status":"closed","template":"","meta":[],"acf":[],"_links":{"self":[{"href":"https:\/\/isp2-sfe.infd.edu.ar\/sitio\/wp-json\/wp\/v2\/pages\/2039"}],"collection":[{"href":"https:\/\/isp2-sfe.infd.edu.ar\/sitio\/wp-json\/wp\/v2\/pages"}],"about":[{"href":"https:\/\/isp2-sfe.infd.edu.ar\/sitio\/wp-json\/wp\/v2\/types\/page"}],"author":[{"embeddable":true,"href":"https:\/\/isp2-sfe.infd.edu.ar\/sitio\/wp-json\/wp\/v2\/users\/3998"}],"replies":[{"embeddable":true,"href":"https:\/\/isp2-sfe.infd.edu.ar\/sitio\/wp-json\/wp\/v2\/comments?post=2039"}],"version-history":[{"count":11,"href":"https:\/\/isp2-sfe.infd.edu.ar\/sitio\/wp-json\/wp\/v2\/pages\/2039\/revisions"}],"predecessor-version":[{"id":5426,"href":"https:\/\/isp2-sfe.infd.edu.ar\/sitio\/wp-json\/wp\/v2\/pages\/2039\/revisions\/5426"}],"wp:attachment":[{"href":"https:\/\/isp2-sfe.infd.edu.ar\/sitio\/wp-json\/wp\/v2\/media?parent=2039"}],"curies":[{"name":"wp","href":"https:\/\/api.w.org\/{rel}","templated":true}]}}