{"id":2037,"date":"2018-08-31T16:50:32","date_gmt":"2018-08-31T19:50:32","guid":{"rendered":"https:\/\/isp2-sfe.infd.edu.ar\/sitio\/adscripciones\/"},"modified":"2023-06-26T17:57:13","modified_gmt":"2023-06-26T20:57:13","slug":"adscripciones","status":"publish","type":"page","link":"https:\/\/isp2-sfe.infd.edu.ar\/sitio\/adscripciones\/","title":{"rendered":"Adscripciones"},"content":{"rendered":"<p><strong><em><u>Decreto N\u00ba 4199\/15 \u201cReglamento Acad\u00e9mico Marco\u201d (RAM).<\/u><\/em><\/strong><\/p>\n<p><strong><em><u>Cap\u00edtulo 2: \u201cDe las Adscripciones\u201d<\/u><\/em><\/strong><\/p>\n<p><strong><u>Art.66\u00ba<\/u><\/strong>: Los IES podr\u00e1n ofrecer el cursado de Adscripciones a los graduados en Instituciones de Nivel Superior, sean o no egresados de su propia instituci\u00f3n, en las distintas Unidades Curriculares para las cuales tiene competencias su titulaci\u00f3n.<\/p>\n<p><strong><u>Art 67\u00ba:<\/u><\/strong> Los IES definir\u00e1n en sus respectivos RAI la reglamentaci\u00f3n espec\u00edfica del R\u00e9gimen de Adscripciones.<\/p>\n<p>Los adscriptos tendr\u00e1n las siguientes obligaciones (extra\u00eddo del art 130\u00ba del ROI)<\/p>\n<p><strong>a-<\/strong>Asistir durante 2 a\u00f1os a un m\u00ednimo del 50%de las clases dictadas por el Profesor.<\/p>\n<ol>\n<li>Actuar como ayudante honorario de Trabajos Pr\u00e1cticos<\/li>\n<li>Realizar las tareas que le encomienda el Profesor de la materia quien se encargar\u00e1 de supervisarla en forma directa<\/li>\n<li>Presentar al finalizar el 1\u00ba a\u00f1o y antes del 1\u00ba de marzo del a\u00f1o siguiente un informe escrito sobre los trabajos realizados. El Profesor de la unidad curricular se expedir\u00e1 acerca del mismo antes del 1\u00ba de abril y la aprobaci\u00f3n correspondiente ser\u00e1 indispensable para que el aspirante pueda continuar la adscripci\u00f3n.<\/li>\n<li>Elaborar en el 2\u00ba a\u00f1o un trabajo escrito sobre un tema de la unidad curricular, que ser\u00e1 entregado antes del 1\u00ba de junio del curso siguiente al de la finalizaci\u00f3n de la adscripci\u00f3n. Dicho trabajo ser\u00e1 evaluado por la comisi\u00f3n mencionada en el art\u00edculo 68\u00ba (RAM)<\/li>\n<\/ol>\n<p>&nbsp;<\/p>\n<p><strong><u>Art 68\u00ba<\/u><\/strong>: La solicitud de Adscripci\u00f3n ser\u00e1 evaluada por una comisi\u00f3n integrada por un miembro del equipo directivo, el jefe de Secci\u00f3n\/coordinador del \u00e1rea y el profesor de La Unidad curricular , quienes deber\u00e1n elaborar un Acta fundamentando la aceptaci\u00f3n o rechazo de la misma.<\/p>\n<p><strong><u>Art69\u00ba:<\/u><\/strong> Las Adscripciones tendr\u00e1n una duraci\u00f3n m\u00ednima de dos a\u00f1os debiendo finalizar con la presentaci\u00f3n de un trabajo final escrito.<\/p>\n<p><strong><u>Art70\u00ba:<\/u><\/strong> El profesor Adscripto no podr\u00e1 hacerse cargo de la Unidad curricular ante la ausencia del docente a cargo del mismo.<\/p>\n<p><strong><u>Art72\u00ba <\/u><\/strong>La actividad desarrollada por el adscripto en relaci\u00f3n a su rol ,no constituir\u00e1 en absoluto v\u00ednculo laboral alguno entre \u00e9ste y la Instituci\u00f3n, el Ministerio de Educaci\u00f3n de la provincia de Santa Fe y\/o Entidad Patronal.<\/p>\n<p><strong>Los requisitos son los siguientes<\/strong>:<\/p>\n<p>\u2013 Poseer el t\u00edtulo de nivel terciario y\/o superior cuyos estudios incluyan esa asignatura como espec\u00edfica.<\/p>\n<p>\u2013 Haber presentado su solicitud de adscripci\u00f3n a la Direcci\u00f3n, en el lapso comprendido entre el 1 al\u00a0\u00a0 31 de marzo.<\/p>\n<p><strong>Documentaci\u00f3n necesaria<\/strong>:<\/p>\n<p>\u2013 Fotocopia del Certificado de Estudios<\/p>\n<p>\u2013 Completar el Formulario espec\u00edfico<\/p>\n<p>\u2013 Certificado de aptitud f\u00edsica<\/p>\n<p>\u2013 Certificado de antig\u00fcedad docente<\/p>\n<p>&nbsp;<\/p>\n<p><span style=\"font-size: 14pt;\"><img decoding=\"async\" title=\"gif- flecha roja\" src=\"https:\/\/isp2-sfe.infd.edu.ar\/sitio\/wp-content\/uploads\/2018\/08\/arow016.gif\" alt=\"gif- flecha roja\" border=\"0\" \/><span style=\"font-size: 12pt;\">\u00a0Para descargar el <span style=\"font-family: 'book antiqua', palatino;\" data-mce-mark=\"1\"><strong>Formulario Espec\u00edfico<\/strong><\/span>, requerido para concretar la inscripci\u00f3n con el fin de realizar una adscripci\u00f3n, hacer click <a href=\"https:\/\/isp2-sfe.infd.edu.ar\/sitio\/wp-content\/uploads\/2020\/02\/Formulario_adscripciones.pdf\">aqu\u00ed<\/a><\/span><\/span><\/p>\n<p><span style=\"font-size: 12pt;\">\u00a0<\/span><\/p>\n<p>&nbsp;<\/p>\n","protected":false},"excerpt":{"rendered":"<p>Decreto N\u00ba 4199\/15 \u201cReglamento Acad\u00e9mico Marco\u201d (RAM). Cap\u00edtulo 2: \u201cDe las Adscripciones\u201d Art.66\u00ba: Los IES podr\u00e1n ofrecer el cursado de Adscripciones a los graduados en Instituciones de Nivel Superior, sean o no egresados de su propia instituci\u00f3n, en las distintas Unidades Curriculares para las cuales tiene competencias su titulaci\u00f3n. Art 67\u00ba: Los IES definir\u00e1n en &#8230; <a title=\"Adscripciones\" class=\"read-more\" href=\"https:\/\/isp2-sfe.infd.edu.ar\/sitio\/adscripciones\/\" aria-label=\"More on Adscripciones\">[+]<\/a><\/p>\n","protected":false},"author":3998,"featured_media":0,"parent":0,"menu_order":0,"comment_status":"closed","ping_status":"closed","template":"","meta":[],"acf":[],"_links":{"self":[{"href":"https:\/\/isp2-sfe.infd.edu.ar\/sitio\/wp-json\/wp\/v2\/pages\/2037"}],"collection":[{"href":"https:\/\/isp2-sfe.infd.edu.ar\/sitio\/wp-json\/wp\/v2\/pages"}],"about":[{"href":"https:\/\/isp2-sfe.infd.edu.ar\/sitio\/wp-json\/wp\/v2\/types\/page"}],"author":[{"embeddable":true,"href":"https:\/\/isp2-sfe.infd.edu.ar\/sitio\/wp-json\/wp\/v2\/users\/3998"}],"replies":[{"embeddable":true,"href":"https:\/\/isp2-sfe.infd.edu.ar\/sitio\/wp-json\/wp\/v2\/comments?post=2037"}],"version-history":[{"count":5,"href":"https:\/\/isp2-sfe.infd.edu.ar\/sitio\/wp-json\/wp\/v2\/pages\/2037\/revisions"}],"predecessor-version":[{"id":2556,"href":"https:\/\/isp2-sfe.infd.edu.ar\/sitio\/wp-json\/wp\/v2\/pages\/2037\/revisions\/2556"}],"wp:attachment":[{"href":"https:\/\/isp2-sfe.infd.edu.ar\/sitio\/wp-json\/wp\/v2\/media?parent=2037"}],"curies":[{"name":"wp","href":"https:\/\/api.w.org\/{rel}","templated":true}]}}