{"id":2035,"date":"2018-08-31T16:50:31","date_gmt":"2018-08-31T19:50:31","guid":{"rendered":"https:\/\/isp2-sfe.infd.edu.ar\/sitio\/historia-3\/"},"modified":"2025-03-06T09:51:56","modified_gmt":"2025-03-06T12:51:56","slug":"historia-3","status":"publish","type":"page","link":"https:\/\/isp2-sfe.infd.edu.ar\/sitio\/historia-3\/","title":{"rendered":"Historia de la Biblioteca"},"content":{"rendered":"<p><img decoding=\"async\" loading=\"lazy\" class=\"size-full wp-image-2719 aligncenter\" src=\"https:\/\/isp2-sfe.infd.edu.ar\/sitio\/wp-content\/uploads\/2020\/10\/logo-biblioteca.png\" alt=\"\" width=\"209\" height=\"209\" \/><\/p>\n<p><span style=\"color: #808080;\">En sus comienzos el Instituto se vali\u00f3 de la Biblioteca Popular Almafuerte que funcionaba en el edificio de la hoy ex Escuela Normal.<\/span><\/p>\n<p><span style=\"color: #808080;\">El cargo de \u00a0Bibliotecario del Instituto Superior del Profesorado N\u00ba2 reci\u00e9n fue creado el 10 de mayo de 1977.<\/span><\/p>\n<p><span style=\"color: #808080;\">Cuando comenz\u00f3 a funcionar contaba con tan s\u00f3lo 75 obras discriminadas de la siguiente manera:<\/span><\/p>\n<p><span style=\"color: #808080;\">-Obras Generales: 2<\/span><\/p>\n<p><span style=\"color: #808080;\">&#8211; Filosof\u00eda y Psicolog\u00eda: 12<\/span><\/p>\n<p><span style=\"color: #808080;\">&#8211; Ciencias Sociales: 30<\/span><\/p>\n<p><span style=\"color: #808080;\">&#8211; Ciencias Puras: 12<\/span><\/p>\n<p><span style=\"color: #808080;\">&#8211; Literatura: 15<\/span><\/p>\n<p><span style=\"color: #808080;\">&#8211; Historia y Geograf\u00eda: 3<\/span><\/p>\n<p><span style=\"color: #808080;\">En la actualidad la biblioteca est\u00e1 a cargo de:<\/span><\/p>\n<p><span style=\"color: #808080;\">Bib. In\u00e9s Neiff<\/span><\/p>\n<p><span style=\"color: #808080;\">Lic. Fabiana Jaime<\/span><\/p>\n<p><span style=\"color: #808080;\">Este espacio se encuentra abierto de 8 a 22<\/span><\/p>\n","protected":false},"excerpt":{"rendered":"<p>En sus comienzos el Instituto se vali\u00f3 de la Biblioteca Popular Almafuerte que funcionaba en el edificio de la hoy ex Escuela Normal. El cargo de \u00a0Bibliotecario del Instituto Superior del Profesorado N\u00ba2 reci\u00e9n fue creado el 10 de mayo de 1977. Cuando comenz\u00f3 a funcionar contaba con tan s\u00f3lo 75 obras discriminadas de la &#8230; <a title=\"Historia de la Biblioteca\" class=\"read-more\" href=\"https:\/\/isp2-sfe.infd.edu.ar\/sitio\/historia-3\/\" aria-label=\"More on Historia de la Biblioteca\">[+]<\/a><\/p>\n","protected":false},"author":3998,"featured_media":0,"parent":0,"menu_order":0,"comment_status":"closed","ping_status":"closed","template":"","meta":[],"acf":[],"_links":{"self":[{"href":"https:\/\/isp2-sfe.infd.edu.ar\/sitio\/wp-json\/wp\/v2\/pages\/2035"}],"collection":[{"href":"https:\/\/isp2-sfe.infd.edu.ar\/sitio\/wp-json\/wp\/v2\/pages"}],"about":[{"href":"https:\/\/isp2-sfe.infd.edu.ar\/sitio\/wp-json\/wp\/v2\/types\/page"}],"author":[{"embeddable":true,"href":"https:\/\/isp2-sfe.infd.edu.ar\/sitio\/wp-json\/wp\/v2\/users\/3998"}],"replies":[{"embeddable":true,"href":"https:\/\/isp2-sfe.infd.edu.ar\/sitio\/wp-json\/wp\/v2\/comments?post=2035"}],"version-history":[{"count":2,"href":"https:\/\/isp2-sfe.infd.edu.ar\/sitio\/wp-json\/wp\/v2\/pages\/2035\/revisions"}],"predecessor-version":[{"id":5654,"href":"https:\/\/isp2-sfe.infd.edu.ar\/sitio\/wp-json\/wp\/v2\/pages\/2035\/revisions\/5654"}],"wp:attachment":[{"href":"https:\/\/isp2-sfe.infd.edu.ar\/sitio\/wp-json\/wp\/v2\/media?parent=2035"}],"curies":[{"name":"wp","href":"https:\/\/api.w.org\/{rel}","templated":true}]}}