{"id":2030,"date":"2018-08-31T16:50:29","date_gmt":"2018-08-31T19:50:29","guid":{"rendered":"https:\/\/isp2-sfe.infd.edu.ar\/sitio\/auxiliares-docentes\/"},"modified":"2023-06-26T17:57:13","modified_gmt":"2023-06-26T20:57:13","slug":"auxiliares-docentes","status":"publish","type":"page","link":"https:\/\/isp2-sfe.infd.edu.ar\/sitio\/auxiliares-docentes\/","title":{"rendered":"Auxiliares Docentes"},"content":{"rendered":"<p style=\"text-align: center;\"><span style=\"text-decoration: underline; color: #808080;\"><strong><span style=\"font-size: 12pt; font-family: 'book antiqua', palatino;\">Servicio de Mantenimiento<\/span><\/strong><\/span><\/p>\n<p>&nbsp;<\/p>\n<div>Estela Migliore<\/div>\n<div>\n<p>Letizia Yacobe<\/p>\n<p>Isabel Pav\u00f3n<\/p>\n<p>Ana Sottaz<\/p>\n<p>Elena Aimo<\/p>\n<p>Teresita Spesot<\/p>\n<p>Mar\u00eda Laura Zarabia<\/p>\n<p>&nbsp;<\/p>\n<p><strong>Mantenimiento:<\/strong><\/p>\n<p>M\u00f3nica Morales<\/p>\n<p>Diego Alejandro Bress\u00e1n<\/p>\n<p>Hugo Dar\u00edo Pautasso<\/p>\n<\/div>\n","protected":false},"excerpt":{"rendered":"<p>Servicio de Mantenimiento &nbsp; Estela Migliore Letizia Yacobe Isabel Pav\u00f3n Ana Sottaz Elena Aimo Teresita Spesot Mar\u00eda Laura Zarabia &nbsp; Mantenimiento: M\u00f3nica Morales Diego Alejandro Bress\u00e1n Hugo Dar\u00edo Pautasso<\/p>\n","protected":false},"author":3998,"featured_media":0,"parent":0,"menu_order":0,"comment_status":"closed","ping_status":"closed","template":"","meta":[],"acf":[],"_links":{"self":[{"href":"https:\/\/isp2-sfe.infd.edu.ar\/sitio\/wp-json\/wp\/v2\/pages\/2030"}],"collection":[{"href":"https:\/\/isp2-sfe.infd.edu.ar\/sitio\/wp-json\/wp\/v2\/pages"}],"about":[{"href":"https:\/\/isp2-sfe.infd.edu.ar\/sitio\/wp-json\/wp\/v2\/types\/page"}],"author":[{"embeddable":true,"href":"https:\/\/isp2-sfe.infd.edu.ar\/sitio\/wp-json\/wp\/v2\/users\/3998"}],"replies":[{"embeddable":true,"href":"https:\/\/isp2-sfe.infd.edu.ar\/sitio\/wp-json\/wp\/v2\/comments?post=2030"}],"version-history":[{"count":1,"href":"https:\/\/isp2-sfe.infd.edu.ar\/sitio\/wp-json\/wp\/v2\/pages\/2030\/revisions"}],"predecessor-version":[{"id":2192,"href":"https:\/\/isp2-sfe.infd.edu.ar\/sitio\/wp-json\/wp\/v2\/pages\/2030\/revisions\/2192"}],"wp:attachment":[{"href":"https:\/\/isp2-sfe.infd.edu.ar\/sitio\/wp-json\/wp\/v2\/media?parent=2030"}],"curies":[{"name":"wp","href":"https:\/\/api.w.org\/{rel}","templated":true}]}}