{"id":2026,"date":"2018-08-31T16:50:28","date_gmt":"2018-08-31T19:50:28","guid":{"rendered":"https:\/\/isp2-sfe.infd.edu.ar\/sitio\/area-administrativa\/"},"modified":"2025-06-06T22:26:46","modified_gmt":"2025-06-07T01:26:46","slug":"area-administrativa","status":"publish","type":"page","link":"https:\/\/isp2-sfe.infd.edu.ar\/sitio\/area-administrativa\/","title":{"rendered":"\u00c1rea Administrativa"},"content":{"rendered":"<p style=\"text-align: left;\"><span style=\"text-decoration: underline; color: #808080; font-family: 'book antiqua', palatino; font-size: 12pt;\"><strong>Secretar\u00eda<\/strong><\/span><\/p>\n<p><strong>Secretario<\/strong>: Erica Piccoli<strong> \/<\/strong>\u00a0E-mail: <a href=\"mailto:secretaria@isp2rafaela.edu.ar\">secretariaisp2@gmail.com<\/a><\/p>\n<p><strong>Prosecretaria<\/strong>: <strong>Rafael Soto<\/strong><strong> \/<\/strong>\u00a0E-mail: <a href=\"mailto:prosecretariaisp2@gmail.com\">prosecretariaisp2@gmail.com<\/a><\/p>\n<p><strong>Prosecretaria<\/strong>: Fernanda Antonela Andereggen \/ E-mail: <a href=\"prosecretariaisp2@gmail.com\">prosecretariaisp2@gmail.com<\/a><\/p>\n<p style=\"text-align: left;\"><span style=\"text-decoration: underline; color: #808080; font-family: 'book antiqua', palatino; font-size: 12pt;\"><strong>Departamento de Alumnos<\/strong><\/span><\/p>\n<p><strong><em>Prosecretaria &#8211; <\/em><\/strong>Andrea Lacroix<\/p>\n<p><strong><em>Prosecretario \u00a0&#8211;\u00a0<\/em><\/strong>Pablo Seffino<\/p>\n<p><strong><em>Prosecretaria<\/em><\/strong>\u00a0\u2013 Vanina Ag\u00fa<\/p>\n<p><strong><em>Prosecretaria<\/em><\/strong> \u2013 Silvia Giulioni<\/p>\n<p style=\"text-align: left;\"><span style=\"text-decoration: underline; color: #808080; font-family: 'book antiqua', palatino; font-size: 12pt;\"><strong>Laboratorio<\/strong><\/span><\/p>\n<h5><span style=\"color: #333333;\"><span style=\"font-size: 10pt;\"><strong>Laboratorio de Inform\u00e1tica:<\/strong> Marcelo Ardusso<\/span><\/span><\/h5>\n<p><span style=\"color: #333333;\"><span style=\"font-size: 10pt;\">\u00a0\u00a0\u00a0\u00a0\u00a0\u00a0\u00a0\u00a0\u00a0\u00a0\u00a0\u00a0\u00a0\u00a0\u00a0\u00a0\u00a0\u00a0\u00a0\u00a0\u00a0\u00a0\u00a0\u00a0\u00a0\u00a0\u00a0\u00a0\u00a0\u00a0\u00a0\u00a0\u00a0\u00a0\u00a0\u00a0\u00a0\u00a0 \u00a0 Leonardo Abeill\u00e9 <\/span><\/span><\/p>\n<p><span style=\"color: #333333;\"><span style=\"font-size: 10pt;\">E-mail: isp2rafaela@gmail.com<br \/>\n<\/span><\/span><\/p>\n<p><span style=\"color: #333333;\"><span style=\"font-size: 10pt;\"><strong>Laboratorio de Cs. Biol\u00f3gicas:<\/strong> Andrea Lacroix<br \/>\n<\/span><\/span><\/p>\n<p style=\"text-align: left;\"><span style=\"text-decoration: underline; color: #808080;\"><strong><span style=\"font-family: 'book antiqua', palatino; font-size: 12pt;\">Biblioteca<\/span><\/strong><\/span><\/p>\n<p>In\u00e9s Neiff<\/p>\n<p>Fabiana Jaime<\/p>\n<p><span style=\"font-size: 8pt;\"><span style=\"font-size: 10pt;\">*<\/span> Para conocer funcionamiento del servicio ver: Reglamento de la Biblioteca<\/span><\/p>\n<p style=\"text-align: left;\"><span style=\"text-decoration: underline; color: #808080;\"><strong><span style=\"font-size: 12pt; font-family: 'book antiqua', palatino;\">P\u00e1gina Web<\/span><\/strong><\/span><\/p>\n<p><span style=\"font-size: 10pt;\">Responsable: Sala de Inform\u00e1tica (<span style=\"color: #333333;\"><span style=\"font-size: 10pt;\">isp2rafaela@gmail.com<\/span><\/span>)<br \/>\n<\/span><\/p>\n","protected":false},"excerpt":{"rendered":"<p>Secretar\u00eda Secretario: Erica Piccoli \/\u00a0E-mail: secretariaisp2@gmail.com Prosecretaria: Rafael Soto \/\u00a0E-mail: prosecretariaisp2@gmail.com Prosecretaria: Fernanda Antonela Andereggen \/ E-mail: prosecretariaisp2@gmail.com Departamento de Alumnos Prosecretaria &#8211; Andrea Lacroix Prosecretario \u00a0&#8211;\u00a0Pablo Seffino Prosecretaria\u00a0\u2013 Vanina Ag\u00fa Prosecretaria \u2013 Silvia Giulioni Laboratorio Laboratorio de Inform\u00e1tica: Marcelo Ardusso \u00a0\u00a0\u00a0\u00a0\u00a0\u00a0\u00a0\u00a0\u00a0\u00a0\u00a0\u00a0\u00a0\u00a0\u00a0\u00a0\u00a0\u00a0\u00a0\u00a0\u00a0\u00a0\u00a0\u00a0\u00a0\u00a0\u00a0\u00a0\u00a0\u00a0\u00a0\u00a0\u00a0\u00a0\u00a0\u00a0\u00a0\u00a0 \u00a0 Leonardo Abeill\u00e9 E-mail: isp2rafaela@gmail.com Laboratorio de Cs. Biol\u00f3gicas: Andrea Lacroix Biblioteca In\u00e9s &#8230; <a title=\"\u00c1rea Administrativa\" class=\"read-more\" href=\"https:\/\/isp2-sfe.infd.edu.ar\/sitio\/area-administrativa\/\" aria-label=\"More on \u00c1rea Administrativa\">[+]<\/a><\/p>\n","protected":false},"author":3998,"featured_media":0,"parent":0,"menu_order":0,"comment_status":"closed","ping_status":"closed","template":"","meta":[],"acf":[],"_links":{"self":[{"href":"https:\/\/isp2-sfe.infd.edu.ar\/sitio\/wp-json\/wp\/v2\/pages\/2026"}],"collection":[{"href":"https:\/\/isp2-sfe.infd.edu.ar\/sitio\/wp-json\/wp\/v2\/pages"}],"about":[{"href":"https:\/\/isp2-sfe.infd.edu.ar\/sitio\/wp-json\/wp\/v2\/types\/page"}],"author":[{"embeddable":true,"href":"https:\/\/isp2-sfe.infd.edu.ar\/sitio\/wp-json\/wp\/v2\/users\/3998"}],"replies":[{"embeddable":true,"href":"https:\/\/isp2-sfe.infd.edu.ar\/sitio\/wp-json\/wp\/v2\/comments?post=2026"}],"version-history":[{"count":8,"href":"https:\/\/isp2-sfe.infd.edu.ar\/sitio\/wp-json\/wp\/v2\/pages\/2026\/revisions"}],"predecessor-version":[{"id":6081,"href":"https:\/\/isp2-sfe.infd.edu.ar\/sitio\/wp-json\/wp\/v2\/pages\/2026\/revisions\/6081"}],"wp:attachment":[{"href":"https:\/\/isp2-sfe.infd.edu.ar\/sitio\/wp-json\/wp\/v2\/media?parent=2026"}],"curies":[{"name":"wp","href":"https:\/\/api.w.org\/{rel}","templated":true}]}}