{"id":2022,"date":"2018-08-31T16:50:26","date_gmt":"2018-08-31T19:50:26","guid":{"rendered":"https:\/\/isp2-sfe.infd.edu.ar\/sitio\/escuela-preparatoria-de-idioma-extranjero\/"},"modified":"2024-11-26T11:31:57","modified_gmt":"2024-11-26T14:31:57","slug":"escuela-preparatoria-de-idioma-extranjero","status":"publish","type":"page","link":"https:\/\/isp2-sfe.infd.edu.ar\/sitio\/escuela-preparatoria-de-idioma-extranjero\/","title":{"rendered":"Escuela Preparatoria de Idioma Extranjero"},"content":{"rendered":"<h2><span style=\"font-size: 12pt; font-family: arial, helvetica, sans-serif;\"><span style=\"color: #674ea7;\"><span style=\"text-decoration: underline;\"><img decoding=\"async\" loading=\"lazy\" style=\"border: 0;\" title=\"prepa\" src=\"https:\/\/isp2-sfe.infd.edu.ar\/sitio\/wp-content\/uploads\/2018\/08\/prepa.jpg\" alt=\"prepa\" width=\"150\" height=\"150\" border=\"0\" \/><\/span><\/span><\/span><\/h2>\n<div id=\"sites-chrome-page-wrapper-inside\">\n<div><span style=\"font-size: 12pt;\">La escuela preparatoria de Idioma Extranjero: Ingl\u00e9s, funciona en el edificio de la Escuela Mitre, en la esquina de Av Suipacha y 12 de octubre. Rafaela<\/span><\/div>\n<div><span style=\"font-size: 12pt;\">Para m\u00e1s informaci\u00f3n, pod\u00e9s acceder a la p\u00e1gina de la escuela preparatoria:<br \/><a href=\"https:\/\/sites.google.com\/view\/escuelapreparatoriarafaelaisp2\/p%C3%A1gina-principal\">https:\/\/sites.google.com\/view\/escuelapreparatoriarafaelaisp2\/<\/a><\/span><\/div>\n<\/div>\n<div>\u00a0<\/div>\n<div>Instagram: <a href=\"https:\/\/www.instagram.com\/prepschoolrafaela?igsh=bm5oM3VlcXE2Mnpj\">@prepschoolrafaela<\/a><\/div>\n\n\n<p><\/p>\n","protected":false},"excerpt":{"rendered":"<p>La escuela preparatoria de Idioma Extranjero: Ingl\u00e9s, funciona en el edificio de la Escuela Mitre, en la esquina de Av Suipacha y 12 de octubre. Rafaela Para m\u00e1s informaci\u00f3n, pod\u00e9s acceder a la p\u00e1gina de la escuela preparatoria:https:\/\/sites.google.com\/view\/escuelapreparatoriarafaelaisp2\/ \u00a0 Instagram: @prepschoolrafaela<\/p>\n","protected":false},"author":3998,"featured_media":0,"parent":0,"menu_order":0,"comment_status":"closed","ping_status":"closed","template":"","meta":[],"acf":[],"_links":{"self":[{"href":"https:\/\/isp2-sfe.infd.edu.ar\/sitio\/wp-json\/wp\/v2\/pages\/2022"}],"collection":[{"href":"https:\/\/isp2-sfe.infd.edu.ar\/sitio\/wp-json\/wp\/v2\/pages"}],"about":[{"href":"https:\/\/isp2-sfe.infd.edu.ar\/sitio\/wp-json\/wp\/v2\/types\/page"}],"author":[{"embeddable":true,"href":"https:\/\/isp2-sfe.infd.edu.ar\/sitio\/wp-json\/wp\/v2\/users\/3998"}],"replies":[{"embeddable":true,"href":"https:\/\/isp2-sfe.infd.edu.ar\/sitio\/wp-json\/wp\/v2\/comments?post=2022"}],"version-history":[{"count":3,"href":"https:\/\/isp2-sfe.infd.edu.ar\/sitio\/wp-json\/wp\/v2\/pages\/2022\/revisions"}],"predecessor-version":[{"id":5559,"href":"https:\/\/isp2-sfe.infd.edu.ar\/sitio\/wp-json\/wp\/v2\/pages\/2022\/revisions\/5559"}],"wp:attachment":[{"href":"https:\/\/isp2-sfe.infd.edu.ar\/sitio\/wp-json\/wp\/v2\/media?parent=2022"}],"curies":[{"name":"wp","href":"https:\/\/api.w.org\/{rel}","templated":true}]}}