{"id":2016,"date":"2021-08-13T13:50:00","date_gmt":"2021-08-13T16:50:00","guid":{"rendered":"https:\/\/isp2-sfe.infd.edu.ar\/sitio\/homologacion-de-asignaturas\/"},"modified":"2026-04-01T11:11:05","modified_gmt":"2026-04-01T14:11:05","slug":"homologacion-de-asignaturas","status":"publish","type":"page","link":"https:\/\/isp2-sfe.infd.edu.ar\/sitio\/homologacion-de-asignaturas\/","title":{"rendered":"Homologaci\u00f3n de Asignaturas"},"content":{"rendered":"<h2 style=\"text-align: center;\"><strong>Homologaci\u00f3n de asignaturas<\/strong><\/h2>\n<h4 style=\"text-align: center;\"><strong>\u00a0<\/strong><\/h4>\n<p>Solicitud de homologaci\u00f3n: del 13 al 24 de abril de 2026.\u00a0<\/p>\n<p>Presentarse en Dpto. de Alumnos de 16 a 20 hs. junto con la planilla correspondiente impresa (DIRECTA O NO DIRECTA).<\/p>\n<p><u>Documentaci\u00f3n adjunta<\/u>:<\/p>\n<ul>\n<li>Certificado de aprobaci\u00f3n de la asignatura (autenticada)<\/li>\n<li>Fotocopia autenticada del Plan respectivo con especificaci\u00f3n de la bibliograf\u00eda.<\/li>\n<\/ul>\n<h2>\u00a0<\/h2>\n<h4 style=\"text-align: left;\"><a href=\"https:\/\/isp2-sfe.infd.edu.ar\/sitio\/wp-content\/uploads\/2024\/08\/Solicitud-de-homologacion-2024.pdf\" target=\"_blank\" rel=\"noopener\"><span style=\"color: #3366ff;\">Link para descargar planilla de homologaci\u00f3n NO directa<\/span><\/a><\/h4>\n<h4><a href=\"https:\/\/isp2-sfe.infd.edu.ar\/sitio\/wp-content\/uploads\/2024\/08\/Solicitud-de-homologacion-directa-2024.pdf\" target=\"_blank\" rel=\"noopener\"><span style=\"color: #008000;\">Link para descargar planilla de homologaci\u00f3n DIRECTA<\/span><\/a><\/h4>\n<h4 style=\"text-align: justify;\"><a href=\"https:\/\/isp2-sfe.infd.edu.ar\/sitio\/wp-content\/uploads\/2023\/04\/materias_FG-1.pdf\" target=\"_blank\" rel=\"noopener\"><span style=\"color: #008000;\">Listado de asignaturas de homologaci\u00f3n DIRECTA<\/span><\/a><\/h4>\n\n\n<p><\/p>\n\n\n\n<p><\/p>\n","protected":false},"excerpt":{"rendered":"<p>Homologaci\u00f3n de asignaturas \u00a0 Solicitud de homologaci\u00f3n: del 13 al 24 de abril de 2026.\u00a0 Presentarse en Dpto. de Alumnos de 16 a 20 hs. junto con la planilla correspondiente impresa (DIRECTA O NO DIRECTA). Documentaci\u00f3n adjunta: Certificado de aprobaci\u00f3n de la asignatura (autenticada) Fotocopia autenticada del Plan respectivo con especificaci\u00f3n de la bibliograf\u00eda. \u00a0 &#8230; <a title=\"Homologaci\u00f3n de Asignaturas\" class=\"read-more\" href=\"https:\/\/isp2-sfe.infd.edu.ar\/sitio\/homologacion-de-asignaturas\/\" aria-label=\"More on Homologaci\u00f3n de Asignaturas\">[+]<\/a><\/p>\n","protected":false},"author":3998,"featured_media":0,"parent":0,"menu_order":0,"comment_status":"closed","ping_status":"closed","template":"","meta":[],"acf":[],"_links":{"self":[{"href":"https:\/\/isp2-sfe.infd.edu.ar\/sitio\/wp-json\/wp\/v2\/pages\/2016"}],"collection":[{"href":"https:\/\/isp2-sfe.infd.edu.ar\/sitio\/wp-json\/wp\/v2\/pages"}],"about":[{"href":"https:\/\/isp2-sfe.infd.edu.ar\/sitio\/wp-json\/wp\/v2\/types\/page"}],"author":[{"embeddable":true,"href":"https:\/\/isp2-sfe.infd.edu.ar\/sitio\/wp-json\/wp\/v2\/users\/3998"}],"replies":[{"embeddable":true,"href":"https:\/\/isp2-sfe.infd.edu.ar\/sitio\/wp-json\/wp\/v2\/comments?post=2016"}],"version-history":[{"count":25,"href":"https:\/\/isp2-sfe.infd.edu.ar\/sitio\/wp-json\/wp\/v2\/pages\/2016\/revisions"}],"predecessor-version":[{"id":7079,"href":"https:\/\/isp2-sfe.infd.edu.ar\/sitio\/wp-json\/wp\/v2\/pages\/2016\/revisions\/7079"}],"wp:attachment":[{"href":"https:\/\/isp2-sfe.infd.edu.ar\/sitio\/wp-json\/wp\/v2\/media?parent=2016"}],"curies":[{"name":"wp","href":"https:\/\/api.w.org\/{rel}","templated":true}]}}