{"id":2012,"date":"2018-08-31T16:50:22","date_gmt":"2018-08-31T19:50:22","guid":{"rendered":"https:\/\/isp2-sfe.infd.edu.ar\/sitio\/reglamento-interno-de-la-biblioteca\/"},"modified":"2025-03-28T19:16:38","modified_gmt":"2025-03-28T22:16:38","slug":"reglamento-interno-de-la-biblioteca","status":"publish","type":"page","link":"https:\/\/isp2-sfe.infd.edu.ar\/sitio\/reglamento-interno-de-la-biblioteca\/","title":{"rendered":"Reglamento Interno de la Biblioteca"},"content":{"rendered":"<p>La Biblioteca del ISP2 est\u00e1 abierta de 8 a 22<\/p>\n<p>Sus bibliotecarias son:<\/p>\n<p style=\"padding-left: 120px;\">Bib. In\u00e9s Neiff<\/p>\n<p style=\"padding-left: 120px;\">Lic. Fabiana Jaime<\/p>\n<p>Para conocer el reglamento interno de la Biblioteca hacer click<a href=\"https:\/\/isp2-sfe.infd.edu.ar\/sitio\/wp-content\/uploads\/2025\/03\/REGLAMENTO-INTERNO-BIBLIOTECA-2025.pdf\" target=\"_blank\" rel=\"noopener\"> aqu\u00ed<\/a><\/p>\n","protected":false},"excerpt":{"rendered":"<p>La Biblioteca del ISP2 est\u00e1 abierta de 8 a 22 Sus bibliotecarias son: Bib. In\u00e9s Neiff Lic. Fabiana Jaime Para conocer el reglamento interno de la Biblioteca hacer click aqu\u00ed<\/p>\n","protected":false},"author":3998,"featured_media":0,"parent":0,"menu_order":0,"comment_status":"closed","ping_status":"closed","template":"","meta":[],"acf":[],"_links":{"self":[{"href":"https:\/\/isp2-sfe.infd.edu.ar\/sitio\/wp-json\/wp\/v2\/pages\/2012"}],"collection":[{"href":"https:\/\/isp2-sfe.infd.edu.ar\/sitio\/wp-json\/wp\/v2\/pages"}],"about":[{"href":"https:\/\/isp2-sfe.infd.edu.ar\/sitio\/wp-json\/wp\/v2\/types\/page"}],"author":[{"embeddable":true,"href":"https:\/\/isp2-sfe.infd.edu.ar\/sitio\/wp-json\/wp\/v2\/users\/3998"}],"replies":[{"embeddable":true,"href":"https:\/\/isp2-sfe.infd.edu.ar\/sitio\/wp-json\/wp\/v2\/comments?post=2012"}],"version-history":[{"count":3,"href":"https:\/\/isp2-sfe.infd.edu.ar\/sitio\/wp-json\/wp\/v2\/pages\/2012\/revisions"}],"predecessor-version":[{"id":5699,"href":"https:\/\/isp2-sfe.infd.edu.ar\/sitio\/wp-json\/wp\/v2\/pages\/2012\/revisions\/5699"}],"wp:attachment":[{"href":"https:\/\/isp2-sfe.infd.edu.ar\/sitio\/wp-json\/wp\/v2\/media?parent=2012"}],"curies":[{"name":"wp","href":"https:\/\/api.w.org\/{rel}","templated":true}]}}