{"id":2002,"date":"2018-08-31T16:50:18","date_gmt":"2018-08-31T19:50:18","guid":{"rendered":"https:\/\/isp2-sfe.infd.edu.ar\/sitio\/carreras\/"},"modified":"2023-11-24T11:28:53","modified_gmt":"2023-11-24T14:28:53","slug":"carreras","status":"publish","type":"page","link":"https:\/\/isp2-sfe.infd.edu.ar\/sitio\/carreras\/","title":{"rendered":"Carreras"},"content":{"rendered":"<div>\n<div>\n<ul>\n<li>\n<h6><strong><span style=\"font-size: 10pt;\"><a title=\"carreras_biologia\" href=\"index.cgi?wid_item=159&amp;wid_seccion=30\">PROFESORADO DE EDUCACI\u00d3N SECUNDARIA EN BIOLOG\u00cdA<\/a><\/span><\/strong><\/h6>\n<\/li>\n<\/ul>\n<ul>\n<li>\n<h6><strong><span style=\"font-size: 10pt;\"><a title=\"carreras_lenguayliteratura\" href=\"index.cgi?wid_item=160&amp;wid_seccion=30\">PROFESORADO DE EDUCACI\u00d3N SECUNDARIA EN LENGUA y LITERATURA<\/a><\/span><\/strong><\/h6>\n<\/li>\n<\/ul>\n<ul>\n<li>\n<h6><strong><span style=\"font-size: 10pt;\"><a title=\"carreras_matematica\" href=\"index.cgi?wid_item=161&amp;wid_seccion=30\">PROFESORADO DE EDUCACI\u00d3N SECUNDARIA EN MATEM\u00c1TICA<\/a><\/span><\/strong><\/h6>\n<\/li>\n<\/ul>\n<ul>\n<li>\n<h6><strong><span style=\"font-size: 10pt;\"><a title=\"carreras_geografia\" href=\"index.cgi?wid_item=162&amp;wid_seccion=30\">PROFESORADO DE EDUCACI\u00d3N SECUNDARIA EN GEOGRAF\u00cdA<\/a><\/span><\/strong><\/h6>\n<\/li>\n<\/ul>\n<ul>\n<li>\n<h6><strong><span style=\"font-size: 10pt;\"><a title=\"carreras_ingles\" href=\"index.cgi?wid_item=163&amp;wid_seccion=30\">PROFESORADO DE EDUCACI\u00d3N SECUNDARIA EN INGL\u00c9S<\/a><\/span><\/strong><\/h6>\n<\/li>\n<\/ul>\n<ul>\n<li>\n<h6><strong><span style=\"font-size: 10pt;\"><a title=\"carreras_historia\" href=\"index.cgi?wid_item=164&amp;wid_seccion=30\">PROFESORADO DE EDUCACI\u00d3N SECUNDARIA EN HISTORIA<\/a>\u00a0<\/span><\/strong><\/h6>\n<\/li>\n<\/ul>\n<ul>\n<li>\n<h6><strong><span style=\"font-size: 10pt;\"><a title=\"carreras_cienciaseducacion\" href=\"index.cgi?wid_item=165&amp;wid_seccion=30\">PROFESORADO DE EDUCACI\u00d3N SUPERIOR EN CIENCIAS DE LA EDUCACI\u00d3N<\/a><\/span><\/strong><\/h6>\n<\/li>\n<\/ul>\n<ul>\n<li>\n<h6><strong><span style=\"font-size: 10pt;\"><a title=\"carreras_artesvisuales\" href=\"index.cgi?wid_item=166&amp;wid_seccion=30\">PROFESORADO DE ARTES VISUALES<\/a><\/span><\/strong><\/h6>\n<\/li>\n<\/ul>\n<ul>\n<li>\n<h6><strong><span style=\"font-size: 10pt;\"><a title=\"carreras_musica\" href=\"index.cgi?wid_item=168&amp;wid_seccion=30\">PROFESORADO DE M\u00daSICA<\/a><\/span><\/strong><\/h6>\n<\/li>\n<\/ul>\n<ul>\n<li>\n<h6><strong><span style=\"font-size: 10pt;\"><a title=\"carreras_inicial\" href=\"index.cgi?wid_item=169&amp;wid_seccion=30\">PROFESORADO DE EDUCACI\u00d3N INICIAL<\/a><\/span><\/strong><\/h6>\n<\/li>\n<\/ul>\n<ul>\n<li>\n<h6><strong><span style=\"font-size: 10pt;\"><a title=\"carreras_primaria\" href=\"index.cgi?wid_item=170&amp;wid_seccion=30\">PROFESORADO DE EDUCACI\u00d3N PRIMARIA<\/a><\/span><\/strong><\/h6>\n<\/li>\n<\/ul>\n<ul>\n<li>\n<h6><strong><span style=\"font-size: 10pt;\"><a title=\"carreras_especial\" href=\"index.cgi?wid_item=171&amp;wid_seccion=30\">PROFESORADO DE EDUCACI\u00d3N ESPECIAL EN DISCAPACITADOS INTELECTUALES<\/a><\/span><\/strong><\/h6>\n<\/li>\n<li>\n<h6><a href=\"https:\/\/isp2-sfe.infd.edu.ar\/sitio\/profesorado-de-educacion-secundaria-en-fisica\/\"><strong>PROFESORADO DE EDUCACI\u00d3N SECUNDARIA EN F\u00cdSICA<\/strong><\/a><\/h6>\n<\/li>\n<li>\n<h6><strong>PROFESORADO DE EDUCACI\u00d3N SECUNDARIA EN CIENCIAS DE LA ADMINISTRACI\u00d3N<\/strong><\/h6>\n<\/li>\n<\/ul>\n<\/div>\n<\/div>\n","protected":false},"excerpt":{"rendered":"<p>PROFESORADO DE EDUCACI\u00d3N SECUNDARIA EN BIOLOG\u00cdA PROFESORADO DE EDUCACI\u00d3N SECUNDARIA EN LENGUA y LITERATURA PROFESORADO DE EDUCACI\u00d3N SECUNDARIA EN MATEM\u00c1TICA PROFESORADO DE EDUCACI\u00d3N SECUNDARIA EN GEOGRAF\u00cdA PROFESORADO DE EDUCACI\u00d3N SECUNDARIA EN INGL\u00c9S PROFESORADO DE EDUCACI\u00d3N SECUNDARIA EN HISTORIA\u00a0 PROFESORADO DE EDUCACI\u00d3N SUPERIOR EN CIENCIAS DE LA EDUCACI\u00d3N PROFESORADO DE ARTES VISUALES PROFESORADO DE M\u00daSICA PROFESORADO &#8230; <a title=\"Carreras\" class=\"read-more\" href=\"https:\/\/isp2-sfe.infd.edu.ar\/sitio\/carreras\/\" aria-label=\"More on Carreras\">[+]<\/a><\/p>\n","protected":false},"author":3998,"featured_media":0,"parent":0,"menu_order":0,"comment_status":"closed","ping_status":"closed","template":"","meta":[],"acf":[],"_links":{"self":[{"href":"https:\/\/isp2-sfe.infd.edu.ar\/sitio\/wp-json\/wp\/v2\/pages\/2002"}],"collection":[{"href":"https:\/\/isp2-sfe.infd.edu.ar\/sitio\/wp-json\/wp\/v2\/pages"}],"about":[{"href":"https:\/\/isp2-sfe.infd.edu.ar\/sitio\/wp-json\/wp\/v2\/types\/page"}],"author":[{"embeddable":true,"href":"https:\/\/isp2-sfe.infd.edu.ar\/sitio\/wp-json\/wp\/v2\/users\/3998"}],"replies":[{"embeddable":true,"href":"https:\/\/isp2-sfe.infd.edu.ar\/sitio\/wp-json\/wp\/v2\/comments?post=2002"}],"version-history":[{"count":6,"href":"https:\/\/isp2-sfe.infd.edu.ar\/sitio\/wp-json\/wp\/v2\/pages\/2002\/revisions"}],"predecessor-version":[{"id":4737,"href":"https:\/\/isp2-sfe.infd.edu.ar\/sitio\/wp-json\/wp\/v2\/pages\/2002\/revisions\/4737"}],"wp:attachment":[{"href":"https:\/\/isp2-sfe.infd.edu.ar\/sitio\/wp-json\/wp\/v2\/media?parent=2002"}],"curies":[{"name":"wp","href":"https:\/\/api.w.org\/{rel}","templated":true}]}}