{"id":1998,"date":"2021-04-29T15:50:17","date_gmt":"2021-04-29T18:50:17","guid":{"rendered":"https:\/\/isp2-sfe.infd.edu.ar\/sitio\/correlatividades\/"},"modified":"2024-09-16T10:26:48","modified_gmt":"2024-09-16T13:26:48","slug":"correlatividades","status":"publish","type":"page","link":"https:\/\/isp2-sfe.infd.edu.ar\/sitio\/correlatividades\/","title":{"rendered":"Correlatividades"},"content":{"rendered":"<h2><strong>R\u00e9gimen de correlatividades<br \/>\n<\/strong><\/h2>\n<p><a href=\"https:\/\/isp2-sfe.infd.edu.ar\/sitio\/wp-content\/uploads\/2021\/04\/Biolog\u00eda-Plan-Nuevo.pdf\">PROFESORADO DE EDUCACI\u00d3N SECUNDARIA EN BIOLOG\u00cdA<\/a><\/p>\n<p><a href=\"https:\/\/isp2-sfe.infd.edu.ar\/sitio\/wp-content\/uploads\/2021\/04\/Biolog\u00eda-Plan-Viejo.pdf\">PROFESORADO DE EDUCACI\u00d3N SECUNDARIA EN BIOLOG\u00cdA (plan viejo)<\/a><\/p>\n<p><a href=\"https:\/\/isp2-sfe.infd.edu.ar\/sitio\/wp-content\/uploads\/2021\/04\/Lengua-Plan-Nuevo.pdf\">PROFESORADO DE EDUCACI\u00d3N SECUNDARIA EN LENGUA y LITERATURA<\/a><\/p>\n<p><a href=\"https:\/\/isp2-sfe.infd.edu.ar\/sitio\/wp-content\/uploads\/2021\/04\/Lengua-Plan-Viejo.pdf\">PROFESORADO DE EDUCACI\u00d3N SECUNDARIA EN LENGUA y LITERATURA (plan viejo)<\/a><\/p>\n<p><a href=\"https:\/\/isp2-sfe.infd.edu.ar\/sitio\/wp-content\/uploads\/2021\/04\/Matem\u00e1tica-Plan-Nuevo.pdf\">PROFESORADO DE EDUCACI\u00d3N SECUNDARIA EN MATEM\u00c1TICA<\/a><\/p>\n<p><a href=\"https:\/\/isp2-sfe.infd.edu.ar\/sitio\/wp-content\/uploads\/2021\/04\/Matem\u00e1tica-Plan-Viejo.pdf\">PROFESORADO DE EDUCACI\u00d3N SECUNDARIA EN MATEM\u00c1TICA (plan viejo)<\/a><\/p>\n<p><a href=\"https:\/\/isp2-sfe.infd.edu.ar\/sitio\/wp-content\/uploads\/2021\/04\/Geograf\u00eda-Plan-Nuevo.pdf\">PROFESORADO DE EDUCACI\u00d3N SECUNDARIA EN GEOGRAF\u00cdA<\/a><\/p>\n<p><a href=\"https:\/\/isp2-sfe.infd.edu.ar\/sitio\/wp-content\/uploads\/2021\/04\/Geograf\u00eda-Plan-Viejo.pdf\">PROFESORADO DE EDUCACI\u00d3N SECUNDARIA EN GEOGRAF\u00cdA (plan viejo)<\/a><\/p>\n<p><a href=\"https:\/\/isp2-sfe.infd.edu.ar\/sitio\/wp-content\/uploads\/2021\/04\/Ingles.pdf\">PROFESORADO DE EDUCACI\u00d3N SECUNDARIA EN INGL\u00c9S<\/a><\/p>\n<p><a href=\"https:\/\/isp2-sfe.infd.edu.ar\/sitio\/wp-content\/uploads\/2021\/04\/Historia-Plan-Nuevo.pdf\">PROFESORADO DE EDUCACI\u00d3N SECUNDARIA EN HISTORIA<\/a><\/p>\n<p><a href=\"https:\/\/isp2-sfe.infd.edu.ar\/sitio\/wp-content\/uploads\/2021\/04\/Historia-Plan-Viejo.pdf\">PROFESORADO DE EDUCACI\u00d3N SECUNDARIA EN HISTORIA (plan viejo)<\/a><\/p>\n<p><a href=\"https:\/\/isp2-sfe.infd.edu.ar\/sitio\/wp-content\/uploads\/2023\/07\/Correlatividades-plan-nuevo-CS-EDUC.pdf\" target=\"_blank\" rel=\"noopener\">PROFESORADO DE EDUCACI\u00d3N SUPERIOR EN CIENCIAS DE LA EDUCACI\u00d3N<\/a><\/p>\n<p><a href=\"https:\/\/isp2-sfe.infd.edu.ar\/sitio\/wp-content\/uploads\/2021\/04\/Ciencias-de-la-Educaci\u00f3n.pdf\">PROFESORADO DE EDUCACI\u00d3N SUPERIOR EN CIENCIAS DE LA EDUCACI\u00d3N (plan viejo)<\/a><\/p>\n<p><a href=\"https:\/\/isp2-sfe.infd.edu.ar\/sitio\/wp-content\/uploads\/2021\/04\/Artes-Visuales-Plan-Nuevo.pdf\">PROFESORADO DE ARTES EN ARTES VISUALES<\/a><\/p>\n<p><a href=\"https:\/\/isp2-sfe.infd.edu.ar\/sitio\/wp-content\/uploads\/2021\/04\/Artes-Visuales-Plan-Viejo.pdf\">PROFESORADO DE ARTES EN ARTES VISUALES (plan viejo)<\/a><\/p>\n<p><a href=\"https:\/\/isp2-sfe.infd.edu.ar\/sitio\/wp-content\/uploads\/2021\/04\/M\u00fasica-Plan-Nuevo.pdf\">PROFESORADO DE ARTES EN M\u00daSICA<\/a><\/p>\n<p><a href=\"https:\/\/isp2-sfe.infd.edu.ar\/sitio\/wp-content\/uploads\/2021\/04\/M\u00fasica-Plan-Viejo.pdf\">PROFESORADO DE ARTES EN M\u00daSICA (plan viejo)<\/a><\/p>\n<p><a href=\"https:\/\/isp2-sfe.infd.edu.ar\/sitio\/wp-content\/uploads\/2021\/04\/Inicial.pdf\">PROFESORADO DE EDUCACI\u00d3N INICIAL<\/a><\/p>\n<p><a href=\"https:\/\/isp2-sfe.infd.edu.ar\/sitio\/wp-content\/uploads\/2021\/04\/Primaria.pdf\">PROFESORADO DE EDUCACI\u00d3N PRIMARIA<\/a><\/p>\n<p><a href=\"https:\/\/isp2-sfe.infd.edu.ar\/sitio\/wp-content\/uploads\/2021\/04\/Especial.pdf\">PROFESORADO DE EDUCACI\u00d3N ESPECIAL EN DISCAPACITADOS INTELECTUALES<\/a><\/p>\n<p><a href=\"https:\/\/isp2-sfe.infd.edu.ar\/sitio\/wp-content\/uploads\/2024\/09\/Fisica-Plan-2090-15_correlatividades_cursado_rendir.pdf\">PROFESORADO DE EDUCACI\u00d3N SECUNDARIA EN FISICA<\/a><\/p>\n","protected":false},"excerpt":{"rendered":"<p>R\u00e9gimen de correlatividades PROFESORADO DE EDUCACI\u00d3N SECUNDARIA EN BIOLOG\u00cdA PROFESORADO DE EDUCACI\u00d3N SECUNDARIA EN BIOLOG\u00cdA (plan viejo) PROFESORADO DE EDUCACI\u00d3N SECUNDARIA EN LENGUA y LITERATURA PROFESORADO DE EDUCACI\u00d3N SECUNDARIA EN LENGUA y LITERATURA (plan viejo) PROFESORADO DE EDUCACI\u00d3N SECUNDARIA EN MATEM\u00c1TICA PROFESORADO DE EDUCACI\u00d3N SECUNDARIA EN MATEM\u00c1TICA (plan viejo) PROFESORADO DE EDUCACI\u00d3N SECUNDARIA EN GEOGRAF\u00cdA &#8230; <a title=\"Correlatividades\" class=\"read-more\" href=\"https:\/\/isp2-sfe.infd.edu.ar\/sitio\/correlatividades\/\" aria-label=\"More on Correlatividades\">[+]<\/a><\/p>\n","protected":false},"author":3998,"featured_media":0,"parent":0,"menu_order":0,"comment_status":"closed","ping_status":"closed","template":"","meta":[],"acf":[],"_links":{"self":[{"href":"https:\/\/isp2-sfe.infd.edu.ar\/sitio\/wp-json\/wp\/v2\/pages\/1998"}],"collection":[{"href":"https:\/\/isp2-sfe.infd.edu.ar\/sitio\/wp-json\/wp\/v2\/pages"}],"about":[{"href":"https:\/\/isp2-sfe.infd.edu.ar\/sitio\/wp-json\/wp\/v2\/types\/page"}],"author":[{"embeddable":true,"href":"https:\/\/isp2-sfe.infd.edu.ar\/sitio\/wp-json\/wp\/v2\/users\/3998"}],"replies":[{"embeddable":true,"href":"https:\/\/isp2-sfe.infd.edu.ar\/sitio\/wp-json\/wp\/v2\/comments?post=1998"}],"version-history":[{"count":6,"href":"https:\/\/isp2-sfe.infd.edu.ar\/sitio\/wp-json\/wp\/v2\/pages\/1998\/revisions"}],"predecessor-version":[{"id":5390,"href":"https:\/\/isp2-sfe.infd.edu.ar\/sitio\/wp-json\/wp\/v2\/pages\/1998\/revisions\/5390"}],"wp:attachment":[{"href":"https:\/\/isp2-sfe.infd.edu.ar\/sitio\/wp-json\/wp\/v2\/media?parent=1998"}],"curies":[{"name":"wp","href":"https:\/\/api.w.org\/{rel}","templated":true}]}}